{"id":1913,"date":"2025-09-09T16:14:40","date_gmt":"2025-09-09T16:14:40","guid":{"rendered":"https:\/\/www.muzejsarajeva.ba\/?page_id=1913"},"modified":"2026-01-29T11:33:11","modified_gmt":"2026-01-29T11:33:11","slug":"muzejski-propisi","status":"publish","type":"page","link":"https:\/\/www.muzejsarajeva.ba\/en\/muzejski-propisi\/","title":{"rendered":"General Regulations"},"content":{"rendered":"<div class=\"wpb-content-wrapper\"><div class=\"vc_row wpb_row vc_row-fluid bg-image-ps-inherit\"><div class=\"wpb_column vc_column_container vc_col-sm-12\"><div class=\"vc_column-inner\"><div class=\"wpb_wrapper\"><div class=\"vc_tta-container\" data-vc-action=\"collapse\"><div class=\"vc_general vc_tta vc_tta-accordion vc_tta-style-default vc_tta-o-shape-group\"><div class=\"vc_tta-panels-container\"><div class=\"vc_tta-panels\"><div class=\"vc_tta-panel vc_active\" id=\"1757433528556-54a40166-4b74\" data-vc-content=\".vc_tta-panel-body\"><div class=\"vc_tta-panel-heading\"><h4 class=\"vc_tta-panel-title\"><a href=\"#1757433528556-54a40166-4b74\" data-vc-accordion data-vc-container=\".vc_tta-container\"><span class=\"vc_tta-title-text\">Odluka o davanju saglasnosti na odluku o izmjeni pravila JU ''Muzej Sarajeva''<\/span><\/a><\/h4><\/div><div class=\"vc_tta-panel-body\"><div class=\"ct-button-wrapper align-left align-left-md align-left-sm align-left-xs  wpb_animate_when_almost_visible wpb_fadeInUp fadeInUp\">\n\n    <a  href=\"https:\/\/www.muzejsarajeva.ba\/wp-content\/uploads\/2026\/01\/Izmjene-Pravila-JU-Muzej-Sarajeva.pdf\" target=\"_blank\" class=\"btn  btn-default size-default\">\n        <span>download<\/span>\n            <\/a>\n\n<\/div><\/div><\/div><div class=\"vc_tta-panel\" id=\"1769686212388-e27f1fd4-0081\" data-vc-content=\".vc_tta-panel-body\"><div class=\"vc_tta-panel-heading\"><h4 class=\"vc_tta-panel-title\"><a href=\"#1769686212388-e27f1fd4-0081\" data-vc-accordion data-vc-container=\".vc_tta-container\"><span class=\"vc_tta-title-text\">Odluka o utvr\u0111ivanju obrasca registra Muzeja<\/span><\/a><\/h4><\/div><div class=\"vc_tta-panel-body\"><div class=\"ct-button-wrapper align-left align-left-md align-left-sm align-left-xs  wpb_animate_when_almost_visible wpb_fadeInUp fadeInUp\">\n\n    <a  href=\"https:\/\/www.muzejsarajeva.ba\/wp-content\/uploads\/2025\/09\/Odluka-o-utvrdjivanju-obrasca-registra-muzeja.pdf\" target=\"_blank\" class=\"btn  btn-default size-default\">\n        <span>download<\/span>\n            <\/a>\n\n<\/div><\/div><\/div><div class=\"vc_tta-panel\" id=\"1757434620222-f6c8c993-fc91\" data-vc-content=\".vc_tta-panel-body\"><div class=\"vc_tta-panel-heading\"><h4 class=\"vc_tta-panel-title\"><a href=\"#1757434620222-f6c8c993-fc91\" data-vc-accordion data-vc-container=\".vc_tta-container\"><span class=\"vc_tta-title-text\">Pravilnik o bli\u017eim uslovima za za\u0161titu muzejskog materijala i muzejske dokumentacije<\/span><\/a><\/h4><\/div><div class=\"vc_tta-panel-body\"><div class=\"ct-button-wrapper align-left align-left-md align-left-sm align-left-xs  wpb_animate_when_almost_visible wpb_fadeInUp fadeInUp\">\n\n    <a  href=\"https:\/\/www.muzejsarajeva.ba\/wp-content\/uploads\/2025\/09\/Pravilnik-o-blizim-uslovima-za-zastitu-muzejskog-materijala-i-muzejske-dokumentacije1.pdf\" target=\"_blank\" class=\"btn  btn-default size-default\">\n        <span>download<\/span>\n            <\/a>\n\n<\/div><\/div><\/div><div class=\"vc_tta-panel\" id=\"1757434869720-d813e279-ca8c\" data-vc-content=\".vc_tta-panel-body\"><div class=\"vc_tta-panel-heading\"><h4 class=\"vc_tta-panel-title\"><a href=\"#1757434869720-d813e279-ca8c\" data-vc-accordion data-vc-container=\".vc_tta-container\"><span class=\"vc_tta-title-text\">Pravilnik o evidentiranju i na\u010dinu \u010duvanja zapisa o nematerijalnom kulturnom naslije\u0111u<\/span><\/a><\/h4><\/div><div class=\"vc_tta-panel-body\"><div class=\"ct-button-wrapper align-left align-left-md align-left-sm align-left-xs  wpb_animate_when_almost_visible wpb_fadeInUp fadeInUp\">\n\n    <a  href=\"https:\/\/www.muzejsarajeva.ba\/wp-content\/uploads\/2025\/09\/Pravilnik-o-evidentiranju-i-nacinu-cuvanja-zapisa-o-nematerijalnom-kulturnom_naslijedu.pdf\" target=\"_blank\" class=\"btn  btn-default size-default\">\n        <span>download<\/span>\n            <\/a>\n\n<\/div><\/div><\/div><div class=\"vc_tta-panel\" id=\"1757435039751-48ed59ef-1f74\" data-vc-content=\".vc_tta-panel-body\"><div class=\"vc_tta-panel-heading\"><h4 class=\"vc_tta-panel-title\"><a href=\"#1757435039751-48ed59ef-1f74\" data-vc-accordion data-vc-container=\".vc_tta-container\"><span class=\"vc_tta-title-text\">Pravilnik o na\u010dinu, postupku i rokovima revizije muzejskog materijala<\/span><\/a><\/h4><\/div><div class=\"vc_tta-panel-body\"><div class=\"ct-button-wrapper align-left align-left-md align-left-sm align-left-xs  wpb_animate_when_almost_visible wpb_fadeInUp fadeInUp\">\n\n    <a  href=\"https:\/\/www.muzejsarajeva.ba\/wp-content\/uploads\/2025\/09\/Pravilnik-o-nacinu-postupku-i-rokovima-revizije-muzejskog-materijal.pdf\" target=\"_blank\" class=\"btn  btn-default size-default\">\n        <span>download<\/span>\n            <\/a>\n\n<\/div><\/div><\/div><div class=\"vc_tta-panel\" id=\"1757435111341-4576b73c-e92f\" data-vc-content=\".vc_tta-panel-body\"><div class=\"vc_tta-panel-heading\"><h4 class=\"vc_tta-panel-title\"><a href=\"#1757435111341-4576b73c-e92f\" data-vc-accordion data-vc-container=\".vc_tta-container\"><span class=\"vc_tta-title-text\">Pravilnik o normativima i standardima za muzejsku djelatnost<\/span><\/a><\/h4><\/div><div class=\"vc_tta-panel-body\"><div class=\"ct-button-wrapper align-left align-left-md align-left-sm align-left-xs  wpb_animate_when_almost_visible wpb_fadeInUp fadeInUp\">\n\n    <a  href=\"https:\/\/www.muzejsarajeva.ba\/wp-content\/uploads\/2025\/09\/Pravilnik-o-normativima-i-standardima-za-muzejsku-djelatnost.pdf\" target=\"_blank\" class=\"btn  btn-default size-default\">\n        <span>download<\/span>\n            <\/a>\n\n<\/div><\/div><\/div><div class=\"vc_tta-panel\" id=\"1757435185180-445854d9-46d4\" data-vc-content=\".vc_tta-panel-body\"><div class=\"vc_tta-panel-heading\"><h4 class=\"vc_tta-panel-title\"><a href=\"#1757435185180-445854d9-46d4\" data-vc-accordion data-vc-container=\".vc_tta-container\"><span class=\"vc_tta-title-text\">Pravilnik o postupku za predlaganje, utvr\u0111ivanje i progla\u0161enje nematerijalnog kulturnog dobra<\/span><\/a><\/h4><\/div><div class=\"vc_tta-panel-body\"><div class=\"ct-button-wrapper align-left align-left-md align-left-sm align-left-xs  wpb_animate_when_almost_visible wpb_fadeInUp fadeInUp\">\n\n    <a  href=\"https:\/\/www.muzejsarajeva.ba\/wp-content\/uploads\/2025\/09\/Pravilnik-o-postupku-za-predlaganje-utvrdivanje-i-proglasenje-nematerijalnog-kulturnog-dobra.pdf\" target=\"_blank\" class=\"btn  btn-default size-default\">\n        <span>download<\/span>\n            <\/a>\n\n<\/div><\/div><\/div><div class=\"vc_tta-panel\" id=\"1757435409052-85700c07-dc58\" data-vc-content=\".vc_tta-panel-body\"><div class=\"vc_tta-panel-heading\"><h4 class=\"vc_tta-panel-title\"><a href=\"#1757435409052-85700c07-dc58\" data-vc-accordion data-vc-container=\".vc_tta-container\"><span class=\"vc_tta-title-text\">Pravilnik o sadr\u017eaju i na\u010dinu vo\u0111enja registra muzeja<\/span><\/a><\/h4><\/div><div class=\"vc_tta-panel-body\"><div class=\"ct-button-wrapper align-left align-left-md align-left-sm align-left-xs  wpb_animate_when_almost_visible wpb_fadeInUp fadeInUp\">\n\n    <a  href=\"https:\/\/www.muzejsarajeva.ba\/wp-content\/uploads\/2025\/09\/Pravilnik-o-sadrzaju-i-nacinu-vodenja-registra-muzeja.pdf\" target=\"_blank\" class=\"btn  btn-default size-default\">\n        <span>download<\/span>\n            <\/a>\n\n<\/div><\/div><\/div><div class=\"vc_tta-panel\" id=\"1757435510366-21a8f20a-d873\" data-vc-content=\".vc_tta-panel-body\"><div class=\"vc_tta-panel-heading\"><h4 class=\"vc_tta-panel-title\"><a href=\"#1757435510366-21a8f20a-d873\" data-vc-accordion data-vc-container=\".vc_tta-container\"><span class=\"vc_tta-title-text\">Pravilnik o sadr\u017eaju i na\u010dinu vo\u0111enja muzejskih evidencija<\/span><\/a><\/h4><\/div><div class=\"vc_tta-panel-body\"><div class=\"ct-button-wrapper align-left align-left-md align-left-sm align-left-xs  wpb_animate_when_almost_visible wpb_fadeInUp fadeInUp\">\n\n    <a  href=\"https:\/\/www.muzejsarajeva.ba\/wp-content\/uploads\/2025\/09\/Pravilnik-o-sadrzaju-i-nacinu-vodjenja-muzejskih-evidencija.pdf\" target=\"_blank\" class=\"btn  btn-default size-default\">\n        <span>download<\/span>\n            <\/a>\n\n<\/div><\/div><\/div><div class=\"vc_tta-panel\" id=\"1757435586044-601e5243-05e9\" data-vc-content=\".vc_tta-panel-body\"><div class=\"vc_tta-panel-heading\"><h4 class=\"vc_tta-panel-title\"><a href=\"#1757435586044-601e5243-05e9\" data-vc-accordion data-vc-container=\".vc_tta-container\"><span class=\"vc_tta-title-text\">Pravilnik o uslovima za osnivanje i rad muzeja muzejskih zbirki muzejskih izlo\u017ebi i galerija<\/span><\/a><\/h4><\/div><div class=\"vc_tta-panel-body\"><div class=\"ct-button-wrapper align-left align-left-md align-left-sm align-left-xs  wpb_animate_when_almost_visible wpb_fadeInUp fadeInUp\">\n\n    <a  href=\"https:\/\/www.muzejsarajeva.ba\/wp-content\/uploads\/2025\/09\/Pravilnik-o-uslovima-za-osnivanje-i-rad-muzeja-muzejskih-zbirki-muzejskih-izlozbi-i-galerija.pdf\" target=\"_blank\" class=\"btn  btn-default size-default\">\n        <span>download<\/span>\n            <\/a>\n\n<\/div><\/div><\/div><div class=\"vc_tta-panel\" id=\"1757440305877-1a2db258-88ff\" data-vc-content=\".vc_tta-panel-body\"><div class=\"vc_tta-panel-heading\"><h4 class=\"vc_tta-panel-title\"><a href=\"#1757440305877-1a2db258-88ff\" data-vc-accordion data-vc-container=\".vc_tta-container\"><span class=\"vc_tta-title-text\">Zakon o za\u0161titi kulturne ba\u0161tine<\/span><\/a><\/h4><\/div><div class=\"vc_tta-panel-body\"><div class=\"ct-button-wrapper align-left align-left-md align-left-sm align-left-xs  wpb_animate_when_almost_visible wpb_fadeInUp fadeInUp\">\n\n    <a  href=\"https:\/\/www.muzejsarajeva.ba\/wp-content\/uploads\/2025\/09\/Zakon-o-zastiti-kulturne-bastine_2_00.pdf\" target=\"_blank\" class=\"btn  btn-default size-default\">\n        <span>download<\/span>\n            <\/a>\n\n<\/div><\/div><\/div><div class=\"vc_tta-panel\" id=\"1757440908156-4424e60d-6f78\" data-vc-content=\".vc_tta-panel-body\"><div class=\"vc_tta-panel-heading\"><h4 class=\"vc_tta-panel-title\"><a href=\"#1757440908156-4424e60d-6f78\" data-vc-accordion data-vc-container=\".vc_tta-container\"><span class=\"vc_tta-title-text\">Ispravka odluke o preuzimanju prava osniva\u010da<\/span><\/a><\/h4><\/div><div class=\"vc_tta-panel-body\"><div class=\"ct-button-wrapper align-left align-left-md align-left-sm align-left-xs  wpb_animate_when_almost_visible wpb_fadeInUp fadeInUp\">\n\n    <a  href=\"https:\/\/www.muzejsarajeva.ba\/wp-content\/uploads\/2025\/09\/Ispravka-odluke-o-preuzimanju-prava-osnivaca-9-971.pdf\" target=\"_blank\" class=\"btn  btn-default size-default\">\n        <span>download<\/span>\n            <\/a>\n\n<\/div><\/div><\/div><div class=\"vc_tta-panel\" id=\"1757440857083-f1a5ee6a-361d\" data-vc-content=\".vc_tta-panel-body\"><div class=\"vc_tta-panel-heading\"><h4 class=\"vc_tta-panel-title\"><a href=\"#1757440857083-f1a5ee6a-361d\" data-vc-accordion data-vc-container=\".vc_tta-container\"><span class=\"vc_tta-title-text\">Izmjene Kolektivnog ugovora za djelatnost kulture u KS<\/span><\/a><\/h4><\/div><div class=\"vc_tta-panel-body\"><div class=\"ct-button-wrapper align-left align-left-md align-left-sm align-left-xs  wpb_animate_when_almost_visible wpb_fadeInUp fadeInUp\">\n\n    <a  href=\"\/wp-content\/uploads\/2025\/10\/Izmjene-Kolektivnog-ugovora-za-djelatnost-kulture-u-KS-Sl-novine-KS-br-12-24-od-28.-03.2024.pdf\" target=\"_blank\" class=\"btn  btn-default size-default\">\n        <span>download<\/span>\n            <\/a>\n\n<\/div><\/div><\/div><div class=\"vc_tta-panel\" id=\"1759435025135-ac600853-dbad\" data-vc-content=\".vc_tta-panel-body\"><div class=\"vc_tta-panel-heading\"><h4 class=\"vc_tta-panel-title\"><a href=\"#1759435025135-ac600853-dbad\" data-vc-accordion data-vc-container=\".vc_tta-container\"><span class=\"vc_tta-title-text\">Kolektivni ugovor za kulturu<\/span><\/a><\/h4><\/div><div class=\"vc_tta-panel-body\"><div class=\"ct-button-wrapper align-left align-left-md align-left-sm align-left-xs  wpb_animate_when_almost_visible wpb_fadeInUp fadeInUp\">\n\n    <a  href=\"\/wp-content\/uploads\/2025\/10\/Kolektivni-ugovor-za-djelatnost-kulture-KS.pdf\" target=\"_blank\" class=\"btn  btn-default size-default\">\n        <span>download<\/span>\n            <\/a>\n\n<\/div><\/div><\/div><div class=\"vc_tta-panel\" id=\"1757440915963-a3366ca5-ec4d\" data-vc-content=\".vc_tta-panel-body\"><div class=\"vc_tta-panel-heading\"><h4 class=\"vc_tta-panel-title\"><a href=\"#1757440915963-a3366ca5-ec4d\" data-vc-accordion data-vc-container=\".vc_tta-container\"><span class=\"vc_tta-title-text\">Odluka o preuzimanju prava osniva\u010da JU Muzej Sarajeva<\/span><\/a><\/h4><\/div><div class=\"vc_tta-panel-body\"><div class=\"ct-button-wrapper align-left align-left-md align-left-sm align-left-xs  wpb_animate_when_almost_visible wpb_fadeInUp fadeInUp\">\n\n    <a  href=\"https:\/\/www.muzejsarajeva.ba\/wp-content\/uploads\/2025\/09\/Odluka-o-preuzimanju-prava-osnivaca-ju-muzej-sarajeva_03_99_33_07_01_13.pdf\" target=\"_blank\" class=\"btn  btn-default size-default\">\n        <span>download<\/span>\n            <\/a>\n\n<\/div><\/div><\/div><div class=\"vc_tta-panel\" id=\"1757440966358-a8d26869-fb1b\" data-vc-content=\".vc_tta-panel-body\"><div class=\"vc_tta-panel-heading\"><h4 class=\"vc_tta-panel-title\"><a href=\"#1757440966358-a8d26869-fb1b\" data-vc-accordion data-vc-container=\".vc_tta-container\"><span class=\"vc_tta-title-text\">Uredba o postupku prijema u radni odnos u javnom sektoru na teritoriju KS<\/span><\/a><\/h4><\/div><div class=\"vc_tta-panel-body\"><div class=\"ct-button-wrapper align-left align-left-md align-left-sm align-left-xs  wpb_animate_when_almost_visible wpb_fadeInUp fadeInUp\">\n\n    <a  href=\"https:\/\/www.muzejsarajeva.ba\/wp-content\/uploads\/2025\/09\/Uredba-o-postupku-prijema-u-radni-odnos-u-javnom-sektoru-a-teritoriju-KS-Sl.-1921.pdf\" target=\"_blank\" class=\"btn  btn-default size-default\">\n        <span>download<\/span>\n            <\/a>\n\n<\/div><\/div><\/div><div class=\"vc_tta-panel\" id=\"1757441024489-f4c258bd-0622\" data-vc-content=\".vc_tta-panel-body\"><div class=\"vc_tta-panel-heading\"><h4 class=\"vc_tta-panel-title\"><a href=\"#1757441024489-f4c258bd-0622\" data-vc-accordion data-vc-container=\".vc_tta-container\"><span class=\"vc_tta-title-text\">Uredba sa zakonskom snagom o ustanovama<\/span><\/a><\/h4><\/div><div class=\"vc_tta-panel-body\"><div class=\"ct-button-wrapper align-left align-left-md align-left-sm align-left-xs  wpb_animate_when_almost_visible wpb_fadeInUp fadeInUp\">\n\n    <a  href=\"https:\/\/www.muzejsarajeva.ba\/wp-content\/uploads\/2025\/09\/Uredba-sa-zakonskom-snagom-o-ustanovama-2.doc\" target=\"_blank\" class=\"btn  btn-default size-default\">\n        <span>download<\/span>\n            <\/a>\n\n<\/div><\/div><\/div><div class=\"vc_tta-panel\" id=\"1757441071147-74b6d5e5-7e96\" data-vc-content=\".vc_tta-panel-body\"><div class=\"vc_tta-panel-heading\"><h4 class=\"vc_tta-panel-title\"><a href=\"#1757441071147-74b6d5e5-7e96\" data-vc-accordion data-vc-container=\".vc_tta-container\"><span class=\"vc_tta-title-text\">Ustav Kantona Sarajevo<\/span><\/a><\/h4><\/div><div class=\"vc_tta-panel-body\"><div class=\"ct-button-wrapper align-left align-left-md align-left-sm align-left-xs  wpb_animate_when_almost_visible wpb_fadeInUp fadeInUp\">\n\n    <a  href=\"https:\/\/www.muzejsarajeva.ba\/wp-content\/uploads\/2025\/09\/Ustav-Kantona-Sarajevo.pdf\" target=\"_blank\" class=\"btn  btn-default size-default\">\n        <span>download<\/span>\n            <\/a>\n\n<\/div><\/div><\/div><div class=\"vc_tta-panel\" id=\"1757441108827-06e55536-e96b\" data-vc-content=\".vc_tta-panel-body\"><div class=\"vc_tta-panel-heading\"><h4 class=\"vc_tta-panel-title\"><a href=\"#1757441108827-06e55536-e96b\" data-vc-accordion data-vc-container=\".vc_tta-container\"><span class=\"vc_tta-title-text\">Zakon o muzejskoj djelatnosti<\/span><\/a><\/h4><\/div><div class=\"vc_tta-panel-body\"><div class=\"ct-button-wrapper align-left align-left-md align-left-sm align-left-xs  wpb_animate_when_almost_visible wpb_fadeInUp fadeInUp\">\n\n    <a  href=\"https:\/\/www.muzejsarajeva.ba\/wp-content\/uploads\/2025\/09\/Zakon-o-muzejskoj-djelatnosti_13_17.pdf\" target=\"_blank\" class=\"btn  btn-default size-default\">\n        <span>download<\/span>\n            <\/a>\n\n<\/div><\/div><\/div><div class=\"vc_tta-panel\" id=\"1757441154428-7a3d0dbf-d38c\" data-vc-content=\".vc_tta-panel-body\"><div class=\"vc_tta-panel-heading\"><h4 class=\"vc_tta-panel-title\"><a href=\"#1757441154428-7a3d0dbf-d38c\" data-vc-accordion data-vc-container=\".vc_tta-container\"><span class=\"vc_tta-title-text\">Zakon o radu<\/span><\/a><\/h4><\/div><div class=\"vc_tta-panel-body\"><div class=\"ct-button-wrapper align-left align-left-md align-left-sm align-left-xs  wpb_animate_when_almost_visible wpb_fadeInUp fadeInUp\">\n\n    <a  href=\"https:\/\/www.muzejsarajeva.ba\/wp-content\/uploads\/2025\/09\/Zakon-o-radu-26-06-i-89_18.pdf\" target=\"_blank\" class=\"btn  btn-default size-default\">\n        <span>download<\/span>\n            <\/a>\n\n<\/div><\/div><\/div><\/div><\/div><\/div><\/div><\/div><\/div><\/div><\/div>\n<\/div>","protected":false},"excerpt":{"rendered":"Odluka o davanju saglasnosti na odluku o izmjeni pravila JU ''Muzej Sarajeva'' download Odluka o utvr\u0111ivanju obrasca registra Muzeja download Pravilnik o bli\u017eim uslovima za za\u0161titu muzejskog materijala i muzejske dokumentacije download Pravilnik o evidentiranju i na\u010dinu \u010duvanja zapisa o nematerijalnom kulturnom naslije\u0111u download Pravilnik o na\u010dinu, postupku i rokovima revizije muzejskog materijala download Pravilnik [...]","protected":false},"author":3,"featured_media":0,"parent":0,"menu_order":0,"comment_status":"closed","ping_status":"closed","template":"","meta":{"footnotes":""},"class_list":["post-1913","page","type-page","status-publish","hentry"],"_links":{"self":[{"href":"https:\/\/www.muzejsarajeva.ba\/en\/wp-json\/wp\/v2\/pages\/1913","targetHints":{"allow":["GET"]}}],"collection":[{"href":"https:\/\/www.muzejsarajeva.ba\/en\/wp-json\/wp\/v2\/pages"}],"about":[{"href":"https:\/\/www.muzejsarajeva.ba\/en\/wp-json\/wp\/v2\/types\/page"}],"author":[{"embeddable":true,"href":"https:\/\/www.muzejsarajeva.ba\/en\/wp-json\/wp\/v2\/users\/3"}],"replies":[{"embeddable":true,"href":"https:\/\/www.muzejsarajeva.ba\/en\/wp-json\/wp\/v2\/comments?post=1913"}],"version-history":[{"count":35,"href":"https:\/\/www.muzejsarajeva.ba\/en\/wp-json\/wp\/v2\/pages\/1913\/revisions"}],"predecessor-version":[{"id":5199,"href":"https:\/\/www.muzejsarajeva.ba\/en\/wp-json\/wp\/v2\/pages\/1913\/revisions\/5199"}],"wp:attachment":[{"href":"https:\/\/www.muzejsarajeva.ba\/en\/wp-json\/wp\/v2\/media?parent=1913"}],"curies":[{"name":"wp","href":"https:\/\/api.w.org\/{rel}","templated":true}]}}