{"id":1973,"date":"2025-09-09T18:12:30","date_gmt":"2025-09-09T18:12:30","guid":{"rendered":"https:\/\/www.muzejsarajeva.ba\/?page_id=1973"},"modified":"2026-04-15T10:33:27","modified_gmt":"2026-04-15T10:33:27","slug":"javne-nabavke","status":"publish","type":"page","link":"https:\/\/www.muzejsarajeva.ba\/en\/javne-nabavke\/","title":{"rendered":"Public Procurement"},"content":{"rendered":"<div class=\"wpb-content-wrapper\"><div class=\"vc_row wpb_row vc_row-fluid bg-image-ps-inherit\"><div class=\"wpb_column vc_column_container vc_col-sm-12\"><div class=\"vc_column-inner\"><div class=\"wpb_wrapper\"><div class=\"vc_tta-container\" data-vc-action=\"collapse\"><div class=\"vc_general vc_tta vc_tta-accordion vc_tta-style-default vc_tta-o-shape-group\"><div class=\"vc_tta-panels-container\"><div class=\"vc_tta-panels\"><div class=\"vc_tta-panel vc_active\" id=\"1776248996156-cf53018e-30b6\" data-vc-content=\".vc_tta-panel-body\"><div class=\"vc_tta-panel-heading\"><h4 class=\"vc_tta-panel-title\"><a href=\"#1776248996156-cf53018e-30b6\" data-vc-accordion data-vc-container=\".vc_tta-container\"><span class=\"vc_tta-title-text\">Odluka o prvim izmjenama i dopunama Plana javnih nabavki JU ''Muzej Sarajeva'' za 2026. godinu<\/span><\/a><\/h4><\/div><div class=\"vc_tta-panel-body\"><div class=\"ct-button-wrapper align-left align-left-md align-left-sm align-left-xs\">\n\n    <a  href=\"https:\/\/www.muzejsarajeva.ba\/wp-content\/uploads\/2026\/04\/Prve-izmjene-i-dopune-plana-javnih-nabavki.pdf\" target=\"_blank\" class=\"btn  btn-default size-default\">\n        <span>download<\/span>\n            <\/a>\n\n<\/div><\/div><\/div><div class=\"vc_tta-panel\" id=\"1769684044277-233d776d-2d8f\" data-vc-content=\".vc_tta-panel-body\"><div class=\"vc_tta-panel-heading\"><h4 class=\"vc_tta-panel-title\"><a href=\"#1769684044277-233d776d-2d8f\" data-vc-accordion data-vc-container=\".vc_tta-container\"><span class=\"vc_tta-title-text\">Plan javnih nabavki JU Muzej Sarajeva za 2026. godinu<\/span><\/a><\/h4><\/div><div class=\"vc_tta-panel-body\"><div class=\"ct-button-wrapper align-left align-left-md align-left-sm align-left-xs\">\n\n    <a  href=\"https:\/\/www.muzejsarajeva.ba\/en\/2026\/01\/29\/plan-javnih-nabavki-ju-muzej-sarajeva-za-2026-godinu\/\" target=\"_blank\" class=\"btn  btn-default size-default\">\n        <span>download<\/span>\n            <\/a>\n\n<\/div><\/div><\/div><div class=\"vc_tta-panel\" id=\"1757443081325-205d7dd9-9794\" data-vc-content=\".vc_tta-panel-body\"><div class=\"vc_tta-panel-heading\"><h4 class=\"vc_tta-panel-title\"><a href=\"#1757443081325-205d7dd9-9794\" data-vc-accordion data-vc-container=\".vc_tta-container\"><span class=\"vc_tta-title-text\">Obavje\u0161tenje o nepostojanju sukoba interesa<\/span><\/a><\/h4><\/div><div class=\"vc_tta-panel-body\"><div class=\"ct-button-wrapper align-left align-left-md align-left-sm align-left-xs  wpb_animate_when_almost_visible wpb_fadeInUp fadeInUp\">\n\n    <a  href=\"\/wp-content\/uploads\/2025\/10\/OBAVJESTENJE-O-NEPOSTOJANJU-SUKOBA-INTERESA.docx\" target=\"_blank\" class=\"btn  btn-default size-default\">\n        <span>download<\/span>\n            <\/a>\n\n<\/div><\/div><\/div><div class=\"vc_tta-panel\" id=\"1759436114265-56c95b74-dcc4\" data-vc-content=\".vc_tta-panel-body\"><div class=\"vc_tta-panel-heading\"><h4 class=\"vc_tta-panel-title\"><a href=\"#1759436114265-56c95b74-dcc4\" data-vc-accordion data-vc-container=\".vc_tta-container\"><span class=\"vc_tta-title-text\">Odluka o izboru najpovoljnijeg ponu\u0111a\u010da-usluge \u0161tampe<\/span><\/a><\/h4><\/div><div class=\"vc_tta-panel-body\"><div class=\"ct-button-wrapper align-left align-left-md align-left-sm align-left-xs  wpb_animate_when_almost_visible wpb_fadeInUp fadeInUp\">\n\n    <a  href=\"https:\/\/www.muzejsarajeva.ba\/wp-content\/uploads\/2025\/09\/Odluka-o-izboru-najpovoljnijeg-ponudaca-usluge-stampe.pdf\" target=\"_blank\" class=\"btn  btn-default size-default\">\n        <span>download<\/span>\n            <\/a>\n\n<\/div><\/div><\/div><div class=\"vc_tta-panel\" id=\"1757443818411-41775524-78db\" data-vc-content=\".vc_tta-panel-body\"><div class=\"vc_tta-panel-heading\"><h4 class=\"vc_tta-panel-title\"><a href=\"#1757443818411-41775524-78db\" data-vc-accordion data-vc-container=\".vc_tta-container\"><span class=\"vc_tta-title-text\">Odluka o izboru najpovoljnijeg ponu\u0111a\u010da-\u0161tampanje monografije<\/span><\/a><\/h4><\/div><div class=\"vc_tta-panel-body\"><div class=\"ct-button-wrapper align-left align-left-md align-left-sm align-left-xs  wpb_animate_when_almost_visible wpb_fadeInUp fadeInUp\">\n\n    <a  href=\"https:\/\/www.muzejsarajeva.ba\/wp-content\/uploads\/2025\/09\/Odluka-o-izboru-najpovoljnijeg-ponudaca-stampanje-monografije.pdf\" target=\"_blank\" class=\"btn  btn-default size-default\">\n        <span>download<\/span>\n            <\/a>\n\n<\/div><\/div><\/div><div class=\"vc_tta-panel\" id=\"1757443784628-001c8d5d-4878\" data-vc-content=\".vc_tta-panel-body\"><div class=\"vc_tta-panel-heading\"><h4 class=\"vc_tta-panel-title\"><a href=\"#1757443784628-001c8d5d-4878\" data-vc-accordion data-vc-container=\".vc_tta-container\"><span class=\"vc_tta-title-text\">DRUGE IZMJENE I DOPUNE PLANA JAVNIH NABAVKI<\/span><\/a><\/h4><\/div><div class=\"vc_tta-panel-body\"><div class=\"ct-button-wrapper align-left align-left-md align-left-sm align-left-xs  wpb_animate_when_almost_visible wpb_fadeInUp fadeInUp\">\n\n    <a  href=\"https:\/\/www.muzejsarajeva.ba\/wp-content\/uploads\/2025\/09\/DRUGE-IZMJENE-I-DOPUNE-PLANA-JAVNIH-NABAVKI.docx\" target=\"_blank\" class=\"btn  btn-default size-default\">\n        <span>download<\/span>\n            <\/a>\n\n<\/div><\/div><\/div><div class=\"vc_tta-panel\" id=\"1757443748071-b91d6f45-cd1e\" data-vc-content=\".vc_tta-panel-body\"><div class=\"vc_tta-panel-heading\"><h4 class=\"vc_tta-panel-title\"><a href=\"#1757443748071-b91d6f45-cd1e\" data-vc-accordion data-vc-container=\".vc_tta-container\"><span class=\"vc_tta-title-text\">Izmjene i dopune plana javnih nabavki za 2025.<\/span><\/a><\/h4><\/div><div class=\"vc_tta-panel-body\"><div class=\"ct-button-wrapper align-left align-left-md align-left-sm align-left-xs  wpb_animate_when_almost_visible wpb_fadeInUp fadeInUp\">\n\n    <a  href=\"https:\/\/www.muzejsarajeva.ba\/wp-content\/uploads\/2025\/09\/I-izmjene-i-dopune-PJN-2025.pdf\" target=\"_blank\" class=\"btn  btn-default size-default\">\n        <span>download<\/span>\n            <\/a>\n\n<\/div><\/div><\/div><div class=\"vc_tta-panel\" id=\"1757443698434-220d30ba-d133\" data-vc-content=\".vc_tta-panel-body\"><div class=\"vc_tta-panel-heading\"><h4 class=\"vc_tta-panel-title\"><a href=\"#1757443698434-220d30ba-d133\" data-vc-accordion data-vc-container=\".vc_tta-container\"><span class=\"vc_tta-title-text\">Plan javnih nabavki za 2025.<\/span><\/a><\/h4><\/div><div class=\"vc_tta-panel-body\"><div class=\"ct-button-wrapper align-left align-left-md align-left-sm align-left-xs  wpb_animate_when_almost_visible wpb_fadeInUp fadeInUp\">\n\n    <a  href=\"https:\/\/www.muzejsarajeva.ba\/wp-content\/uploads\/2025\/09\/PLAN-JN-2025.docx\" target=\"_blank\" class=\"btn  btn-default size-default\">\n        <span>download<\/span>\n            <\/a>\n\n<\/div><\/div><\/div><div class=\"vc_tta-panel\" id=\"1757443648781-575fb497-dcf4\" data-vc-content=\".vc_tta-panel-body\"><div class=\"vc_tta-panel-heading\"><h4 class=\"vc_tta-panel-title\"><a href=\"#1757443648781-575fb497-dcf4\" data-vc-accordion data-vc-container=\".vc_tta-container\"><span class=\"vc_tta-title-text\">Odluka o usvajanju Plana javnih nabavki za 2025.<\/span><\/a><\/h4><\/div><div class=\"vc_tta-panel-body\"><div class=\"ct-button-wrapper align-left align-left-md align-left-sm align-left-xs  wpb_animate_when_almost_visible wpb_fadeInUp fadeInUp\">\n\n    <a  href=\"https:\/\/www.muzejsarajeva.ba\/wp-content\/uploads\/2025\/09\/Odluka-o-usvajanju-Plana-javnih-nabavki-za-2025.pdf\" target=\"_blank\" class=\"btn  btn-default size-default\">\n        <span>download<\/span>\n            <\/a>\n\n<\/div><\/div><\/div><div class=\"vc_tta-panel\" id=\"1757443608699-fe182f75-f6ec\" data-vc-content=\".vc_tta-panel-body\"><div class=\"vc_tta-panel-heading\"><h4 class=\"vc_tta-panel-title\"><a href=\"#1757443608699-fe182f75-f6ec\" data-vc-accordion data-vc-container=\".vc_tta-container\"><span class=\"vc_tta-title-text\">Odluka o pokretanju postupka-\u0161tampanje monografije<\/span><\/a><\/h4><\/div><div class=\"vc_tta-panel-body\"><div class=\"ct-button-wrapper align-left align-left-md align-left-sm align-left-xs  wpb_animate_when_almost_visible wpb_fadeInUp fadeInUp\">\n\n    <a  href=\"https:\/\/www.muzejsarajeva.ba\/wp-content\/uploads\/2025\/09\/Odluka-o-pokretanju-postupka-stampanje-monografije.pdf\" target=\"_blank\" class=\"btn  btn-default size-default\">\n        <span>download<\/span>\n            <\/a>\n\n<\/div><\/div><\/div><div class=\"vc_tta-panel\" id=\"1757443568434-f2666745-b059\" data-vc-content=\".vc_tta-panel-body\"><div class=\"vc_tta-panel-heading\"><h4 class=\"vc_tta-panel-title\"><a href=\"#1757443568434-f2666745-b059\" data-vc-accordion data-vc-container=\".vc_tta-container\"><span class=\"vc_tta-title-text\">Pete izmjene i dopune Plana javnih nabavki za 2024. godinu<\/span><\/a><\/h4><\/div><div class=\"vc_tta-panel-body\"><div class=\"ct-button-wrapper align-left align-left-md align-left-sm align-left-xs  wpb_animate_when_almost_visible wpb_fadeInUp fadeInUp\">\n\n    <a  href=\"https:\/\/www.muzejsarajeva.ba\/wp-content\/uploads\/2025\/09\/Pete-izmjene-i-dopune-Plana-javnih-nabavki-za-2024.-godinu.pdf\" target=\"_blank\" class=\"btn  btn-default size-default\">\n        <span>download<\/span>\n            <\/a>\n\n<\/div><\/div><\/div><div class=\"vc_tta-panel\" id=\"1757443532300-e4f5474c-7766\" data-vc-content=\".vc_tta-panel-body\"><div class=\"vc_tta-panel-heading\"><h4 class=\"vc_tta-panel-title\"><a href=\"#1757443532300-e4f5474c-7766\" data-vc-accordion data-vc-container=\".vc_tta-container\"><span class=\"vc_tta-title-text\">\u010cetvrte izmjene i dopune Plana javnih nabavki za 2024. godinu<\/span><\/a><\/h4><\/div><div class=\"vc_tta-panel-body\"><div class=\"ct-button-wrapper align-left align-left-md align-left-sm align-left-xs  wpb_animate_when_almost_visible wpb_fadeInUp fadeInUp\">\n\n    <a  href=\"https:\/\/www.muzejsarajeva.ba\/wp-content\/uploads\/2025\/09\/Cetvrte-izmjene-i-dopune-Plana-javnih-nabavki-za-2024.-godinu.pdf\" target=\"_blank\" class=\"btn  btn-default size-default\">\n        <span>download<\/span>\n            <\/a>\n\n<\/div><\/div><\/div><div class=\"vc_tta-panel\" id=\"1757443495725-5c988de0-c6ec\" data-vc-content=\".vc_tta-panel-body\"><div class=\"vc_tta-panel-heading\"><h4 class=\"vc_tta-panel-title\"><a href=\"#1757443495725-5c988de0-c6ec\" data-vc-accordion data-vc-container=\".vc_tta-container\"><span class=\"vc_tta-title-text\">TRE\u0106E IZMJENE I DOPUNE PLANA JAVNIH NABAVKI ZA 2024. GODINU<\/span><\/a><\/h4><\/div><div class=\"vc_tta-panel-body\"><div class=\"ct-button-wrapper align-left align-left-md align-left-sm align-left-xs  wpb_animate_when_almost_visible wpb_fadeInUp fadeInUp\">\n\n    <a  href=\"https:\/\/www.muzejsarajeva.ba\/wp-content\/uploads\/2025\/09\/TRECE-IZMJENE-I-DOPUNE-PLANA-JAVNIH-NABAVKI-ZA-2024.-GODINU.pdf\" target=\"_blank\" class=\"btn  btn-default size-default\">\n        <span>download<\/span>\n            <\/a>\n\n<\/div><\/div><\/div><div class=\"vc_tta-panel\" id=\"1757443441493-e280126d-cba6\" data-vc-content=\".vc_tta-panel-body\"><div class=\"vc_tta-panel-heading\"><h4 class=\"vc_tta-panel-title\"><a href=\"#1757443441493-e280126d-cba6\" data-vc-accordion data-vc-container=\".vc_tta-container\"><span class=\"vc_tta-title-text\">Druge izmjene i dopune Plana javnih nabavki za 2024. godinu<\/span><\/a><\/h4><\/div><div class=\"vc_tta-panel-body\"><div class=\"ct-button-wrapper align-left align-left-md align-left-sm align-left-xs  wpb_animate_when_almost_visible wpb_fadeInUp fadeInUp\">\n\n    <a  href=\"https:\/\/www.muzejsarajeva.ba\/wp-content\/uploads\/2025\/09\/Druge-izmjene-i-dopune-Plana-javnih-nabavki-za-2024.-godinu.pdf\" target=\"_blank\" class=\"btn  btn-default size-default\">\n        <span>download<\/span>\n            <\/a>\n\n<\/div><\/div><\/div><div class=\"vc_tta-panel\" id=\"1757443375921-feb46bf9-b030\" data-vc-content=\".vc_tta-panel-body\"><div class=\"vc_tta-panel-heading\"><h4 class=\"vc_tta-panel-title\"><a href=\"#1757443375921-feb46bf9-b030\" data-vc-accordion data-vc-container=\".vc_tta-container\"><span class=\"vc_tta-title-text\">Prve izmjene i dopune Plana javnih nabavki za 2024. godinu<\/span><\/a><\/h4><\/div><div class=\"vc_tta-panel-body\"><div class=\"ct-button-wrapper align-left align-left-md align-left-sm align-left-xs  wpb_animate_when_almost_visible wpb_fadeInUp fadeInUp\">\n\n    <a  href=\"https:\/\/www.muzejsarajeva.ba\/wp-content\/uploads\/2025\/09\/Prve-izmjene-i-dopune-Plana-javnih-nabavki-za-2024.-godinu.pdf\" target=\"_blank\" class=\"btn  btn-default size-default\">\n        <span>download<\/span>\n            <\/a>\n\n<\/div><\/div><\/div><div class=\"vc_tta-panel\" id=\"1757443285793-a76ddc90-72a2\" data-vc-content=\".vc_tta-panel-body\"><div class=\"vc_tta-panel-heading\"><h4 class=\"vc_tta-panel-title\"><a href=\"#1757443285793-a76ddc90-72a2\" data-vc-accordion data-vc-container=\".vc_tta-container\"><span class=\"vc_tta-title-text\">Plan javnih nabavki 2024<\/span><\/a><\/h4><\/div><div class=\"vc_tta-panel-body\"><div class=\"ct-button-wrapper align-left align-left-md align-left-sm align-left-xs  wpb_animate_when_almost_visible wpb_fadeInUp fadeInUp\">\n\n    <a  href=\"https:\/\/www.muzejsarajeva.ba\/wp-content\/uploads\/2025\/09\/Plan-javnih-nabavki-2024-2.pdf\" target=\"_blank\" class=\"btn  btn-default size-default\">\n        <span>download<\/span>\n            <\/a>\n\n<\/div><\/div><\/div><\/div><\/div><\/div><\/div><\/div><\/div><\/div><\/div>\n<\/div>","protected":false},"excerpt":{"rendered":"Odluka o prvim izmjenama i dopunama Plana javnih nabavki JU ''Muzej Sarajeva'' za 2026. godinu download Plan javnih nabavki JU Muzej Sarajeva za 2026. godinu download Obavje\u0161tenje o nepostojanju sukoba interesa download Odluka o izboru najpovoljnijeg ponu\u0111a\u010da-usluge \u0161tampe download Odluka o izboru najpovoljnijeg ponu\u0111a\u010da-\u0161tampanje monografije download DRUGE IZMJENE I DOPUNE PLANA JAVNIH NABAVKI download Izmjene [...]","protected":false},"author":3,"featured_media":0,"parent":0,"menu_order":0,"comment_status":"closed","ping_status":"closed","template":"","meta":{"footnotes":""},"class_list":["post-1973","page","type-page","status-publish","hentry"],"_links":{"self":[{"href":"https:\/\/www.muzejsarajeva.ba\/en\/wp-json\/wp\/v2\/pages\/1973","targetHints":{"allow":["GET"]}}],"collection":[{"href":"https:\/\/www.muzejsarajeva.ba\/en\/wp-json\/wp\/v2\/pages"}],"about":[{"href":"https:\/\/www.muzejsarajeva.ba\/en\/wp-json\/wp\/v2\/types\/page"}],"author":[{"embeddable":true,"href":"https:\/\/www.muzejsarajeva.ba\/en\/wp-json\/wp\/v2\/users\/3"}],"replies":[{"embeddable":true,"href":"https:\/\/www.muzejsarajeva.ba\/en\/wp-json\/wp\/v2\/comments?post=1973"}],"version-history":[{"count":42,"href":"https:\/\/www.muzejsarajeva.ba\/en\/wp-json\/wp\/v2\/pages\/1973\/revisions"}],"predecessor-version":[{"id":5467,"href":"https:\/\/www.muzejsarajeva.ba\/en\/wp-json\/wp\/v2\/pages\/1973\/revisions\/5467"}],"wp:attachment":[{"href":"https:\/\/www.muzejsarajeva.ba\/en\/wp-json\/wp\/v2\/media?parent=1973"}],"curies":[{"name":"wp","href":"https:\/\/api.w.org\/{rel}","templated":true}]}}