{"id":2089,"date":"2025-09-13T19:41:21","date_gmt":"2025-09-13T19:41:21","guid":{"rendered":"https:\/\/www.muzejsarajeva.ba\/?page_id=2089"},"modified":"2025-10-17T14:32:34","modified_gmt":"2025-10-17T14:32:34","slug":"antropoloska-zbirka","status":"publish","type":"page","link":"https:\/\/www.muzejsarajeva.ba\/en\/antropoloska-zbirka\/","title":{"rendered":"Anthropological collection"},"content":{"rendered":"<div class=\"wpb-content-wrapper\"><div class=\"vc_row wpb_row vc_row-fluid bg-image-ps-inherit\"><div class=\"wpb_column vc_column_container vc_col-sm-12\"><div class=\"vc_column-inner\"><div class=\"wpb_wrapper\">\n\t<div class=\"wpb_text_column wpb_content_element vc_custom_1760711551141\" >\n\t\t<div class=\"wpb_wrapper\">\n\t\t\t<p>Anthropology, while not yet recognized as a university discipline in Bosnia and Herzegovina, finds its home in museology. The Museum of Sarajevo is the first and only museum institution of social significance in the country to employ an expert dedicated to establishing and managing the Anthropological Collection, to study the cultural and historical fabric of Sarajevo\u2019s population through the lens of this holistic science and present the findings to the public.<\/p>\n\n\n\t\t<\/div>\n\t<\/div>\n<div id=\"ct-space-6a09aca205b7c\" class=\"\">\n\t\t<div class=\"ct-space\"><\/div>\n<\/div><div class=\"vc_row wpb_row vc_inner vc_row-fluid\"><div class=\"wpb_column vc_column_container vc_col-sm-12\"><div class=\"vc_column-inner\"><div class=\"wpb_wrapper\"><\/div><\/div><\/div><\/div><div id=\"ct-heading\" class=\"ct-heading  style2 align-left align-left-md align-left-sm align-left-xs\">\n    \n                <div class=\"h-gap-sub\"><span ><\/span><\/div>\n        <h3 class=\"ct-heading-tag\" style=\"font-size:40px;line-height:50px; \">\n                                    <cite>Anthropological<\/cite> Collection                        <\/h3>\n        <\/div><div class=\"vc_row wpb_row vc_inner vc_row-fluid\"><div class=\"wpb_column vc_column_container vc_col-sm-12\"><div class=\"vc_column-inner\"><div class=\"wpb_wrapper\">\n\t<div class=\"wpb_text_column wpb_content_element\" >\n\t\t<div class=\"wpb_wrapper\">\n\t\t\t<style id=\"bwg-style-0\">      #bwg_container1_0 #bwg_container2_0 #bwg_mosaic_thumbnails_div_0 {        width: 100%;        position: relative;        background-color: rgba(255, 255, 255, 0.00);        text-align: center;        justify-content: center;                  margin-left: auto;          margin-right: auto;                    padding-left: 2px;          padding-top: 2px;                }          #bwg_container1_0 #bwg_container2_0 .bwg_mosaic_thumb_spun_0 {        display: block;        position: absolute;\t\t\t\tborder-radius: 0;\t\t\t\tborder: 0px none #CCCCCC;    \t\t    \t\tbackground-color:rgba(0,0,0, 0.30);        -moz-box-sizing: content-box !important;        -webkit-box-sizing: content-box !important;        box-sizing: content-box !important;      }\t\t\t#bwg_container1_0 #bwg_container2_0 .bwg_mosaic_thumb_0 {\t\t\t\tdisplay: block;\t\t\t\t-moz-box-sizing: content-box !important;\t\t\t\t-webkit-box-sizing: content-box !important;\t\t\t\tbox-sizing: content-box !important;\t\t\t\tmargin: 0;\t\t\t\topacity: 1.00;\t\t\t}      #bwg_container1_0 #bwg_container2_0 .bwg_mosaic_thumb_spun_0:hover {        opacity: 1;        backface-visibility: hidden;        -webkit-backface-visibility: hidden;        -moz-backface-visibility: hidden;        -ms-backface-visibility: hidden;        z-index: 102;      }\t     @media only screen and (min-width: 480px) {\t\t#bwg_container1_0 #bwg_container2_0 .bwg-container-0.bwg-mosaic-thumbnails .bwg-item0 img {\t\t\t-webkit-transition: -webkit-transform .3s; transition: transform .3s;\t\t}\t\t#bwg_container1_0 #bwg_container2_0 .bwg-container-0.bwg-mosaic-thumbnails .bwg-item0 img:hover {\t\t\t-ms-transform: scale(1.08);\t\t\t-webkit-transform: scale(1.08);\t\t\ttransform: scale(1.08);\t\t}\t\t      }\t      #bwg_container1_0 #bwg_container2_0 .bwg_mosaic_thumbnails_0 {        background-color: rgba(255, 255, 255, 0.00);        font-size: 0;        position: relative;        text-align: center;        display: inline-block;        visibility: hidden;              }\t  \/*image title styles*\/      #bwg_container1_0 #bwg_container2_0 .bwg_mosaic_title_spun1_0,      #bwg_container1_0 #bwg_container2_0 .bwg-mosaic-thumbnails .bwg_ecommerce_spun1_0 {        position: absolute;        display: block;        opacity: 0;        box-sizing: border-box;        text-align: center;\t\t\t\ttop: 50%;\t\t\t\tleft: 50%;\t\t\t\ttransform: translate(-50%, -50%);      }      #bwg_container1_0 #bwg_container2_0 .bwg-mosaic-thumbnails .bwg_mosaic_title_spun2_0,      #bwg_container1_0 #bwg_container2_0 .bwg-mosaic-thumbnails .bwg_ecommerce_spun2_0 {\t\t    color: #323A45;        font-family: Ubuntu;        font-size: 16px;        font-weight: bold;        text-shadow: ;        vertical-align: middle;        word-wrap: break-word;      }            .bwg_mosaic_play_icon_spun_0 {        display: table;        position: absolute;        left: -10000px;        top: 0px;        opacity: 0;      }      .bwg_mosaic_play_icon_0 {        color: #323A45;        font-size: 32px;        vertical-align: middle;        display: table-cell !important;        z-index: 1;        text-align: center;        margin: 0 auto;      }      #bwg_container1_0 #bwg_container2_0 .bwg_gal_title_0 {        background-color: rgba(0, 0, 0, 0);        color: #323A45;        display: block;        font-family: Ubuntu;        font-size: 16px;        font-weight: bold;        padding: 2px;        text-shadow: ;        text-align: center;      }            @media screen and (max-width: 350px) {      div[class^=\"bwg_mosaic_thumbnails_\"],      span[class^=\"bwg_mosaic_thumb_spun_\"] {      width: 100% !important;      }      img[class^=\"bwg_mosaic_thumb_\"] {      width: 100% !important;      height: auto !important;      margin: 0px auto !important;      }      }      <\/style>    <div id=\"bwg_container1_0\"         class=\"bwg_container bwg_thumbnail bwg_thumbnails_mosaic\"         data-right-click-protection=\"0\"         data-bwg=\"0\"         data-scroll=\"0\"         data-gallery-type=\"thumbnails_mosaic\"         data-gallery-view-type=\"thumbnails_mosaic\"         data-current-url=\"\/en\/wp-json\/wp\/v2\/pages\/2089\"         data-lightbox-url=\"https:\/\/www.muzejsarajeva.ba\/wp-admin\/admin-ajax.php?action=GalleryBox&#038;current_view=0&#038;gallery_id=5&#038;tag=0&#038;theme_id=1&#038;shortcode_id=12&#038;sort_by=order&#038;order_by=asc&#038;current_url=%2Fen%2Fwp-json%2Fwp%2Fv2%2Fpages%2F2089\"         data-gallery-id=\"5\"         data-popup-width=\"800\"         data-popup-height=\"500\"         data-is-album=\"gallery\"         data-buttons-position=\"bottom\">      <div id=\"bwg_container2_0\">             <div id=\"ajax_loading_0\" class=\"bwg_loading_div_1\">      <div class=\"bwg_loading_div_2\">        <div class=\"bwg_loading_div_3\">          <div id=\"loading_div_0\" class=\"bwg_spider_ajax_loading\">          <\/div>        <\/div>      <\/div>    <\/div>            <form id=\"gal_front_form_0\"              class=\"bwg-hidden\"              method=\"post\"              action=\"#\"              data-current=\"0\"              data-shortcode-id=\"12\"              data-gallery-type=\"thumbnails_mosaic\"              data-gallery-id=\"5\"              data-tag=\"0\"              data-album-id=\"0\"              data-theme-id=\"1\"              data-ajax-url=\"https:\/\/www.muzejsarajeva.ba\/wp-admin\/admin-ajax.php?action=bwg_frontend_data\" data-trp-original-action=\"#\">          <div id=\"bwg_container3_0\" class=\"bwg-background bwg-background-0\">                <div id=\"bwg_mosaic_thumbnails_div_0\"         class=\"bwg-container-0 bwg-container bwg-mosaic-thumbnails\"         data-bwg=\"0\"         data-mosaic-direction=\"vertical\"         data-resizable=\"0\"         data-width=\"250\"         data-height=\"250\"         data-total-width=\"100\"         data-block-id=\"bwg_thumbnails_mosaic_0\"         data-thumb-padding=\"2\"         data-thumb-border=\"0\"         data-title-margin=\"2px\"         data-image-title=\"none\"         data-play-icon=\"0\"         data-ecommerce-icon=\"undefined\"         data-gallery-id=\"5\"         data-lightbox-url=\"https:\/\/www.muzejsarajeva.ba\/wp-admin\/admin-ajax.php?action=GalleryBox&#038;current_view=0&#038;gallery_id=5&#038;tag=0&#038;theme_id=1&#038;shortcode_id=12&#038;sort_by=order&#038;order_by=asc&#038;current_url=%2Fen%2Fwp-json%2Fwp%2Fv2%2Fpages%2F2089\"         data-mosaic-thumb-transition=\"1\"         style=\"visibility: hidden\" >      <div id=\"bwg_thumbnails_mosaic_0\" class=\"bwg_mosaic_thumbnails_0\">                  <a  class=\"bwg-a bwg_lightbox bwg_lightbox_0\" href=\"https:\/\/www.muzejsarajeva.ba\/wp-content\/uploads\/photo-gallery\/djuro-glanz-portret.jpg?bwg=1760711382\" data-image-id=\"298\" data-elementor-open-lightbox=\"no\">          <div class=\"bwg_mosaic_thumb_spun_0 bwg-item0 bwg-mosaic-thumb-span\">            <img decoding=\"async\" class=\"bwg_mosaic_thumb_0 skip-lazy bwg_img_clear bwg_img_custom\"                 id=\"298\"                 src=\"https:\/\/www.muzejsarajeva.ba\/wp-content\/uploads\/photo-gallery\/thumb\/djuro-glanz-portret.jpg?bwg=1760711382\"                 data-src=\"https:\/\/www.muzejsarajeva.ba\/wp-content\/uploads\/photo-gallery\/thumb\/djuro-glanz-portret.jpg?bwg=1760711382\"                 data-width=\"364.00\"                 data-height=\"500.00\"                 alt=\"djuro-glanz-portret\"                 title=\"djuro-glanz-portret\" \/>                      <\/div>        <\/a>                <a  class=\"bwg-a bwg_lightbox bwg_lightbox_0\" href=\"https:\/\/www.muzejsarajeva.ba\/wp-content\/uploads\/photo-gallery\/cosetnjak.jpg?bwg=1760711382\" data-image-id=\"299\" data-elementor-open-lightbox=\"no\">          <div class=\"bwg_mosaic_thumb_spun_0 bwg-item0 bwg-mosaic-thumb-span\">            <img decoding=\"async\" class=\"bwg_mosaic_thumb_0 skip-lazy bwg_img_clear bwg_img_custom\"                 id=\"299\"                 src=\"https:\/\/www.muzejsarajeva.ba\/wp-content\/uploads\/photo-gallery\/thumb\/cosetnjak.jpg?bwg=1760711382\"                 data-src=\"https:\/\/www.muzejsarajeva.ba\/wp-content\/uploads\/photo-gallery\/thumb\/cosetnjak.jpg?bwg=1760711382\"                 data-width=\"333.00\"                 data-height=\"500.00\"                 alt=\"cosetnjak\"                 title=\"cosetnjak\" \/>                      <\/div>        <\/a>                <a  class=\"bwg-a bwg_lightbox bwg_lightbox_0\" href=\"https:\/\/www.muzejsarajeva.ba\/wp-content\/uploads\/photo-gallery\/DIPLOMA-PRAVA-djuro-glanz.jpg?bwg=1760711382\" data-image-id=\"300\" data-elementor-open-lightbox=\"no\">          <div class=\"bwg_mosaic_thumb_spun_0 bwg-item0 bwg-mosaic-thumb-span\">            <img decoding=\"async\" class=\"bwg_mosaic_thumb_0 skip-lazy bwg_img_clear bwg_img_custom\"                 id=\"300\"                 src=\"https:\/\/www.muzejsarajeva.ba\/wp-content\/uploads\/photo-gallery\/thumb\/DIPLOMA-PRAVA-djuro-glanz.jpg?bwg=1760711382\"                 data-src=\"https:\/\/www.muzejsarajeva.ba\/wp-content\/uploads\/photo-gallery\/thumb\/DIPLOMA-PRAVA-djuro-glanz.jpg?bwg=1760711382\"                 data-width=\"500.00\"                 data-height=\"335.00\"                 alt=\"DIPLOMA-PRAVA-djuro-glanz\"                 title=\"DIPLOMA-PRAVA-djuro-glanz\" \/>                      <\/div>        <\/a>                <a  class=\"bwg-a bwg_lightbox bwg_lightbox_0\" href=\"https:\/\/www.muzejsarajeva.ba\/wp-content\/uploads\/photo-gallery\/hasib-i-nata.jpg?bwg=1760711382\" data-image-id=\"301\" data-elementor-open-lightbox=\"no\">          <div class=\"bwg_mosaic_thumb_spun_0 bwg-item0 bwg-mosaic-thumb-span\">            <img decoding=\"async\" class=\"bwg_mosaic_thumb_0 skip-lazy bwg_img_clear bwg_img_custom\"                 id=\"301\"                 src=\"https:\/\/www.muzejsarajeva.ba\/wp-content\/uploads\/photo-gallery\/thumb\/hasib-i-nata.jpg?bwg=1760711382\"                 data-src=\"https:\/\/www.muzejsarajeva.ba\/wp-content\/uploads\/photo-gallery\/thumb\/hasib-i-nata.jpg?bwg=1760711382\"                 data-width=\"500.00\"                 data-height=\"476.00\"                 alt=\"hasib-i-nata\"                 title=\"hasib-i-nata\" \/>                      <\/div>        <\/a>                <a  class=\"bwg-a bwg_lightbox bwg_lightbox_0\" href=\"https:\/\/www.muzejsarajeva.ba\/wp-content\/uploads\/photo-gallery\/komoda-ant.jpg?bwg=1760711382\" data-image-id=\"302\" data-elementor-open-lightbox=\"no\">          <div class=\"bwg_mosaic_thumb_spun_0 bwg-item0 bwg-mosaic-thumb-span\">            <img decoding=\"async\" class=\"bwg_mosaic_thumb_0 skip-lazy bwg_img_clear bwg_img_custom\"                 id=\"302\"                 src=\"https:\/\/www.muzejsarajeva.ba\/wp-content\/uploads\/photo-gallery\/thumb\/komoda-ant.jpg?bwg=1760711382\"                 data-src=\"https:\/\/www.muzejsarajeva.ba\/wp-content\/uploads\/photo-gallery\/thumb\/komoda-ant.jpg?bwg=1760711382\"                 data-width=\"500.00\"                 data-height=\"500.00\"                 alt=\"komoda-ant\"                 title=\"komoda-ant\" \/>                      <\/div>        <\/a>                <a  class=\"bwg-a bwg_lightbox bwg_lightbox_0\" href=\"https:\/\/www.muzejsarajeva.ba\/wp-content\/uploads\/photo-gallery\/muhsin-rizvic-prima-27-julsku-nagradu.jpg?bwg=1760711382\" data-image-id=\"303\" data-elementor-open-lightbox=\"no\">          <div class=\"bwg_mosaic_thumb_spun_0 bwg-item0 bwg-mosaic-thumb-span\">            <img decoding=\"async\" class=\"bwg_mosaic_thumb_0 skip-lazy bwg_img_clear bwg_img_custom\"                 id=\"303\"                 src=\"https:\/\/www.muzejsarajeva.ba\/wp-content\/uploads\/photo-gallery\/thumb\/muhsin-rizvic-prima-27-julsku-nagradu.jpg?bwg=1760711382\"                 data-src=\"https:\/\/www.muzejsarajeva.ba\/wp-content\/uploads\/photo-gallery\/thumb\/muhsin-rizvic-prima-27-julsku-nagradu.jpg?bwg=1760711382\"                 data-width=\"500.00\"                 data-height=\"355.00\"                 alt=\"muhsin-rizvic-prima-27-julsku-nagradu\"                 title=\"muhsin-rizvic-prima-27-julsku-nagradu\" \/>                      <\/div>        <\/a>                <a  class=\"bwg-a bwg_lightbox bwg_lightbox_0\" href=\"https:\/\/www.muzejsarajeva.ba\/wp-content\/uploads\/photo-gallery\/NAOCALE-muhsin-rizvic.jpg?bwg=1760711382\" data-image-id=\"304\" data-elementor-open-lightbox=\"no\">          <div class=\"bwg_mosaic_thumb_spun_0 bwg-item0 bwg-mosaic-thumb-span\">            <img decoding=\"async\" class=\"bwg_mosaic_thumb_0 skip-lazy bwg_img_clear bwg_img_custom\"                 id=\"304\"                 src=\"https:\/\/www.muzejsarajeva.ba\/wp-content\/uploads\/photo-gallery\/thumb\/NAOCALE-muhsin-rizvic.jpg?bwg=1760711382\"                 data-src=\"https:\/\/www.muzejsarajeva.ba\/wp-content\/uploads\/photo-gallery\/thumb\/NAOCALE-muhsin-rizvic.jpg?bwg=1760711382\"                 data-width=\"361.00\"                 data-height=\"500.00\"                 alt=\"NAOCALE-muhsin-rizvic\"                 title=\"NAOCALE-muhsin-rizvic\" \/>                      <\/div>        <\/a>                <a  class=\"bwg-a bwg_lightbox bwg_lightbox_0\" href=\"https:\/\/www.muzejsarajeva.ba\/wp-content\/uploads\/photo-gallery\/panorama-sarajeva-j.-studnicka.jpg?bwg=1760711382\" data-image-id=\"305\" data-elementor-open-lightbox=\"no\">          <div class=\"bwg_mosaic_thumb_spun_0 bwg-item0 bwg-mosaic-thumb-span\">            <img decoding=\"async\" class=\"bwg_mosaic_thumb_0 skip-lazy bwg_img_clear bwg_img_custom\"                 id=\"305\"                 src=\"https:\/\/www.muzejsarajeva.ba\/wp-content\/uploads\/photo-gallery\/thumb\/panorama-sarajeva-j.-studnicka.jpg?bwg=1760711382\"                 data-src=\"https:\/\/www.muzejsarajeva.ba\/wp-content\/uploads\/photo-gallery\/thumb\/panorama-sarajeva-j.-studnicka.jpg?bwg=1760711382\"                 data-width=\"500.00\"                 data-height=\"352.00\"                 alt=\"panorama-sarajeva-j.-studnicka\"                 title=\"panorama-sarajeva-j.-studnicka\" \/>                      <\/div>        <\/a>                <a  class=\"bwg-a bwg_lightbox bwg_lightbox_0\" href=\"https:\/\/www.muzejsarajeva.ba\/wp-content\/uploads\/photo-gallery\/karadjoz2.jpg?bwg=1760711382\" data-image-id=\"306\" data-elementor-open-lightbox=\"no\">          <div class=\"bwg_mosaic_thumb_spun_0 bwg-item0 bwg-mosaic-thumb-span\">            <img decoding=\"async\" class=\"bwg_mosaic_thumb_0 skip-lazy bwg_img_clear bwg_img_custom\"                 id=\"306\"                 src=\"https:\/\/www.muzejsarajeva.ba\/wp-content\/uploads\/photo-gallery\/thumb\/karadjoz2.jpg?bwg=1760711382\"                 data-src=\"https:\/\/www.muzejsarajeva.ba\/wp-content\/uploads\/photo-gallery\/thumb\/karadjoz2.jpg?bwg=1760711382\"                 data-width=\"500.00\"                 data-height=\"477.00\"                 alt=\"karadjoz2\"                 title=\"karadjoz2\" \/>                      <\/div>        <\/a>                <a  class=\"bwg-a bwg_lightbox bwg_lightbox_0\" href=\"https:\/\/www.muzejsarajeva.ba\/wp-content\/uploads\/photo-gallery\/suadine-patike-za-bijeli-balet.jpg?bwg=1760711382\" data-image-id=\"307\" data-elementor-open-lightbox=\"no\">          <div class=\"bwg_mosaic_thumb_spun_0 bwg-item0 bwg-mosaic-thumb-span\">            <img decoding=\"async\" class=\"bwg_mosaic_thumb_0 skip-lazy bwg_img_clear bwg_img_custom\"                 id=\"307\"                 src=\"https:\/\/www.muzejsarajeva.ba\/wp-content\/uploads\/photo-gallery\/thumb\/suadine-patike-za-bijeli-balet.jpg?bwg=1760711382\"                 data-src=\"https:\/\/www.muzejsarajeva.ba\/wp-content\/uploads\/photo-gallery\/thumb\/suadine-patike-za-bijeli-balet.jpg?bwg=1760711382\"                 data-width=\"267.00\"                 data-height=\"500.00\"                 alt=\"suadine-patike-za-bijeli-balet\"                 title=\"suadine-patike-za-bijeli-balet\" \/>                      <\/div>        <\/a>                <a  class=\"bwg-a bwg_lightbox bwg_lightbox_0\" href=\"https:\/\/www.muzejsarajeva.ba\/wp-content\/uploads\/photo-gallery\/portret-frane-cesovic-antr.jpg?bwg=1760711382\" data-image-id=\"308\" data-elementor-open-lightbox=\"no\">          <div class=\"bwg_mosaic_thumb_spun_0 bwg-item0 bwg-mosaic-thumb-span\">            <img decoding=\"async\" class=\"bwg_mosaic_thumb_0 skip-lazy bwg_img_clear bwg_img_custom\"                 id=\"308\"                 src=\"https:\/\/www.muzejsarajeva.ba\/wp-content\/uploads\/photo-gallery\/thumb\/portret-frane-cesovic-antr.jpg?bwg=1760711382\"                 data-src=\"https:\/\/www.muzejsarajeva.ba\/wp-content\/uploads\/photo-gallery\/thumb\/portret-frane-cesovic-antr.jpg?bwg=1760711382\"                 data-width=\"431.00\"                 data-height=\"500.00\"                 alt=\"portret-frane-cesovic-antr\"                 title=\"portret-frane-cesovic-antr\" \/>                      <\/div>        <\/a>                <a  class=\"bwg-a bwg_lightbox bwg_lightbox_0\" href=\"https:\/\/www.muzejsarajeva.ba\/wp-content\/uploads\/photo-gallery\/stolica-djuro-fiser-antr.jpg?bwg=1760711382\" data-image-id=\"309\" data-elementor-open-lightbox=\"no\">          <div class=\"bwg_mosaic_thumb_spun_0 bwg-item0 bwg-mosaic-thumb-span\">            <img decoding=\"async\" class=\"bwg_mosaic_thumb_0 skip-lazy bwg_img_clear bwg_img_custom\"                 id=\"309\"                 src=\"https:\/\/www.muzejsarajeva.ba\/wp-content\/uploads\/photo-gallery\/thumb\/stolica-djuro-fiser-antr.jpg?bwg=1760711382\"                 data-src=\"https:\/\/www.muzejsarajeva.ba\/wp-content\/uploads\/photo-gallery\/thumb\/stolica-djuro-fiser-antr.jpg?bwg=1760711382\"                 data-width=\"500.00\"                 data-height=\"375.00\"                 alt=\"stolica-djuro-fiser-antr\"                 title=\"stolica-djuro-fiser-antr\" \/>                      <\/div>        <\/a>            <\/div>    <\/div>              <\/div>        <input type=\"hidden\" name=\"trp-form-language\" value=\"en\"\/><\/form>        <style>          #bwg_container1_0 #bwg_container2_0 #spider_popup_overlay_0 {          background-color: #EEEEEE;          opacity: 0.60;          }          <\/style>        <div id=\"bwg_spider_popup_loading_0\" class=\"bwg_spider_popup_loading\"><\/div>        <div id=\"spider_popup_overlay_0\" class=\"spider_popup_overlay\" onclick=\"spider_destroypopup(1000)\"><\/div>        <input type=\"hidden\" id=\"bwg_random_seed_0\" value=\"1407533342\">                <\/div>    <\/div>    <script>      if (document.readyState === 'complete') {        if( typeof bwg_main_ready == 'function' ) {          if ( jQuery(\"#bwg_container1_0\").height() ) {            bwg_main_ready(jQuery(\"#bwg_container1_0\"));          }        }      } else {        document.addEventListener('DOMContentLoaded', function() {          if( typeof bwg_main_ready == 'function' ) {            if ( jQuery(\"#bwg_container1_0\").height() ) {             bwg_main_ready(jQuery(\"#bwg_container1_0\"));            }          }        });      }    <\/script>    \n\n\t\t<\/div>\n\t<\/div>\n<\/div><\/div><\/div><\/div><\/div><\/div><\/div><\/div><div class=\"vc_row wpb_row vc_row-fluid vc_custom_1552813044586 bg-image-ps-inherit\"><div class=\"wpb_column vc_column_container vc_col-sm-6 rm-padding-lg\"><div class=\"vc_column-inner vc_custom_1552902458867\"><div class=\"wpb_wrapper\"><\/div><\/div><\/div><div class=\"wpb_column vc_column_container vc_col-sm-6\"><div class=\"vc_column-inner vc_custom_1552813034346\"><div class=\"wpb_wrapper\"><\/div><\/div><\/div><\/div>\n<\/div>","protected":false},"excerpt":{"rendered":"Antropologija je nauka koja u Bosni i Hercegovini jo\u0161 nije dobila univerzitetski status, ali zato jeste muzeolo\u0161ki. Antropolo\u0161ka zbirka","protected":false},"author":3,"featured_media":0,"parent":0,"menu_order":0,"comment_status":"closed","ping_status":"closed","template":"","meta":{"footnotes":""},"class_list":["post-2089","page","type-page","status-publish","hentry"],"_links":{"self":[{"href":"https:\/\/www.muzejsarajeva.ba\/en\/wp-json\/wp\/v2\/pages\/2089","targetHints":{"allow":["GET"]}}],"collection":[{"href":"https:\/\/www.muzejsarajeva.ba\/en\/wp-json\/wp\/v2\/pages"}],"about":[{"href":"https:\/\/www.muzejsarajeva.ba\/en\/wp-json\/wp\/v2\/types\/page"}],"author":[{"embeddable":true,"href":"https:\/\/www.muzejsarajeva.ba\/en\/wp-json\/wp\/v2\/users\/3"}],"replies":[{"embeddable":true,"href":"https:\/\/www.muzejsarajeva.ba\/en\/wp-json\/wp\/v2\/comments?post=2089"}],"version-history":[{"count":16,"href":"https:\/\/www.muzejsarajeva.ba\/en\/wp-json\/wp\/v2\/pages\/2089\/revisions"}],"predecessor-version":[{"id":2749,"href":"https:\/\/www.muzejsarajeva.ba\/en\/wp-json\/wp\/v2\/pages\/2089\/revisions\/2749"}],"wp:attachment":[{"href":"https:\/\/www.muzejsarajeva.ba\/en\/wp-json\/wp\/v2\/media?parent=2089"}],"curies":[{"name":"wp","href":"https:\/\/api.w.org\/{rel}","templated":true}]}}