{"id":2161,"date":"2025-09-13T21:47:07","date_gmt":"2025-09-13T21:47:07","guid":{"rendered":"https:\/\/www.muzejsarajeva.ba\/?page_id=2161"},"modified":"2025-11-10T09:47:09","modified_gmt":"2025-11-10T09:47:09","slug":"zbirka-legata","status":"publish","type":"page","link":"https:\/\/www.muzejsarajeva.ba\/en\/zbirka-legata\/","title":{"rendered":"Legacy Collection"},"content":{"rendered":"<div class=\"wpb-content-wrapper\"><div class=\"vc_row wpb_row vc_row-fluid bg-image-ps-inherit\"><div class=\"wpb_column vc_column_container vc_col-sm-12\"><div class=\"vc_column-inner\"><div class=\"wpb_wrapper\">\n\t<div class=\"wpb_text_column wpb_content_element vc_custom_1760716225077\" >\n\t\t<div class=\"wpb_wrapper\">\n\t\t\t<div class=\"wpb_text_column wpb_content_element\">\n<div class=\"wpb_wrapper\">\n<p>A significant portion of the museum\u2019s collections is thanks to the cultural awareness of our citizens, who, recognizing the value of their heritage for the collective good, donated various objects including old furniture, jewelry, documents, manuscripts, clothing, handcrafts, photographs, artwork, books, certificates and diplomas, letters, souvenirs from distant travels, postage stamps, postcards, and other items, enriching and diversifying our collection. These items were systematized and classified into collections based on their composition, while certain intact legacies were preserved in the Legacy Collection, established in 2019. This collection preserves the family heritage of prominent Sarajevo families of various professions, including chefs, athletes, professors, humanitarian workers, doctors, embroiderers, politicians, actors, ballerinas, painters, and others. Today, the collection includes more than 300 items.<\/p>\n<p>The Legacy Collection is managed by senior curator <strong>mr. Indira Ku\u010duk-Sorgu\u010d<\/strong>.<\/p>\n<\/div>\n<\/div>\n\n\t\t<\/div>\n\t<\/div>\n<div id=\"ct-heading\" class=\"ct-heading  style2 align-left align-left-md align-left-sm align-left-xs\">\n    \n                <div class=\"h-gap-sub\"><span ><\/span><\/div>\n        <h3 class=\"ct-heading-tag\" style=\"font-size:40px;line-height:50px; \">\n                                    Legacy Collection                        <\/h3>\n        <\/div><div class=\"vc_row wpb_row vc_inner vc_row-fluid\"><div class=\"wpb_column vc_column_container vc_col-sm-12\"><div class=\"vc_column-inner\"><div class=\"wpb_wrapper\">\n\t<div class=\"wpb_text_column wpb_content_element\" >\n\t\t<div class=\"wpb_wrapper\">\n\t\t\t<style id=\"bwg-style-0\">      #bwg_container1_0 #bwg_container2_0 #bwg_mosaic_thumbnails_div_0 {        width: 100%;        position: relative;        background-color: rgba(255, 255, 255, 0.00);        text-align: center;        justify-content: center;                  margin-left: auto;          margin-right: auto;                    padding-left: 2px;          padding-top: 2px;                }          #bwg_container1_0 #bwg_container2_0 .bwg_mosaic_thumb_spun_0 {        display: block;        position: absolute;\t\t\t\tborder-radius: 0;\t\t\t\tborder: 0px none #CCCCCC;    \t\t    \t\tbackground-color:rgba(0,0,0, 0.30);        -moz-box-sizing: content-box !important;        -webkit-box-sizing: content-box !important;        box-sizing: content-box !important;      }\t\t\t#bwg_container1_0 #bwg_container2_0 .bwg_mosaic_thumb_0 {\t\t\t\tdisplay: block;\t\t\t\t-moz-box-sizing: content-box !important;\t\t\t\t-webkit-box-sizing: content-box !important;\t\t\t\tbox-sizing: content-box !important;\t\t\t\tmargin: 0;\t\t\t\topacity: 1.00;\t\t\t}      #bwg_container1_0 #bwg_container2_0 .bwg_mosaic_thumb_spun_0:hover {        opacity: 1;        backface-visibility: hidden;        -webkit-backface-visibility: hidden;        -moz-backface-visibility: hidden;        -ms-backface-visibility: hidden;        z-index: 102;      }\t     @media only screen and (min-width: 480px) {\t\t#bwg_container1_0 #bwg_container2_0 .bwg-container-0.bwg-mosaic-thumbnails .bwg-item0 img {\t\t\t-webkit-transition: -webkit-transform .3s; transition: transform .3s;\t\t}\t\t#bwg_container1_0 #bwg_container2_0 .bwg-container-0.bwg-mosaic-thumbnails .bwg-item0 img:hover {\t\t\t-ms-transform: scale(1.08);\t\t\t-webkit-transform: scale(1.08);\t\t\ttransform: scale(1.08);\t\t}\t\t      }\t      #bwg_container1_0 #bwg_container2_0 .bwg_mosaic_thumbnails_0 {        background-color: rgba(255, 255, 255, 0.00);        font-size: 0;        position: relative;        text-align: center;        display: inline-block;        visibility: hidden;              }\t  \/*image title styles*\/      #bwg_container1_0 #bwg_container2_0 .bwg_mosaic_title_spun1_0,      #bwg_container1_0 #bwg_container2_0 .bwg-mosaic-thumbnails .bwg_ecommerce_spun1_0 {        position: absolute;        display: block;        opacity: 0;        box-sizing: border-box;        text-align: center;\t\t\t\ttop: 50%;\t\t\t\tleft: 50%;\t\t\t\ttransform: translate(-50%, -50%);      }      #bwg_container1_0 #bwg_container2_0 .bwg-mosaic-thumbnails .bwg_mosaic_title_spun2_0,      #bwg_container1_0 #bwg_container2_0 .bwg-mosaic-thumbnails .bwg_ecommerce_spun2_0 {\t\t    color: #323A45;        font-family: Ubuntu;        font-size: 16px;        font-weight: bold;        text-shadow: ;        vertical-align: middle;        word-wrap: break-word;      }            .bwg_mosaic_play_icon_spun_0 {        display: table;        position: absolute;        left: -10000px;        top: 0px;        opacity: 0;      }      .bwg_mosaic_play_icon_0 {        color: #323A45;        font-size: 32px;        vertical-align: middle;        display: table-cell !important;        z-index: 1;        text-align: center;        margin: 0 auto;      }      #bwg_container1_0 #bwg_container2_0 .bwg_gal_title_0 {        background-color: rgba(0, 0, 0, 0);        color: #323A45;        display: block;        font-family: Ubuntu;        font-size: 16px;        font-weight: bold;        padding: 2px;        text-shadow: ;        text-align: center;      }            @media screen and (max-width: 350px) {      div[class^=\"bwg_mosaic_thumbnails_\"],      span[class^=\"bwg_mosaic_thumb_spun_\"] {      width: 100% !important;      }      img[class^=\"bwg_mosaic_thumb_\"] {      width: 100% !important;      height: auto !important;      margin: 0px auto !important;      }      }      <\/style>    <div id=\"bwg_container1_0\"         class=\"bwg_container bwg_thumbnail bwg_thumbnails_mosaic\"         data-right-click-protection=\"0\"         data-bwg=\"0\"         data-scroll=\"0\"         data-gallery-type=\"thumbnails_mosaic\"         data-gallery-view-type=\"thumbnails_mosaic\"         data-current-url=\"\/en\/wp-json\/wp\/v2\/pages\/2161\"         data-lightbox-url=\"https:\/\/www.muzejsarajeva.ba\/wp-admin\/admin-ajax.php?action=GalleryBox&#038;current_view=0&#038;gallery_id=26&#038;tag=0&#038;theme_id=1&#038;shortcode_id=72&#038;sort_by=order&#038;order_by=asc&#038;current_url=%2Fen%2Fwp-json%2Fwp%2Fv2%2Fpages%2F2161\"         data-gallery-id=\"26\"         data-popup-width=\"800\"         data-popup-height=\"500\"         data-is-album=\"gallery\"         data-buttons-position=\"bottom\">      <div id=\"bwg_container2_0\">             <div id=\"ajax_loading_0\" class=\"bwg_loading_div_1\">      <div class=\"bwg_loading_div_2\">        <div class=\"bwg_loading_div_3\">          <div id=\"loading_div_0\" class=\"bwg_spider_ajax_loading\">          <\/div>        <\/div>      <\/div>    <\/div>            <form id=\"gal_front_form_0\"              class=\"bwg-hidden\"              method=\"post\"              action=\"#\"              data-current=\"0\"              data-shortcode-id=\"72\"              data-gallery-type=\"thumbnails_mosaic\"              data-gallery-id=\"26\"              data-tag=\"0\"              data-album-id=\"0\"              data-theme-id=\"1\"              data-ajax-url=\"https:\/\/www.muzejsarajeva.ba\/wp-admin\/admin-ajax.php?action=bwg_frontend_data\" data-trp-original-action=\"#\">          <div id=\"bwg_container3_0\" class=\"bwg-background bwg-background-0\">                <div id=\"bwg_mosaic_thumbnails_div_0\"         class=\"bwg-container-0 bwg-container bwg-mosaic-thumbnails\"         data-bwg=\"0\"         data-mosaic-direction=\"vertical\"         data-resizable=\"0\"         data-width=\"250\"         data-height=\"250\"         data-total-width=\"100\"         data-block-id=\"bwg_thumbnails_mosaic_0\"         data-thumb-padding=\"2\"         data-thumb-border=\"0\"         data-title-margin=\"2px\"         data-image-title=\"none\"         data-play-icon=\"0\"         data-ecommerce-icon=\"undefined\"         data-gallery-id=\"26\"         data-lightbox-url=\"https:\/\/www.muzejsarajeva.ba\/wp-admin\/admin-ajax.php?action=GalleryBox&#038;current_view=0&#038;gallery_id=26&#038;tag=0&#038;theme_id=1&#038;shortcode_id=72&#038;sort_by=order&#038;order_by=asc&#038;current_url=%2Fen%2Fwp-json%2Fwp%2Fv2%2Fpages%2F2161\"         data-mosaic-thumb-transition=\"1\"         style=\"visibility: hidden\" >      <div id=\"bwg_thumbnails_mosaic_0\" class=\"bwg_mosaic_thumbnails_0\">                  <a  class=\"bwg-a bwg_lightbox bwg_lightbox_0\" href=\"https:\/\/www.muzejsarajeva.ba\/wp-content\/uploads\/photo-gallery\/Ascinica-Smailaga-Hadzibajric.jpg?bwg=1761074319\" data-image-id=\"414\" data-elementor-open-lightbox=\"no\">          <div class=\"bwg_mosaic_thumb_spun_0 bwg-item0 bwg-mosaic-thumb-span\">            <img decoding=\"async\" class=\"bwg_mosaic_thumb_0 skip-lazy bwg_img_clear bwg_img_custom\"                 id=\"414\"                 src=\"https:\/\/www.muzejsarajeva.ba\/wp-content\/uploads\/photo-gallery\/thumb\/Ascinica-Smailaga-Hadzibajric.jpg?bwg=1761074319\"                 data-src=\"https:\/\/www.muzejsarajeva.ba\/wp-content\/uploads\/photo-gallery\/thumb\/Ascinica-Smailaga-Hadzibajric.jpg?bwg=1761074319\"                 data-width=\"332.00\"                 data-height=\"500.00\"                 alt=\"Ascinica-Smailaga-Hadzibajric\"                 title=\"Ascinica-Smailaga-Hadzibajric\" \/>                      <\/div>        <\/a>                <a  class=\"bwg-a bwg_lightbox bwg_lightbox_0\" href=\"https:\/\/www.muzejsarajeva.ba\/wp-content\/uploads\/photo-gallery\/fejzullah-hadzibajric-sa-bracom-i-sestrama.jpg?bwg=1761074319\" data-image-id=\"415\" data-elementor-open-lightbox=\"no\">          <div class=\"bwg_mosaic_thumb_spun_0 bwg-item0 bwg-mosaic-thumb-span\">            <img decoding=\"async\" class=\"bwg_mosaic_thumb_0 skip-lazy bwg_img_clear bwg_img_custom\"                 id=\"415\"                 src=\"https:\/\/www.muzejsarajeva.ba\/wp-content\/uploads\/photo-gallery\/thumb\/fejzullah-hadzibajric-sa-bracom-i-sestrama.jpg?bwg=1761074319\"                 data-src=\"https:\/\/www.muzejsarajeva.ba\/wp-content\/uploads\/photo-gallery\/thumb\/fejzullah-hadzibajric-sa-bracom-i-sestrama.jpg?bwg=1761074319\"                 data-width=\"315.00\"                 data-height=\"500.00\"                 alt=\"fejzullah-hadzibajric-sa-bracom-i-sestrama\"                 title=\"fejzullah-hadzibajric-sa-bracom-i-sestrama\" \/>                      <\/div>        <\/a>                <a  class=\"bwg-a bwg_lightbox bwg_lightbox_0\" href=\"https:\/\/www.muzejsarajeva.ba\/wp-content\/uploads\/photo-gallery\/glanz-dopisnica-iz-jasenovca.jpg?bwg=1760716088\" data-image-id=\"350\" data-elementor-open-lightbox=\"no\">          <div class=\"bwg_mosaic_thumb_spun_0 bwg-item0 bwg-mosaic-thumb-span\">            <img decoding=\"async\" class=\"bwg_mosaic_thumb_0 skip-lazy bwg_img_clear bwg_img_custom\"                 id=\"350\"                 src=\"https:\/\/www.muzejsarajeva.ba\/wp-content\/uploads\/photo-gallery\/thumb\/glanz-dopisnica-iz-jasenovca.jpg?bwg=1760716088\"                 data-src=\"https:\/\/www.muzejsarajeva.ba\/wp-content\/uploads\/photo-gallery\/thumb\/glanz-dopisnica-iz-jasenovca.jpg?bwg=1760716088\"                 data-width=\"500.00\"                 data-height=\"333.00\"                 alt=\"glanz-dopisnica-iz-jasenovca\"                 title=\"glanz-dopisnica-iz-jasenovca\" \/>                      <\/div>        <\/a>                <a  class=\"bwg-a bwg_lightbox bwg_lightbox_0\" href=\"https:\/\/www.muzejsarajeva.ba\/wp-content\/uploads\/photo-gallery\/VH-Indira-izlozba-2022-12-tasnica.jpg?bwg=1760716088\" data-image-id=\"352\" data-elementor-open-lightbox=\"no\">          <div class=\"bwg_mosaic_thumb_spun_0 bwg-item0 bwg-mosaic-thumb-span\">            <img decoding=\"async\" class=\"bwg_mosaic_thumb_0 skip-lazy bwg_img_clear bwg_img_custom\"                 id=\"352\"                 src=\"https:\/\/www.muzejsarajeva.ba\/wp-content\/uploads\/photo-gallery\/thumb\/VH-Indira-izlozba-2022-12-tasnica.jpg?bwg=1760716088\"                 data-src=\"https:\/\/www.muzejsarajeva.ba\/wp-content\/uploads\/photo-gallery\/thumb\/VH-Indira-izlozba-2022-12-tasnica.jpg?bwg=1760716088\"                 data-width=\"500.00\"                 data-height=\"470.00\"                 alt=\"VH-Indira-izlozba-2022-12-tasnica\"                 title=\"VH-Indira-izlozba-2022-12-tasnica\" \/>                      <\/div>        <\/a>                <a  class=\"bwg-a bwg_lightbox bwg_lightbox_0\" href=\"https:\/\/www.muzejsarajeva.ba\/wp-content\/uploads\/photo-gallery\/VH-Muzej-sarajeva-ulaz-5-2025-21.jpg?bwg=1760716088\" data-image-id=\"353\" data-elementor-open-lightbox=\"no\">          <div class=\"bwg_mosaic_thumb_spun_0 bwg-item0 bwg-mosaic-thumb-span\">            <img decoding=\"async\" class=\"bwg_mosaic_thumb_0 skip-lazy bwg_img_clear bwg_img_custom\"                 id=\"353\"                 src=\"https:\/\/www.muzejsarajeva.ba\/wp-content\/uploads\/photo-gallery\/thumb\/VH-Muzej-sarajeva-ulaz-5-2025-21.jpg?bwg=1760716088\"                 data-src=\"https:\/\/www.muzejsarajeva.ba\/wp-content\/uploads\/photo-gallery\/thumb\/VH-Muzej-sarajeva-ulaz-5-2025-21.jpg?bwg=1760716088\"                 data-width=\"500.00\"                 data-height=\"205.00\"                 alt=\"VH-Muzej-sarajeva-ulaz-5-2025-21\"                 title=\"VH-Muzej-sarajeva-ulaz-5-2025-21\" \/>                      <\/div>        <\/a>                <a  class=\"bwg-a bwg_lightbox bwg_lightbox_0\" href=\"https:\/\/www.muzejsarajeva.ba\/wp-content\/uploads\/photo-gallery\/karta-iz-jasenovca-djuro-glanz.jpg?bwg=1760716088\" data-image-id=\"354\" data-elementor-open-lightbox=\"no\">          <div class=\"bwg_mosaic_thumb_spun_0 bwg-item0 bwg-mosaic-thumb-span\">            <img decoding=\"async\" class=\"bwg_mosaic_thumb_0 skip-lazy bwg_img_clear bwg_img_custom\"                 id=\"354\"                 src=\"https:\/\/www.muzejsarajeva.ba\/wp-content\/uploads\/photo-gallery\/thumb\/karta-iz-jasenovca-djuro-glanz.jpg?bwg=1760716088\"                 data-src=\"https:\/\/www.muzejsarajeva.ba\/wp-content\/uploads\/photo-gallery\/thumb\/karta-iz-jasenovca-djuro-glanz.jpg?bwg=1760716088\"                 data-width=\"500.00\"                 data-height=\"334.00\"                 alt=\"karta-iz-jasenovca-djuro-glanz\"                 title=\"karta-iz-jasenovca-djuro-glanz\" \/>                      <\/div>        <\/a>                <a  class=\"bwg-a bwg_lightbox bwg_lightbox_0\" href=\"https:\/\/www.muzejsarajeva.ba\/wp-content\/uploads\/photo-gallery\/radio-prijemnik-antrop.jpg?bwg=1760716088\" data-image-id=\"355\" data-elementor-open-lightbox=\"no\">          <div class=\"bwg_mosaic_thumb_spun_0 bwg-item0 bwg-mosaic-thumb-span\">            <img decoding=\"async\" class=\"bwg_mosaic_thumb_0 skip-lazy bwg_img_clear bwg_img_custom\"                 id=\"355\"                 src=\"https:\/\/www.muzejsarajeva.ba\/wp-content\/uploads\/photo-gallery\/thumb\/radio-prijemnik-antrop.jpg?bwg=1760716088\"                 data-src=\"https:\/\/www.muzejsarajeva.ba\/wp-content\/uploads\/photo-gallery\/thumb\/radio-prijemnik-antrop.jpg?bwg=1760716088\"                 data-width=\"500.00\"                 data-height=\"375.00\"                 alt=\"radio-prijemnik-antrop\"                 title=\"radio-prijemnik-antrop\" \/>                      <\/div>        <\/a>                <a  class=\"bwg-a bwg_lightbox bwg_lightbox_0\" href=\"https:\/\/www.muzejsarajeva.ba\/wp-content\/uploads\/photo-gallery\/VH-Muzej-sarajeva-ulaz-5-2025-25.jpg?bwg=1760716088\" data-image-id=\"356\" data-elementor-open-lightbox=\"no\">          <div class=\"bwg_mosaic_thumb_spun_0 bwg-item0 bwg-mosaic-thumb-span\">            <img decoding=\"async\" class=\"bwg_mosaic_thumb_0 skip-lazy bwg_img_clear bwg_img_custom\"                 id=\"356\"                 src=\"https:\/\/www.muzejsarajeva.ba\/wp-content\/uploads\/photo-gallery\/thumb\/VH-Muzej-sarajeva-ulaz-5-2025-25.jpg?bwg=1760716088\"                 data-src=\"https:\/\/www.muzejsarajeva.ba\/wp-content\/uploads\/photo-gallery\/thumb\/VH-Muzej-sarajeva-ulaz-5-2025-25.jpg?bwg=1760716088\"                 data-width=\"500.00\"                 data-height=\"343.00\"                 alt=\"VH-Muzej-sarajeva-ulaz-5-2025-25\"                 title=\"VH-Muzej-sarajeva-ulaz-5-2025-25\" \/>                      <\/div>        <\/a>                <a  class=\"bwg-a bwg_lightbox bwg_lightbox_0\" href=\"https:\/\/www.muzejsarajeva.ba\/wp-content\/uploads\/photo-gallery\/VH-Muzej-sarajeva-ulaz-6-2025-15.jpg?bwg=1760716088\" data-image-id=\"357\" data-elementor-open-lightbox=\"no\">          <div class=\"bwg_mosaic_thumb_spun_0 bwg-item0 bwg-mosaic-thumb-span\">            <img decoding=\"async\" class=\"bwg_mosaic_thumb_0 skip-lazy bwg_img_clear bwg_img_custom\"                 id=\"357\"                 src=\"https:\/\/www.muzejsarajeva.ba\/wp-content\/uploads\/photo-gallery\/thumb\/VH-Muzej-sarajeva-ulaz-6-2025-15.jpg?bwg=1760716088\"                 data-src=\"https:\/\/www.muzejsarajeva.ba\/wp-content\/uploads\/photo-gallery\/thumb\/VH-Muzej-sarajeva-ulaz-6-2025-15.jpg?bwg=1760716088\"                 data-width=\"347.00\"                 data-height=\"500.00\"                 alt=\"VH-Muzej-sarajeva-ulaz-6-2025-15\"                 title=\"VH-Muzej-sarajeva-ulaz-6-2025-15\" \/>                      <\/div>        <\/a>                <a  class=\"bwg-a bwg_lightbox bwg_lightbox_0\" href=\"https:\/\/www.muzejsarajeva.ba\/wp-content\/uploads\/photo-gallery\/VH-Muzej-sarajeva-ulaz-5-2025-17.jpg?bwg=1760716088\" data-image-id=\"358\" data-elementor-open-lightbox=\"no\">          <div class=\"bwg_mosaic_thumb_spun_0 bwg-item0 bwg-mosaic-thumb-span\">            <img decoding=\"async\" class=\"bwg_mosaic_thumb_0 skip-lazy bwg_img_clear bwg_img_custom\"                 id=\"358\"                 src=\"https:\/\/www.muzejsarajeva.ba\/wp-content\/uploads\/photo-gallery\/thumb\/VH-Muzej-sarajeva-ulaz-5-2025-17.jpg?bwg=1760716088\"                 data-src=\"https:\/\/www.muzejsarajeva.ba\/wp-content\/uploads\/photo-gallery\/thumb\/VH-Muzej-sarajeva-ulaz-5-2025-17.jpg?bwg=1760716088\"                 data-width=\"500.00\"                 data-height=\"474.00\"                 alt=\"VH-Muzej-sarajeva-ulaz-5-2025-17\"                 title=\"VH-Muzej-sarajeva-ulaz-5-2025-17\" \/>                      <\/div>        <\/a>            <\/div>    <\/div>    <style>      \/*pagination styles*\/      #bwg_container1_0 #bwg_container2_0 .tablenav-pages_0 {\t\t\t\ttext-align: center;\t\t\t\tfont-size: 12px;\t\t\t\tfont-family: Ubuntu;\t\t\t\tfont-weight: bold;\t\t\t\tcolor: #666666;\t\t\t\tmargin: 6px 0 4px;\t\t\t\tdisplay: block;      }      @media only screen and (max-width : 320px) {      #bwg_container1_0 #bwg_container2_0 .displaying-num_0 {     \t display: none;      }      }      #bwg_container1_0 #bwg_container2_0 .displaying-num_0 {\t\t\t\tfont-size: 12px;\t\t\t\tfont-family: Ubuntu;\t\t\t\tfont-weight: bold;\t\t\t\tcolor: #666666;\t\t\t\tmargin-right: 10px;\t\t\t\tvertical-align: middle;      }      #bwg_container1_0 #bwg_container2_0 .paging-input_0 {\t\t\t\tfont-size: 12px;\t\t\t\tfont-family: Ubuntu;\t\t\t\tfont-weight: bold;\t\t\t\tcolor: #666666;\t\t\t\tvertical-align: middle;      }      #bwg_container1_0 #bwg_container2_0 .tablenav-pages_0 a.disabled,      #bwg_container1_0 #bwg_container2_0 .tablenav-pages_0 a.disabled:hover,      #bwg_container1_0 #bwg_container2_0 .tablenav-pages_0 a.disabled:focus,\t\t\t#bwg_container1_0 #bwg_container2_0 .tablenav-pages_0 input.bwg_current_page {\t\t\t\tcursor: default;\t\t\t\tcolor: rgba(102, 102, 102, 0.5);      }      #bwg_container1_0 #bwg_container2_0 .tablenav-pages_0 a,      #bwg_container1_0 #bwg_container2_0 .tablenav-pages_0 input.bwg_current_page {\t\t\t\tcursor: pointer;\t\t\t\ttext-align: center;\t\t\t\tfont-size: 12px;\t\t\t\tfont-family: Ubuntu;\t\t\t\tfont-weight: bold;\t\t\t\tcolor: #666666;\t\t\t\ttext-decoration: none;\t\t\t\tpadding: 3px 6px;\t\t\t\tmargin: 0;\t\t\t\tborder-radius: 0;\t\t\t\tborder-style: solid;\t\t\t\tborder-width: 1px;\t\t\t\tborder-color: #E3E3E3;\t\t\t\t\t\t\t\tbackground-color: rgba(255, 255, 255, 1.00);\t\t\t\tbox-shadow: 0;\t\t\t\ttransition: all 0.3s ease 0s;-webkit-transition: all 0.3s ease 0s;      }      <\/style>      <span class=\"bwg_nav_cont_0\">              <div class=\"tablenav-pages_0\">                  <\/div>                <input type=\"hidden\" id=\"page_number_0\" name=\"page_number_0\" value=\"1\" \/>      <script type=\"text\/javascript\">        if( jQuery('.bwg_nav_cont_0').length > 1 ) {          jQuery('.bwg_nav_cont_0').first().remove()        }        function spider_page_0(cur, x, y, load_more) {          if (typeof load_more == \"undefined\") {            var load_more = false;          }          if (jQuery(cur).hasClass('disabled')) {            return false;          }          var items_county_0 = 1;          switch (y) {            case 1:              if (x >= items_county_0) {                document.getElementById('page_number_0').value = items_county_0;              }              else {                document.getElementById('page_number_0').value = x + 1;              }              break;            case 2:              document.getElementById('page_number_0').value = items_county_0;              break;            case -1:              if (x == 1) {                document.getElementById('page_number_0').value = 1;              }              else {                document.getElementById('page_number_0').value = x - 1;              }              break;            case -2:              document.getElementById('page_number_0').value = 1;              break;\t\t\t\t\t\tcase 0:              document.getElementById('page_number_0').value = x;              break;            default:              document.getElementById('page_number_0').value = 1;          }          bwg_ajax('gal_front_form_0', '0', 'bwg_thumbnails_mosaic_0', '0', '', 'gallery', 0, '', '', load_more, '', 1);        }                    jQuery('.first-page-0').on('click', function () {              spider_page_0(this, 1, -2, 'numeric');              return false;            });            jQuery('.prev-page-0').on('click', function () {              spider_page_0(this, 1, -1, 'numeric');              return false;            });            jQuery('.next-page-0').on('click', function () {              spider_page_0(this, 1, 1, 'numeric');              return false;            });            jQuery('.last-page-0').on('click', function () {              spider_page_0(this, 1, 2, 'numeric');              return false;            });        \t\t\t\t\/* Change page on input enter. *\/        function bwg_change_page_0( e, that ) {          if (  e.key == 'Enter' ) {            var to_page = parseInt(jQuery(that).val());            var pages_count = jQuery(that).parents(\".pagination-links\").data(\"pages-count\");            var current_url_param = jQuery(that).attr('data-url-info');            if (to_page > pages_count) {              to_page = 1;            }\t \t\t\t\t\t\t\t\t\t\t\t\tspider_page_0(this, to_page, 0, 'numeric');\t\t\t\t\t\t\treturn false;\t\t\t\t\t\t          }          return true;        }        jQuery('.bwg_load_btn_0').on('click', function () {            spider_page_0(this, 1, 1, true);            return false;        });      <\/script>      <\/span>                <\/div>        <input type=\"hidden\" name=\"trp-form-language\" value=\"en\"\/><\/form>        <style>          #bwg_container1_0 #bwg_container2_0 #spider_popup_overlay_0 {          background-color: #EEEEEE;          opacity: 0.60;          }          <\/style>        <div id=\"bwg_spider_popup_loading_0\" class=\"bwg_spider_popup_loading\"><\/div>        <div id=\"spider_popup_overlay_0\" class=\"spider_popup_overlay\" onclick=\"spider_destroypopup(1000)\"><\/div>        <input type=\"hidden\" id=\"bwg_random_seed_0\" value=\"170341457\">                <\/div>    <\/div>    <script>      if (document.readyState === 'complete') {        if( typeof bwg_main_ready == 'function' ) {          if ( jQuery(\"#bwg_container1_0\").height() ) {            bwg_main_ready(jQuery(\"#bwg_container1_0\"));          }        }      } else {        document.addEventListener('DOMContentLoaded', function() {          if( typeof bwg_main_ready == 'function' ) {            if ( jQuery(\"#bwg_container1_0\").height() ) {             bwg_main_ready(jQuery(\"#bwg_container1_0\"));            }          }        });      }    <\/script>    \n\n\t\t<\/div>\n\t<\/div>\n<\/div><\/div><\/div><\/div><\/div><\/div><\/div><\/div><div class=\"vc_row wpb_row vc_row-fluid vc_custom_1552813044586 bg-image-ps-inherit\"><div class=\"wpb_column vc_column_container vc_col-sm-6 rm-padding-lg\"><div class=\"vc_column-inner vc_custom_1552902458867\"><div class=\"wpb_wrapper\"><\/div><\/div><\/div><div class=\"wpb_column vc_column_container vc_col-sm-6\"><div class=\"vc_column-inner vc_custom_1552813034346\"><div class=\"wpb_wrapper\"><\/div><\/div><\/div><\/div>\n<\/div>","protected":false},"excerpt":{"rendered":"Jedan znatan dio predmeta iz muzejskih kolekcija u Muzej je do\u0161lo zahvaljuju\u0107i izra\u017eenoj kulturolo\u0161koj svvijesti na\u0161ih gra\u0111ana, koji su razumijevaju\u0107i vrijednost vlastitoga naslije\u0111a za kolektivnu dobrobit, darivali razli\u010dite predmete od starog poku\u0107stva, namje\u0161taja, nakita, dokumenata, rukopisa, odje\u0107e, ru\u010dnog rada, fotografija, do umjetni\u010dkih slika, knjiga, svjedod\u017ebi i diploma, pisama, suvenira sa dalekih putovanja, po\u0161tanskih martkica i [...]","protected":false},"author":3,"featured_media":0,"parent":0,"menu_order":0,"comment_status":"closed","ping_status":"closed","template":"","meta":{"footnotes":""},"class_list":["post-2161","page","type-page","status-publish","hentry"],"_links":{"self":[{"href":"https:\/\/www.muzejsarajeva.ba\/en\/wp-json\/wp\/v2\/pages\/2161","targetHints":{"allow":["GET"]}}],"collection":[{"href":"https:\/\/www.muzejsarajeva.ba\/en\/wp-json\/wp\/v2\/pages"}],"about":[{"href":"https:\/\/www.muzejsarajeva.ba\/en\/wp-json\/wp\/v2\/types\/page"}],"author":[{"embeddable":true,"href":"https:\/\/www.muzejsarajeva.ba\/en\/wp-json\/wp\/v2\/users\/3"}],"replies":[{"embeddable":true,"href":"https:\/\/www.muzejsarajeva.ba\/en\/wp-json\/wp\/v2\/comments?post=2161"}],"version-history":[{"count":6,"href":"https:\/\/www.muzejsarajeva.ba\/en\/wp-json\/wp\/v2\/pages\/2161\/revisions"}],"predecessor-version":[{"id":2788,"href":"https:\/\/www.muzejsarajeva.ba\/en\/wp-json\/wp\/v2\/pages\/2161\/revisions\/2788"}],"wp:attachment":[{"href":"https:\/\/www.muzejsarajeva.ba\/en\/wp-json\/wp\/v2\/media?parent=2161"}],"curies":[{"name":"wp","href":"https:\/\/api.w.org\/{rel}","templated":true}]}}