{"id":2373,"date":"2025-10-01T18:08:28","date_gmt":"2025-10-01T18:08:28","guid":{"rendered":"https:\/\/www.muzejsarajeva.ba\/?page_id=2373"},"modified":"2025-11-08T18:55:15","modified_gmt":"2025-11-08T18:55:15","slug":"digitalni-fundus","status":"publish","type":"page","link":"https:\/\/www.muzejsarajeva.ba\/en\/digitalni-fundus\/","title":{"rendered":"Digital Collections"},"content":{"rendered":"<div class=\"wpb-content-wrapper\"><div class=\"vc_row wpb_row vc_row-fluid bg-image-ps-inherit\"><div class=\"wpb_column vc_column_container vc_col-sm-6\"><div class=\"vc_column-inner\"><div class=\"wpb_wrapper\"><div id=\"ct-heading\" class=\"ct-heading  style1 align-left align-left-md align-left-sm align-left-xs\">\n    \n            <div class=\"ct-heading-sub\" >\n            <span ><\/span>\n            Sarajevo Graphics Group        <\/div>\n            <h3 class=\"ct-heading-tag\" >\n                                    The interactive model of Sarajevo old town from the Ottoman period                        <\/h3>\n        <\/div>\n\t<div class=\"wpb_text_column wpb_content_element\" >\n\t\t<div class=\"wpb_wrapper\">\n\t\t\t<p>Interaktivna maketa Sarajeva iz osmanskog perioda kreirana je radi lak\u0161eg snala\u017eenja kustosa | posjetilaca Muzeja Sarajeva na fizi\u010dkoj maketi autora Huseina Karisika, koja se nalazi u Brusa bezistanu u Sarajevu. Ovaj projekat je uradila Laboratorija za kompjutersku grafiku SARAJEVO GRAPHICS GROUP Elektrotehni\u010dkog fakulteta u Sarajevu u saradnji sa Visual Dimension iz Belgije u okviru njihovih aktivnosti u Transnaclonalnoj mre\u017ei virtuelnih muzeja V-MUST.NET.<\/p>\n\n\t\t<\/div>\n\t<\/div>\n<div class=\"ct-button-wrapper align-left align-left-md align-left-sm align-left-xs\">\n\n    <a  href=\"http:\/\/h.etf.unsa.ba\/scm\/\" target=\"_blank\" class=\"btn  btn-default size-default\">\n        <span>Project<\/span>\n            <\/a>\n\n<\/div><\/div><\/div><\/div><div class=\"wpb_column vc_column_container vc_col-sm-6\"><div class=\"vc_column-inner\"><div class=\"wpb_wrapper\">\n\t<div  class=\"wpb_single_image wpb_content_element vc_align_center wpb_content_element inherit inherit\">\n\t\t\n\t\t<figure class=\"wpb_wrapper vc_figure\">\n\t\t\t<div class=\"vc_single_image-wrapper default  vc_box_border_grey\"><img loading=\"lazy\" decoding=\"async\" width=\"640\" height=\"441\" src=\"https:\/\/www.muzejsarajeva.ba\/wp-content\/uploads\/2025\/11\/interaktivna-maketa-1024x706.jpg\" class=\"vc_single_image-img attachment-large\" alt=\"\" title=\"interaktivna maketa\" \/><\/div>\n\t\t<\/figure>\n\t<\/div>\n<\/div><\/div><\/div><\/div><div class=\"vc_row wpb_row vc_row-fluid bg-image-ps-inherit\"><div class=\"wpb_column vc_column_container vc_col-sm-12\"><div class=\"vc_column-inner\"><div class=\"wpb_wrapper\"><div class=\"vc_separator wpb_content_element vc_separator_align_center vc_sep_width_100 vc_sep_shadow vc_sep_pos_align_center vc_separator_no_text vc_sep_color_grey wpb_content_element  wpb_content_element\" ><span class=\"vc_sep_holder vc_sep_holder_l\"><span class=\"vc_sep_line\"><\/span><\/span><span class=\"vc_sep_holder vc_sep_holder_r\"><span class=\"vc_sep_line\"><\/span><\/span>\n<\/div><\/div><\/div><\/div><\/div><div class=\"vc_row wpb_row vc_row-fluid bg-image-ps-inherit\"><div class=\"wpb_column vc_column_container vc_col-sm-6\"><div class=\"vc_column-inner\"><div class=\"wpb_wrapper\"><div id=\"ct-heading-2\" class=\"ct-heading  style1 align-left align-left-md align-left-sm align-left-xs\">\n    \n            <div class=\"ct-heading-sub\" >\n            <span ><\/span>\n            ETF Sarajevo        <\/div>\n            <h3 class=\"ct-heading-tag\" >\n                                    Bosnian Traditional Objects                        <\/h3>\n        <\/div>\n\t<div class=\"wpb_text_column wpb_content_element\" >\n\t\t<div class=\"wpb_wrapper\">\n\t\t\t<p class=\"tekst\" align=\"justify\">Project <span class=\"tekst_bold\">\u201cVirtual Museum of Bosnian Traditional Objects\u201d<\/span> was created as an attempt to digitize and present in multimedia form a part of the exhibits in the Museum of Sarajevo through the coursework of the 3rd year students at the Faculty of Electrical Engineering Sarajevo, Computer Science Department, in the Computer Graphics course. \n\nVirtual museum has an advantage over the classical museum in enabling the visitor to explore the exhibits and turn them around, Through this project the Museum of Sarajevo has gained the gratis 3D digital content that will be uploaded to their web site and offered to visitors as a DVD. Virtual museum contains 41 digital exhibit.<\/p>\n\n\t\t<\/div>\n\t<\/div>\n<div class=\"ct-button-wrapper align-left align-left-md align-left-sm align-left-xs\">\n\n    <a  href=\"http:\/\/h.etf.unsa.ba\/btp\/\" target=\"_blank\" class=\"btn  btn-default size-default\">\n        <span>Project<\/span>\n            <\/a>\n\n<\/div><\/div><\/div><\/div><div class=\"wpb_column vc_column_container vc_col-sm-6\"><div class=\"vc_column-inner\"><div class=\"wpb_wrapper\">\n\t<div  class=\"wpb_single_image wpb_content_element vc_align_center wpb_content_element inherit inherit\">\n\t\t\n\t\t<figure class=\"wpb_wrapper vc_figure\">\n\t\t\t<div class=\"vc_single_image-wrapper default  vc_box_border_grey\"><img loading=\"lazy\" decoding=\"async\" width=\"640\" height=\"530\" src=\"https:\/\/www.muzejsarajeva.ba\/wp-content\/uploads\/2025\/11\/bp.jpg\" class=\"vc_single_image-img attachment-large\" alt=\"\" title=\"bp\" srcset=\"https:\/\/www.muzejsarajeva.ba\/wp-content\/uploads\/2025\/11\/bp.jpg 742w, https:\/\/www.muzejsarajeva.ba\/wp-content\/uploads\/2025\/11\/bp-14x12.jpg 14w\" sizes=\"auto, (max-width: 640px) 100vw, 640px\" \/><\/div>\n\t\t<\/figure>\n\t<\/div>\n<\/div><\/div><\/div><\/div><div class=\"vc_row wpb_row vc_row-fluid bg-image-ps-inherit\"><div class=\"wpb_column vc_column_container vc_col-sm-12\"><div class=\"vc_column-inner\"><div class=\"wpb_wrapper\"><div class=\"vc_separator wpb_content_element vc_separator_align_center vc_sep_width_100 vc_sep_shadow vc_sep_pos_align_center vc_separator_no_text vc_sep_color_grey wpb_content_element  wpb_content_element\" ><span class=\"vc_sep_holder vc_sep_holder_l\"><span class=\"vc_sep_line\"><\/span><\/span><span class=\"vc_sep_holder vc_sep_holder_r\"><span class=\"vc_sep_line\"><\/span><\/span>\n<\/div><\/div><\/div><\/div><\/div><div class=\"vc_row wpb_row vc_row-fluid bg-image-ps-inherit\"><div class=\"wpb_column vc_column_container vc_col-sm-6\"><div class=\"vc_column-inner\"><div class=\"wpb_wrapper\"><div id=\"ct-heading-3\" class=\"ct-heading  style1 align-left align-left-md align-left-sm align-left-xs\">\n    \n            <div class=\"ct-heading-sub\" >\n            <span ><\/span>\n            Sarajevo Graphics Group        <\/div>\n            <h3 class=\"ct-heading-tag\" >\n                                    Virtualni muzej sarajevskog atentata                        <\/h3>\n        <\/div>\n\t<div class=\"wpb_text_column wpb_content_element\" >\n\t\t<div class=\"wpb_wrapper\">\n\t\t\t<p class=\"tekst\" align=\"justify\"><span class=\"naslov\">The aim of the 'Virtual Museum of the Sarajevo Assassination'<\/span> project is to launch the process of digitalising the collections of the Museum of the City of Sarajevo, particularly those related to the period of Austro-Hungarian rule in Bosnia and Herzegovina. The project is implemented by computer graphics researchers from the Faculty of Electrical Engineering of the University of Sarajevo, working as the Sarajevo Graphics Group<\/p>\n\n\t\t<\/div>\n\t<\/div>\n<div class=\"ct-button-wrapper align-left align-left-md align-left-sm align-left-xs\">\n\n    <a  href=\"http:\/\/h.etf.unsa.ba\/vmuzej-atentata\/projekat.htm\" target=\"_blank\" class=\"btn  btn-default size-default\">\n        <span>Project<\/span>\n            <\/a>\n\n<\/div><\/div><\/div><\/div><div class=\"wpb_column vc_column_container vc_col-sm-6\"><div class=\"vc_column-inner\"><div class=\"wpb_wrapper\">\n\t<div  class=\"wpb_single_image wpb_content_element vc_align_center wpb_content_element inherit inherit\">\n\t\t\n\t\t<figure class=\"wpb_wrapper vc_figure\">\n\t\t\t<div class=\"vc_single_image-wrapper default  vc_box_border_grey\"><img loading=\"lazy\" decoding=\"async\" width=\"596\" height=\"470\" src=\"https:\/\/www.muzejsarajeva.ba\/wp-content\/uploads\/2025\/11\/sa.jpg\" class=\"vc_single_image-img attachment-large\" alt=\"\" title=\"sa\" srcset=\"https:\/\/www.muzejsarajeva.ba\/wp-content\/uploads\/2025\/11\/sa.jpg 596w, https:\/\/www.muzejsarajeva.ba\/wp-content\/uploads\/2025\/11\/sa-15x12.jpg 15w\" sizes=\"auto, (max-width: 596px) 100vw, 596px\" \/><\/div>\n\t\t<\/figure>\n\t<\/div>\n<\/div><\/div><\/div><\/div><div class=\"vc_row wpb_row vc_row-fluid bg-image-ps-inherit\"><div class=\"wpb_column vc_column_container vc_col-sm-12\"><div class=\"vc_column-inner\"><div class=\"wpb_wrapper\"><div class=\"vc_separator wpb_content_element vc_separator_align_center vc_sep_width_100 vc_sep_shadow vc_sep_pos_align_center vc_separator_no_text vc_sep_color_grey wpb_content_element  wpb_content_element\" ><span class=\"vc_sep_holder vc_sep_holder_l\"><span class=\"vc_sep_line\"><\/span><\/span><span class=\"vc_sep_holder vc_sep_holder_r\"><span class=\"vc_sep_line\"><\/span><\/span>\n<\/div><\/div><\/div><\/div><\/div><div class=\"vc_row wpb_row vc_row-fluid bg-image-ps-inherit\"><div class=\"wpb_column vc_column_container vc_col-sm-6\"><div class=\"vc_column-inner\"><div class=\"wpb_wrapper\"><div id=\"ct-heading-4\" class=\"ct-heading  style1 align-left align-left-md align-left-sm align-left-xs\">\n    \n            <div class=\"ct-heading-sub\" >\n            <span ><\/span>\n            Global Digital Heritage        <\/div>\n            <h3 class=\"ct-heading-tag\" >\n                                    Museum of Sarajevo Digital Collection                        <\/h3>\n        <\/div>\n\t<div class=\"wpb_text_column wpb_content_element\" >\n\t\t<div class=\"wpb_wrapper\">\n\t\t\t<p class=\"tekst\" align=\"justify\">A portion of the Sarajevo Museum\u2019s collection has been digitized through the efforts of Global Digital Heritage (GDH), a non-profit private research and educational organization committed to documenting, monitoring, and safeguarding the world\u2019s cultural and natural heritage. GDH employs advanced methods of digital visualization, 3D virtualization, geospatial informatics, and open-access technologies to produce high-resolution digital models of cultural monuments. These models are made freely available to the public, promoting the preservation of cultural heritage and supporting education, open access, and scientific research in the field of digital humanities.<\/p>\n\n\t\t<\/div>\n\t<\/div>\n<div class=\"ct-button-wrapper align-left align-left-md align-left-sm align-left-xs\">\n\n    <a  href=\"https:\/\/sketchfab.com\/GlobalDigitalHeritage\/collections\/the-sarajevo-museum-bosnia-and-herzegovina-f733259ed6b1457d873b045885208257\" target=\"_blank\" class=\"btn  btn-default size-default\">\n        <span>Kolekcija<\/span>\n            <\/a>\n\n<\/div><\/div><\/div><\/div><div class=\"wpb_column vc_column_container vc_col-sm-6\"><div class=\"vc_column-inner\"><div class=\"wpb_wrapper\">\n\t<div  class=\"wpb_single_image wpb_content_element vc_align_center wpb_content_element inherit inherit\">\n\t\t\n\t\t<figure class=\"wpb_wrapper vc_figure\">\n\t\t\t<div class=\"vc_single_image-wrapper default  vc_box_border_grey\"><img loading=\"lazy\" decoding=\"async\" width=\"640\" height=\"436\" src=\"https:\/\/www.muzejsarajeva.ba\/wp-content\/uploads\/2025\/11\/GDH.png\" class=\"vc_single_image-img attachment-large\" alt=\"\" title=\"GDH\" srcset=\"https:\/\/www.muzejsarajeva.ba\/wp-content\/uploads\/2025\/11\/GDH.png 1015w, https:\/\/www.muzejsarajeva.ba\/wp-content\/uploads\/2025\/11\/GDH-768x523.png 768w, https:\/\/www.muzejsarajeva.ba\/wp-content\/uploads\/2025\/11\/GDH-18x12.png 18w\" sizes=\"auto, (max-width: 640px) 100vw, 640px\" \/><\/div>\n\t\t<\/figure>\n\t<\/div>\n<\/div><\/div><\/div><\/div><div class=\"vc_row wpb_row vc_row-fluid bg-image-ps-inherit\"><div class=\"wpb_column vc_column_container vc_col-sm-12\"><div class=\"vc_column-inner\"><div class=\"wpb_wrapper\"><div class=\"vc_separator wpb_content_element vc_separator_align_center vc_sep_width_100 vc_sep_shadow vc_sep_pos_align_center vc_separator_no_text vc_sep_color_grey wpb_content_element  wpb_content_element\" ><span class=\"vc_sep_holder vc_sep_holder_l\"><span class=\"vc_sep_line\"><\/span><\/span><span class=\"vc_sep_holder vc_sep_holder_r\"><span class=\"vc_sep_line\"><\/span><\/span>\n<\/div><\/div><\/div><\/div><\/div><div class=\"vc_row wpb_row vc_row-fluid bg-image-ps-inherit\"><div class=\"wpb_column vc_column_container vc_col-sm-6\"><div class=\"vc_column-inner\"><div class=\"wpb_wrapper\"><div id=\"ct-heading-5\" class=\"ct-heading  style1 align-left align-left-md align-left-sm align-left-xs\">\n    \n            <div class=\"ct-heading-sub\" >\n            <span ><\/span>\n            Sarajevo Graphics Group        <\/div>\n            <h3 class=\"ct-heading-tag\" >\n                                    White Bastion                        <\/h3>\n        <\/div>\n\t<div class=\"wpb_text_column wpb_content_element\" >\n\t\t<div class=\"wpb_wrapper\">\n\t\t\t<p class=\"tekst\" align=\"justify\">4D Virtual presentation of White Bastion aims to present the historical development of this cultural heritage object through digital stories combined with interactive 3D models of the Bastion in various time periods. These models contain digitized findings from the site and their 3D reconstructions.<\/p>\n\n\t\t<\/div>\n\t<\/div>\n<div class=\"ct-button-wrapper align-left align-left-md align-left-sm align-left-xs\">\n\n    <a  href=\"http:\/\/h.etf.unsa.ba\/bijelatabija\/\" target=\"_blank\" class=\"btn  btn-default size-default\">\n        <span>Project<\/span>\n            <\/a>\n\n<\/div><\/div><\/div><\/div><div class=\"wpb_column vc_column_container vc_col-sm-6\"><div class=\"vc_column-inner\"><div class=\"wpb_wrapper\">\n\t<div  class=\"wpb_single_image wpb_content_element vc_align_center wpb_content_element inherit inherit\">\n\t\t\n\t\t<figure class=\"wpb_wrapper vc_figure\">\n\t\t\t<div class=\"vc_single_image-wrapper default  vc_box_border_grey\"><img loading=\"lazy\" decoding=\"async\" width=\"640\" height=\"358\" src=\"https:\/\/www.muzejsarajeva.ba\/wp-content\/uploads\/2025\/11\/wb.jpg\" class=\"vc_single_image-img attachment-large\" alt=\"\" title=\"wb\" srcset=\"https:\/\/www.muzejsarajeva.ba\/wp-content\/uploads\/2025\/11\/wb.jpg 969w, https:\/\/www.muzejsarajeva.ba\/wp-content\/uploads\/2025\/11\/wb-768x430.jpg 768w, https:\/\/www.muzejsarajeva.ba\/wp-content\/uploads\/2025\/11\/wb-18x10.jpg 18w\" sizes=\"auto, (max-width: 640px) 100vw, 640px\" \/><\/div>\n\t\t<\/figure>\n\t<\/div>\n<\/div><\/div><\/div><\/div><div class=\"vc_row wpb_row vc_row-fluid bg-image-ps-inherit\"><div class=\"wpb_column vc_column_container vc_col-sm-12\"><div class=\"vc_column-inner\"><div class=\"wpb_wrapper\"><div class=\"vc_separator wpb_content_element vc_separator_align_center vc_sep_width_100 vc_sep_shadow vc_sep_pos_align_center vc_separator_no_text vc_sep_color_grey wpb_content_element  wpb_content_element\" ><span class=\"vc_sep_holder vc_sep_holder_l\"><span class=\"vc_sep_line\"><\/span><\/span><span class=\"vc_sep_holder vc_sep_holder_r\"><span class=\"vc_sep_line\"><\/span><\/span>\n<\/div><\/div><\/div><\/div><\/div><div class=\"vc_row wpb_row vc_row-fluid bg-image-ps-inherit\"><div class=\"wpb_column vc_column_container vc_col-sm-6\"><div class=\"vc_column-inner\"><div class=\"wpb_wrapper\"><div id=\"ct-heading-6\" class=\"ct-heading  style1 align-left align-left-md align-left-sm align-left-xs\">\n    \n            <div class=\"ct-heading-sub\" >\n            <span ><\/span>\n            Sarajevo Graphics Group i ETF Sarajevo        <\/div>\n            <h3 class=\"ct-heading-tag\" >\n                                    Ta\u0161lihan                        <\/h3>\n        <\/div>\n\t<div class=\"wpb_text_column wpb_content_element\" >\n\t\t<div class=\"wpb_wrapper\">\n\t\t\t<p class=\"tekst\" align=\"justify\"><span class=\"yt-core-attributed-string yt-core-attributed-string--white-space-pre-wrap\" dir=\"auto\"><span class=\"yt-core-attributed-string--link-inherit-color\" dir=\"auto\">The aim of creating the Ta\u0161lihan virtual presentation is introducing the public with the original appearance of this valuable cultural heritage object, its history and purpose. Laboratory for Computer Graphics from the Faculty of Electrical Engineering in Sarajevo, Sarajevo Graphics Group, has implemented this project in three editions: as a documentary,  interactive digital story and  serious game.\u00a0<\/span><\/span><\/p>\n\n\t\t<\/div>\n\t<\/div>\n<div class=\"ct-button-wrapper align-left align-left-md align-left-sm align-left-xs\">\n\n    <a  href=\"http:\/\/h.etf.unsa.ba\/taslihan\/\" target=\"_blank\" class=\"btn  btn-default size-default\">\n        <span>Project<\/span>\n            <\/a>\n\n<\/div><\/div><\/div><\/div><div class=\"wpb_column vc_column_container vc_col-sm-6\"><div class=\"vc_column-inner\"><div class=\"wpb_wrapper\">\n\t<div  class=\"wpb_single_image wpb_content_element vc_align_center wpb_content_element inherit inherit\">\n\t\t\n\t\t<figure class=\"wpb_wrapper vc_figure\">\n\t\t\t<div class=\"vc_single_image-wrapper default  vc_box_border_grey\"><img loading=\"lazy\" decoding=\"async\" width=\"640\" height=\"433\" src=\"https:\/\/www.muzejsarajeva.ba\/wp-content\/uploads\/2025\/11\/taslihan-1024x693.jpg\" class=\"vc_single_image-img attachment-large\" alt=\"\" title=\"taslihan\" \/><\/div>\n\t\t<\/figure>\n\t<\/div>\n<\/div><\/div><\/div><\/div><div class=\"vc_row wpb_row vc_row-fluid bg-image-ps-inherit\"><div class=\"wpb_column vc_column_container vc_col-sm-12\"><div class=\"vc_column-inner\"><div class=\"wpb_wrapper\"><div class=\"vc_separator wpb_content_element vc_separator_align_center vc_sep_width_100 vc_sep_shadow vc_sep_pos_align_center vc_separator_no_text vc_sep_color_grey wpb_content_element  wpb_content_element\" ><span class=\"vc_sep_holder vc_sep_holder_l\"><span class=\"vc_sep_line\"><\/span><\/span><span class=\"vc_sep_holder vc_sep_holder_r\"><span class=\"vc_sep_line\"><\/span><\/span>\n<\/div><\/div><\/div><\/div><\/div><div class=\"vc_row wpb_row vc_row-fluid bg-image-ps-inherit\"><div class=\"wpb_column vc_column_container vc_col-sm-6\"><div class=\"vc_column-inner\"><div class=\"wpb_wrapper\"><div id=\"ct-heading-7\" class=\"ct-heading  style1 align-left align-left-md align-left-sm align-left-xs\">\n    \n            <div class=\"ct-heading-sub\" >\n            <span ><\/span>\n            Digi.ba        <\/div>\n            <h3 class=\"ct-heading-tag\" >\n                                    Old crafts Virtual Museum                        <\/h3>\n        <\/div>\n\t<div class=\"wpb_text_column wpb_content_element\" >\n\t\t<div class=\"wpb_wrapper\">\n\t\t\t<p class=\"tekst\" align=\"justify\">In this project,, the users will find out the details about crafts facing extinction: \u010detkar (brush maker), kazaz (tailor decorater)  and bozad\u017eija (maker of drink called boza) through Virtual Reality application. They can also learn about the historical development of crafts in Sarajevo and get to know meanings of craft names that are not familiar any more to the general public.<\/p>\n\n\t\t<\/div>\n\t<\/div>\n<div class=\"ct-button-wrapper align-left align-left-md align-left-sm align-left-xs\">\n\n    <a  href=\"http:\/\/h.etf.unsa.ba\/oldcraftsvm\/\" target=\"_blank\" class=\"btn  btn-default size-default\">\n        <span>Project<\/span>\n            <\/a>\n\n<\/div><\/div><\/div><\/div><div class=\"wpb_column vc_column_container vc_col-sm-6\"><div class=\"vc_column-inner\"><div class=\"wpb_wrapper\">\n\t<div  class=\"wpb_single_image wpb_content_element vc_align_center wpb_content_element inherit inherit\">\n\t\t\n\t\t<figure class=\"wpb_wrapper vc_figure\">\n\t\t\t<div class=\"vc_single_image-wrapper default  vc_box_border_grey\"><img loading=\"lazy\" decoding=\"async\" width=\"640\" height=\"387\" src=\"https:\/\/www.muzejsarajeva.ba\/wp-content\/uploads\/2025\/11\/vmz.jpg\" class=\"vc_single_image-img attachment-large\" alt=\"\" title=\"vmz\" srcset=\"https:\/\/www.muzejsarajeva.ba\/wp-content\/uploads\/2025\/11\/vmz.jpg 864w, https:\/\/www.muzejsarajeva.ba\/wp-content\/uploads\/2025\/11\/vmz-768x464.jpg 768w, https:\/\/www.muzejsarajeva.ba\/wp-content\/uploads\/2025\/11\/vmz-18x12.jpg 18w\" sizes=\"auto, (max-width: 640px) 100vw, 640px\" \/><\/div>\n\t\t<\/figure>\n\t<\/div>\n<\/div><\/div><\/div><\/div>\n<\/div>","protected":false},"excerpt":{"rendered":"Sarajevo Graphics Group Interaktivna maketa Sarajeva iz osmanskog perioda Interaktivna maketa Sarajeva iz osmanskog perioda kreirana je radi lak\u0161eg snala\u017eenja kustosa | posjetilaca Muzeja Sarajeva na fizi\u010dkoj maketi autora Huseina Karisika, koja se nalazi u Brusa bezistanu u Sarajevu. Ovaj projekat je uradila Laboratorija za kompjutersku grafiku SARAJEVO GRAPHICS GROUP Elektrotehni\u010dkog fakulteta u Sarajevu u [...]","protected":false},"author":3,"featured_media":0,"parent":0,"menu_order":0,"comment_status":"closed","ping_status":"closed","template":"","meta":{"footnotes":""},"class_list":["post-2373","page","type-page","status-publish","hentry"],"_links":{"self":[{"href":"https:\/\/www.muzejsarajeva.ba\/en\/wp-json\/wp\/v2\/pages\/2373","targetHints":{"allow":["GET"]}}],"collection":[{"href":"https:\/\/www.muzejsarajeva.ba\/en\/wp-json\/wp\/v2\/pages"}],"about":[{"href":"https:\/\/www.muzejsarajeva.ba\/en\/wp-json\/wp\/v2\/types\/page"}],"author":[{"embeddable":true,"href":"https:\/\/www.muzejsarajeva.ba\/en\/wp-json\/wp\/v2\/users\/3"}],"replies":[{"embeddable":true,"href":"https:\/\/www.muzejsarajeva.ba\/en\/wp-json\/wp\/v2\/comments?post=2373"}],"version-history":[{"count":19,"href":"https:\/\/www.muzejsarajeva.ba\/en\/wp-json\/wp\/v2\/pages\/2373\/revisions"}],"predecessor-version":[{"id":4347,"href":"https:\/\/www.muzejsarajeva.ba\/en\/wp-json\/wp\/v2\/pages\/2373\/revisions\/4347"}],"wp:attachment":[{"href":"https:\/\/www.muzejsarajeva.ba\/en\/wp-json\/wp\/v2\/media?parent=2373"}],"curies":[{"name":"wp","href":"https:\/\/api.w.org\/{rel}","templated":true}]}}