{"id":2402,"date":"2025-10-01T19:15:53","date_gmt":"2025-10-01T19:15:53","guid":{"rendered":"https:\/\/www.muzejsarajeva.ba\/?page_id=2402"},"modified":"2025-11-11T10:07:51","modified_gmt":"2025-11-11T10:07:51","slug":"zbirka-starog-oruzja","status":"publish","type":"page","link":"https:\/\/www.muzejsarajeva.ba\/en\/zbirka-starog-oruzja\/","title":{"rendered":"Collection of Old Weapons"},"content":{"rendered":"<div class=\"wpb-content-wrapper\"><div class=\"vc_row wpb_row vc_row-fluid bg-image-ps-inherit\"><div class=\"wpb_column vc_column_container vc_col-sm-12\"><div class=\"vc_column-inner\"><div class=\"wpb_wrapper\">\n\t<div class=\"wpb_text_column wpb_content_element vc_custom_1759615145423\" >\n\t\t<div class=\"wpb_wrapper\">\n\t\t\t<div class=\"wpb_text_column wpb_content_element\">\n<div class=\"wpb_wrapper\">\n<p>The special feature of <strong>Old Weapons<\/strong> lies in their uniqueness, with each piece standing as a work of art crafted by various artisans involved in its production. The intricate details in the mechanisms and final decorations reflect the significant effort and time invested, revealing much about the weapon's owner through the motifs and methods of decoration. The collection of old weapons showcases not only their deadly utility in power contests but also their role as status symbols and expressions of artistic craftsmanship. These weapons serve as valuable material sources for historical research, offering insights into the cultural and social contexts of their time.<\/p>\n<p>The Museum of Sarajevo's museum houses over two hundred pieces of old weapons and related military equipment, with particularly impressive examples of yataghans, sabres, and flintlocks.<\/p>\n<p><strong><em>The yataghan<\/em><\/strong> (from Turkish <em>yata\u011fan<\/em>), is a type of Turkish sword used in the Ottoman army from the mid-16th to the late 19th century. However, new research suggests that yataghan-like blades were in use as early as before the 12th century. The curved blades and \"eared\" handles can be traced back to Central Asia, where similar bronze blades have been found at several archaeological sites. There are several theories regarding the etymology of \"yataghan\": One state that the word might derive from the Uzbek tribes of Kataghan. Second theory relates to the fact that the term \"yata\u011fan\" translates to \"lying down,\" referring to the way the blade is carried, while the third theory is that it could be named after the city of Yata\u011fan in south-western Turkey, where such swords were initially produced. <\/p>\n<p>Over time, the yataghan became a symbol of the Orient. During the Ottoman period, yataghans were produced in major cities across the Ottoman Empire, including Istanbul, Bursa, and Filibe. In Balkans, cities such as Travnik, Fo\u010da, Sarajevo, Prijedor, Kotor, Risno, U\u017eice, Prizren, Skopje, and Shkod\u00ebr were known as places where yataghans were made. Due to its favourable characteristics, the yataghan inspired the design of the bayonet, which became an integral part of military rifles in European armies by the mid-19th century.<\/p>\n<p>The most expensive and highest quality <strong><em>flintlocks <\/em><\/strong>are made of silver, richly decorated, and worn during both battles and ceremonies. In the Museum of Sarajevo's collection, each exhibit holds significant artistic value in addition to its historical importance.<\/p>\n<p>A significant portion of the Collection of Old Weapons comprises material found during archaeological research at the Bijela Tabija\/White Fortress site in Sarajevo. These artefacts primarily date back to the Ottoman administration in Bosnia and Herzegovina. The collection includes over two tons of cannonballs of various calibres, old hand grenades (kumbars),  gunpowder and ammunition for cannon projectiles, firearm mechanisms (mostly Ottoman rifles), and parts of auxiliary accessories and military equipment from the same period.<\/p>\n<\/div>\n<\/div>\n\n\t\t<\/div>\n\t<\/div>\n<div id=\"ct-space-6a09aca4035c2\" class=\"\">\n\t\t<div class=\"ct-space\"><\/div>\n<\/div><div class=\"vc_row wpb_row vc_inner vc_row-fluid\"><div class=\"wpb_column vc_column_container vc_col-sm-12\"><div class=\"vc_column-inner\"><div class=\"wpb_wrapper\"><\/div><\/div><\/div><\/div><div id=\"ct-heading\" class=\"ct-heading  style2 align-left align-left-md align-left-sm align-left-xs\">\n    \n                <div class=\"h-gap-sub\"><span ><\/span><\/div>\n        <h3 class=\"ct-heading-tag\" style=\"font-size:40px;line-height:50px; \">\n                                    Collection of Old Weapons                        <\/h3>\n        <\/div><div class=\"vc_row wpb_row vc_inner vc_row-fluid\"><div class=\"wpb_column vc_column_container vc_col-sm-12\"><div class=\"vc_column-inner\"><div class=\"wpb_wrapper\">\n\t<div class=\"wpb_text_column wpb_content_element\" >\n\t\t<div class=\"wpb_wrapper\">\n\t\t\t<style id=\"bwg-style-0\">      #bwg_container1_0 #bwg_container2_0 #bwg_mosaic_thumbnails_div_0 {        width: 100%;        position: relative;        background-color: rgba(255, 255, 255, 0.00);        text-align: center;        justify-content: center;                  margin-left: auto;          margin-right: auto;                    padding-left: 2px;          padding-top: 2px;                }          #bwg_container1_0 #bwg_container2_0 .bwg_mosaic_thumb_spun_0 {        display: block;        position: absolute;\t\t\t\tborder-radius: 0;\t\t\t\tborder: 0px none #CCCCCC;    \t\t    \t\tbackground-color:rgba(0,0,0, 0.30);        -moz-box-sizing: content-box !important;        -webkit-box-sizing: content-box !important;        box-sizing: content-box !important;      }\t\t\t#bwg_container1_0 #bwg_container2_0 .bwg_mosaic_thumb_0 {\t\t\t\tdisplay: block;\t\t\t\t-moz-box-sizing: content-box !important;\t\t\t\t-webkit-box-sizing: content-box !important;\t\t\t\tbox-sizing: content-box !important;\t\t\t\tmargin: 0;\t\t\t\topacity: 1.00;\t\t\t}      #bwg_container1_0 #bwg_container2_0 .bwg_mosaic_thumb_spun_0:hover {        opacity: 1;        backface-visibility: hidden;        -webkit-backface-visibility: hidden;        -moz-backface-visibility: hidden;        -ms-backface-visibility: hidden;        z-index: 102;      }\t     @media only screen and (min-width: 480px) {\t\t#bwg_container1_0 #bwg_container2_0 .bwg-container-0.bwg-mosaic-thumbnails .bwg-item0 img {\t\t\t-webkit-transition: -webkit-transform .3s; transition: transform .3s;\t\t}\t\t#bwg_container1_0 #bwg_container2_0 .bwg-container-0.bwg-mosaic-thumbnails .bwg-item0 img:hover {\t\t\t-ms-transform: scale(1.08);\t\t\t-webkit-transform: scale(1.08);\t\t\ttransform: scale(1.08);\t\t}\t\t      }\t      #bwg_container1_0 #bwg_container2_0 .bwg_mosaic_thumbnails_0 {        background-color: rgba(255, 255, 255, 0.00);        font-size: 0;        position: relative;        text-align: center;        display: inline-block;        visibility: hidden;              }\t  \/*image title styles*\/      #bwg_container1_0 #bwg_container2_0 .bwg_mosaic_title_spun1_0,      #bwg_container1_0 #bwg_container2_0 .bwg-mosaic-thumbnails .bwg_ecommerce_spun1_0 {        position: absolute;        display: block;        opacity: 0;        box-sizing: border-box;        text-align: center;\t\t\t\ttop: 50%;\t\t\t\tleft: 50%;\t\t\t\ttransform: translate(-50%, -50%);      }      #bwg_container1_0 #bwg_container2_0 .bwg-mosaic-thumbnails .bwg_mosaic_title_spun2_0,      #bwg_container1_0 #bwg_container2_0 .bwg-mosaic-thumbnails .bwg_ecommerce_spun2_0 {\t\t    color: #323A45;        font-family: Ubuntu;        font-size: 16px;        font-weight: bold;        text-shadow: ;        vertical-align: middle;        word-wrap: break-word;      }            .bwg_mosaic_play_icon_spun_0 {        display: table;        position: absolute;        left: -10000px;        top: 0px;        opacity: 0;      }      .bwg_mosaic_play_icon_0 {        color: #323A45;        font-size: 32px;        vertical-align: middle;        display: table-cell !important;        z-index: 1;        text-align: center;        margin: 0 auto;      }      #bwg_container1_0 #bwg_container2_0 .bwg_gal_title_0 {        background-color: rgba(0, 0, 0, 0);        color: #323A45;        display: block;        font-family: Ubuntu;        font-size: 16px;        font-weight: bold;        padding: 2px;        text-shadow: ;        text-align: center;      }            @media screen and (max-width: 350px) {      div[class^=\"bwg_mosaic_thumbnails_\"],      span[class^=\"bwg_mosaic_thumb_spun_\"] {      width: 100% !important;      }      img[class^=\"bwg_mosaic_thumb_\"] {      width: 100% !important;      height: auto !important;      margin: 0px auto !important;      }      }      <\/style>    <div id=\"bwg_container1_0\"         class=\"bwg_container bwg_thumbnail bwg_thumbnails_mosaic\"         data-right-click-protection=\"0\"         data-bwg=\"0\"         data-scroll=\"0\"         data-gallery-type=\"thumbnails_mosaic\"         data-gallery-view-type=\"thumbnails_mosaic\"         data-current-url=\"\/en\/wp-json\/wp\/v2\/pages\/2402\"         data-lightbox-url=\"https:\/\/www.muzejsarajeva.ba\/wp-admin\/admin-ajax.php?action=GalleryBox&#038;current_view=0&#038;gallery_id=29&#038;tag=0&#038;theme_id=1&#038;shortcode_id=78&#038;sort_by=order&#038;order_by=asc&#038;current_url=%2Fen%2Fwp-json%2Fwp%2Fv2%2Fpages%2F2402\"         data-gallery-id=\"29\"         data-popup-width=\"800\"         data-popup-height=\"500\"         data-is-album=\"gallery\"         data-buttons-position=\"bottom\">      <div id=\"bwg_container2_0\">             <div id=\"ajax_loading_0\" class=\"bwg_loading_div_1\">      <div class=\"bwg_loading_div_2\">        <div class=\"bwg_loading_div_3\">          <div id=\"loading_div_0\" class=\"bwg_spider_ajax_loading\">          <\/div>        <\/div>      <\/div>    <\/div>            <form id=\"gal_front_form_0\"              class=\"bwg-hidden\"              method=\"post\"              action=\"#\"              data-current=\"0\"              data-shortcode-id=\"78\"              data-gallery-type=\"thumbnails_mosaic\"              data-gallery-id=\"29\"              data-tag=\"0\"              data-album-id=\"0\"              data-theme-id=\"1\"              data-ajax-url=\"https:\/\/www.muzejsarajeva.ba\/wp-admin\/admin-ajax.php?action=bwg_frontend_data\" data-trp-original-action=\"#\">          <div id=\"bwg_container3_0\" class=\"bwg-background bwg-background-0\">                <div id=\"bwg_mosaic_thumbnails_div_0\"         class=\"bwg-container-0 bwg-container bwg-mosaic-thumbnails\"         data-bwg=\"0\"         data-mosaic-direction=\"vertical\"         data-resizable=\"0\"         data-width=\"250\"         data-height=\"250\"         data-total-width=\"100\"         data-block-id=\"bwg_thumbnails_mosaic_0\"         data-thumb-padding=\"2\"         data-thumb-border=\"0\"         data-title-margin=\"2px\"         data-image-title=\"none\"         data-play-icon=\"0\"         data-ecommerce-icon=\"undefined\"         data-gallery-id=\"29\"         data-lightbox-url=\"https:\/\/www.muzejsarajeva.ba\/wp-admin\/admin-ajax.php?action=GalleryBox&#038;current_view=0&#038;gallery_id=29&#038;tag=0&#038;theme_id=1&#038;shortcode_id=78&#038;sort_by=order&#038;order_by=asc&#038;current_url=%2Fen%2Fwp-json%2Fwp%2Fv2%2Fpages%2F2402\"         data-mosaic-thumb-transition=\"1\"         style=\"visibility: hidden\" >      <div id=\"bwg_thumbnails_mosaic_0\" class=\"bwg_mosaic_thumbnails_0\">                  <a  class=\"bwg-a bwg_lightbox bwg_lightbox_0\" href=\"https:\/\/www.muzejsarajeva.ba\/wp-content\/uploads\/photo-gallery\/VH-Muzej-sarajeva-ulaz-5-2025-5.jpg?bwg=1760717675\" data-image-id=\"377\" data-elementor-open-lightbox=\"no\">          <div class=\"bwg_mosaic_thumb_spun_0 bwg-item0 bwg-mosaic-thumb-span\">            <img decoding=\"async\" class=\"bwg_mosaic_thumb_0 skip-lazy bwg_img_clear bwg_img_custom\"                 id=\"377\"                 src=\"https:\/\/www.muzejsarajeva.ba\/wp-content\/uploads\/photo-gallery\/thumb\/VH-Muzej-sarajeva-ulaz-5-2025-5.jpg?bwg=1760717675\"                 data-src=\"https:\/\/www.muzejsarajeva.ba\/wp-content\/uploads\/photo-gallery\/thumb\/VH-Muzej-sarajeva-ulaz-5-2025-5.jpg?bwg=1760717675\"                 data-width=\"500.00\"                 data-height=\"225.00\"                 alt=\"VH-Muzej-sarajeva-ulaz-5-2025-5\"                 title=\"VH-Muzej-sarajeva-ulaz-5-2025-5\" \/>                      <\/div>        <\/a>                <a  class=\"bwg-a bwg_lightbox bwg_lightbox_0\" href=\"https:\/\/www.muzejsarajeva.ba\/wp-content\/uploads\/photo-gallery\/VH-Muzej-sarajeva-ulaz-5-2025-41.jpg?bwg=1760717675\" data-image-id=\"378\" data-elementor-open-lightbox=\"no\">          <div class=\"bwg_mosaic_thumb_spun_0 bwg-item0 bwg-mosaic-thumb-span\">            <img decoding=\"async\" class=\"bwg_mosaic_thumb_0 skip-lazy bwg_img_clear bwg_img_custom\"                 id=\"378\"                 src=\"https:\/\/www.muzejsarajeva.ba\/wp-content\/uploads\/photo-gallery\/thumb\/VH-Muzej-sarajeva-ulaz-5-2025-41.jpg?bwg=1760717675\"                 data-src=\"https:\/\/www.muzejsarajeva.ba\/wp-content\/uploads\/photo-gallery\/thumb\/VH-Muzej-sarajeva-ulaz-5-2025-41.jpg?bwg=1760717675\"                 data-width=\"500.00\"                 data-height=\"89.00\"                 alt=\"VH-Muzej-sarajeva-ulaz-5-2025-41\"                 title=\"VH-Muzej-sarajeva-ulaz-5-2025-41\" \/>                      <\/div>        <\/a>                <a  class=\"bwg-a bwg_lightbox bwg_lightbox_0\" href=\"https:\/\/www.muzejsarajeva.ba\/wp-content\/uploads\/photo-gallery\/VH-Muzej-sarajeva-ulaz-5-2025-37.jpg?bwg=1760717675\" data-image-id=\"379\" data-elementor-open-lightbox=\"no\">          <div class=\"bwg_mosaic_thumb_spun_0 bwg-item0 bwg-mosaic-thumb-span\">            <img decoding=\"async\" class=\"bwg_mosaic_thumb_0 skip-lazy bwg_img_clear bwg_img_custom\"                 id=\"379\"                 src=\"https:\/\/www.muzejsarajeva.ba\/wp-content\/uploads\/photo-gallery\/thumb\/VH-Muzej-sarajeva-ulaz-5-2025-37.jpg?bwg=1760717675\"                 data-src=\"https:\/\/www.muzejsarajeva.ba\/wp-content\/uploads\/photo-gallery\/thumb\/VH-Muzej-sarajeva-ulaz-5-2025-37.jpg?bwg=1760717675\"                 data-width=\"500.00\"                 data-height=\"310.00\"                 alt=\"VH-Muzej-sarajeva-ulaz-5-2025-37\"                 title=\"VH-Muzej-sarajeva-ulaz-5-2025-37\" \/>                      <\/div>        <\/a>                <a  class=\"bwg-a bwg_lightbox bwg_lightbox_0\" href=\"https:\/\/www.muzejsarajeva.ba\/wp-content\/uploads\/photo-gallery\/nadzak.jpg?bwg=1760717675\" data-image-id=\"380\" data-elementor-open-lightbox=\"no\">          <div class=\"bwg_mosaic_thumb_spun_0 bwg-item0 bwg-mosaic-thumb-span\">            <img decoding=\"async\" class=\"bwg_mosaic_thumb_0 skip-lazy bwg_img_clear bwg_img_custom\"                 id=\"380\"                 src=\"https:\/\/www.muzejsarajeva.ba\/wp-content\/uploads\/photo-gallery\/thumb\/nadzak.jpg?bwg=1760717675\"                 data-src=\"https:\/\/www.muzejsarajeva.ba\/wp-content\/uploads\/photo-gallery\/thumb\/nadzak.jpg?bwg=1760717675\"                 data-width=\"500.00\"                 data-height=\"223.00\"                 alt=\"nadzak\"                 title=\"nadzak\" \/>                      <\/div>        <\/a>                <a  class=\"bwg-a bwg_lightbox bwg_lightbox_0\" href=\"https:\/\/www.muzejsarajeva.ba\/wp-content\/uploads\/photo-gallery\/VH-Muzej-sarajeva-ulaz-5-2025-39.jpg?bwg=1760717675\" data-image-id=\"381\" data-elementor-open-lightbox=\"no\">          <div class=\"bwg_mosaic_thumb_spun_0 bwg-item0 bwg-mosaic-thumb-span\">            <img decoding=\"async\" class=\"bwg_mosaic_thumb_0 skip-lazy bwg_img_clear bwg_img_custom\"                 id=\"381\"                 src=\"https:\/\/www.muzejsarajeva.ba\/wp-content\/uploads\/photo-gallery\/thumb\/VH-Muzej-sarajeva-ulaz-5-2025-39.jpg?bwg=1760717675\"                 data-src=\"https:\/\/www.muzejsarajeva.ba\/wp-content\/uploads\/photo-gallery\/thumb\/VH-Muzej-sarajeva-ulaz-5-2025-39.jpg?bwg=1760717675\"                 data-width=\"500.00\"                 data-height=\"209.00\"                 alt=\"VH-Muzej-sarajeva-ulaz-5-2025-39\"                 title=\"VH-Muzej-sarajeva-ulaz-5-2025-39\" \/>                      <\/div>        <\/a>                <a  class=\"bwg-a bwg_lightbox bwg_lightbox_0\" href=\"https:\/\/www.muzejsarajeva.ba\/wp-content\/uploads\/photo-gallery\/VH-Muzej-sarajeva-ulaz-5-2025-42.jpg?bwg=1760717675\" data-image-id=\"382\" data-elementor-open-lightbox=\"no\">          <div class=\"bwg_mosaic_thumb_spun_0 bwg-item0 bwg-mosaic-thumb-span\">            <img decoding=\"async\" class=\"bwg_mosaic_thumb_0 skip-lazy bwg_img_clear bwg_img_custom\"                 id=\"382\"                 src=\"https:\/\/www.muzejsarajeva.ba\/wp-content\/uploads\/photo-gallery\/thumb\/VH-Muzej-sarajeva-ulaz-5-2025-42.jpg?bwg=1760717675\"                 data-src=\"https:\/\/www.muzejsarajeva.ba\/wp-content\/uploads\/photo-gallery\/thumb\/VH-Muzej-sarajeva-ulaz-5-2025-42.jpg?bwg=1760717675\"                 data-width=\"500.00\"                 data-height=\"100.00\"                 alt=\"VH-Muzej-sarajeva-ulaz-5-2025-42\"                 title=\"VH-Muzej-sarajeva-ulaz-5-2025-42\" \/>                      <\/div>        <\/a>            <\/div>    <\/div>    <style>      \/*pagination styles*\/      #bwg_container1_0 #bwg_container2_0 .tablenav-pages_0 {\t\t\t\ttext-align: center;\t\t\t\tfont-size: 12px;\t\t\t\tfont-family: Ubuntu;\t\t\t\tfont-weight: bold;\t\t\t\tcolor: #666666;\t\t\t\tmargin: 6px 0 4px;\t\t\t\tdisplay: block;      }      @media only screen and (max-width : 320px) {      #bwg_container1_0 #bwg_container2_0 .displaying-num_0 {     \t display: none;      }      }      #bwg_container1_0 #bwg_container2_0 .displaying-num_0 {\t\t\t\tfont-size: 12px;\t\t\t\tfont-family: Ubuntu;\t\t\t\tfont-weight: bold;\t\t\t\tcolor: #666666;\t\t\t\tmargin-right: 10px;\t\t\t\tvertical-align: middle;      }      #bwg_container1_0 #bwg_container2_0 .paging-input_0 {\t\t\t\tfont-size: 12px;\t\t\t\tfont-family: Ubuntu;\t\t\t\tfont-weight: bold;\t\t\t\tcolor: #666666;\t\t\t\tvertical-align: middle;      }      #bwg_container1_0 #bwg_container2_0 .tablenav-pages_0 a.disabled,      #bwg_container1_0 #bwg_container2_0 .tablenav-pages_0 a.disabled:hover,      #bwg_container1_0 #bwg_container2_0 .tablenav-pages_0 a.disabled:focus,\t\t\t#bwg_container1_0 #bwg_container2_0 .tablenav-pages_0 input.bwg_current_page {\t\t\t\tcursor: default;\t\t\t\tcolor: rgba(102, 102, 102, 0.5);      }      #bwg_container1_0 #bwg_container2_0 .tablenav-pages_0 a,      #bwg_container1_0 #bwg_container2_0 .tablenav-pages_0 input.bwg_current_page {\t\t\t\tcursor: pointer;\t\t\t\ttext-align: center;\t\t\t\tfont-size: 12px;\t\t\t\tfont-family: Ubuntu;\t\t\t\tfont-weight: bold;\t\t\t\tcolor: #666666;\t\t\t\ttext-decoration: none;\t\t\t\tpadding: 3px 6px;\t\t\t\tmargin: 0;\t\t\t\tborder-radius: 0;\t\t\t\tborder-style: solid;\t\t\t\tborder-width: 1px;\t\t\t\tborder-color: #E3E3E3;\t\t\t\t\t\t\t\tbackground-color: rgba(255, 255, 255, 1.00);\t\t\t\tbox-shadow: 0;\t\t\t\ttransition: all 0.3s ease 0s;-webkit-transition: all 0.3s ease 0s;      }      <\/style>      <span class=\"bwg_nav_cont_0\">              <div class=\"tablenav-pages_0\">                  <\/div>                <input type=\"hidden\" id=\"page_number_0\" name=\"page_number_0\" value=\"1\" \/>      <script type=\"text\/javascript\">        if( jQuery('.bwg_nav_cont_0').length > 1 ) {          jQuery('.bwg_nav_cont_0').first().remove()        }        function spider_page_0(cur, x, y, load_more) {          if (typeof load_more == \"undefined\") {            var load_more = false;          }          if (jQuery(cur).hasClass('disabled')) {            return false;          }          var items_county_0 = 1;          switch (y) {            case 1:              if (x >= items_county_0) {                document.getElementById('page_number_0').value = items_county_0;              }              else {                document.getElementById('page_number_0').value = x + 1;              }              break;            case 2:              document.getElementById('page_number_0').value = items_county_0;              break;            case -1:              if (x == 1) {                document.getElementById('page_number_0').value = 1;              }              else {                document.getElementById('page_number_0').value = x - 1;              }              break;            case -2:              document.getElementById('page_number_0').value = 1;              break;\t\t\t\t\t\tcase 0:              document.getElementById('page_number_0').value = x;              break;            default:              document.getElementById('page_number_0').value = 1;          }          bwg_ajax('gal_front_form_0', '0', 'bwg_thumbnails_mosaic_0', '0', '', 'gallery', 0, '', '', load_more, '', 1);        }                    jQuery('.first-page-0').on('click', function () {              spider_page_0(this, 1, -2, 'numeric');              return false;            });            jQuery('.prev-page-0').on('click', function () {              spider_page_0(this, 1, -1, 'numeric');              return false;            });            jQuery('.next-page-0').on('click', function () {              spider_page_0(this, 1, 1, 'numeric');              return false;            });            jQuery('.last-page-0').on('click', function () {              spider_page_0(this, 1, 2, 'numeric');              return false;            });        \t\t\t\t\/* Change page on input enter. *\/        function bwg_change_page_0( e, that ) {          if (  e.key == 'Enter' ) {            var to_page = parseInt(jQuery(that).val());            var pages_count = jQuery(that).parents(\".pagination-links\").data(\"pages-count\");            var current_url_param = jQuery(that).attr('data-url-info');            if (to_page > pages_count) {              to_page = 1;            }\t \t\t\t\t\t\t\t\t\t\t\t\tspider_page_0(this, to_page, 0, 'numeric');\t\t\t\t\t\t\treturn false;\t\t\t\t\t\t          }          return true;        }        jQuery('.bwg_load_btn_0').on('click', function () {            spider_page_0(this, 1, 1, true);            return false;        });      <\/script>      <\/span>                <\/div>        <input type=\"hidden\" name=\"trp-form-language\" value=\"en\"\/><\/form>        <style>          #bwg_container1_0 #bwg_container2_0 #spider_popup_overlay_0 {          background-color: #EEEEEE;          opacity: 0.60;          }          <\/style>        <div id=\"bwg_spider_popup_loading_0\" class=\"bwg_spider_popup_loading\"><\/div>        <div id=\"spider_popup_overlay_0\" class=\"spider_popup_overlay\" onclick=\"spider_destroypopup(1000)\"><\/div>        <input type=\"hidden\" id=\"bwg_random_seed_0\" value=\"63467375\">                <\/div>    <\/div>    <script>      if (document.readyState === 'complete') {        if( typeof bwg_main_ready == 'function' ) {          if ( jQuery(\"#bwg_container1_0\").height() ) {            bwg_main_ready(jQuery(\"#bwg_container1_0\"));          }        }      } else {        document.addEventListener('DOMContentLoaded', function() {          if( typeof bwg_main_ready == 'function' ) {            if ( jQuery(\"#bwg_container1_0\").height() ) {             bwg_main_ready(jQuery(\"#bwg_container1_0\"));            }          }        });      }    <\/script>    \n\n\t\t<\/div>\n\t<\/div>\n<\/div><\/div><\/div><\/div><\/div><\/div><\/div><\/div><div class=\"vc_row wpb_row vc_row-fluid vc_custom_1552813044586 bg-image-ps-inherit\"><div class=\"wpb_column vc_column_container vc_col-sm-6 rm-padding-lg\"><div class=\"vc_column-inner vc_custom_1552902458867\"><div class=\"wpb_wrapper\"><\/div><\/div><\/div><div class=\"wpb_column vc_column_container vc_col-sm-6\"><div class=\"vc_column-inner vc_custom_1552813034346\"><div class=\"wpb_wrapper\"><\/div><\/div><\/div><\/div>\n<\/div>","protected":false},"excerpt":{"rendered":"Posebnost starog oru\u017eja le\u017ei u njegovoj jedinstvenosti i \u010dinjenici da je svaki komad umjetni\u010dko djelo raznih obrtnika koji su u\u010destvovali u izradi. Upravo taj trud i vrijeme ulo\u017eeni u svaki pojedini detalj mehanizma ili zavr\u0161nog ukra\u0161avanja \u010dine ga posebnim, a motivi i na\u010dini ukra\u0161avanja mnogo nam govore o vlasniku oru\u017eja. Kroz zbirku starog oru\u017eja ljubiteljima [...]","protected":false},"author":3,"featured_media":0,"parent":0,"menu_order":0,"comment_status":"closed","ping_status":"closed","template":"","meta":{"footnotes":""},"class_list":["post-2402","page","type-page","status-publish","hentry"],"_links":{"self":[{"href":"https:\/\/www.muzejsarajeva.ba\/en\/wp-json\/wp\/v2\/pages\/2402","targetHints":{"allow":["GET"]}}],"collection":[{"href":"https:\/\/www.muzejsarajeva.ba\/en\/wp-json\/wp\/v2\/pages"}],"about":[{"href":"https:\/\/www.muzejsarajeva.ba\/en\/wp-json\/wp\/v2\/types\/page"}],"author":[{"embeddable":true,"href":"https:\/\/www.muzejsarajeva.ba\/en\/wp-json\/wp\/v2\/users\/3"}],"replies":[{"embeddable":true,"href":"https:\/\/www.muzejsarajeva.ba\/en\/wp-json\/wp\/v2\/comments?post=2402"}],"version-history":[{"count":5,"href":"https:\/\/www.muzejsarajeva.ba\/en\/wp-json\/wp\/v2\/pages\/2402\/revisions"}],"predecessor-version":[{"id":4378,"href":"https:\/\/www.muzejsarajeva.ba\/en\/wp-json\/wp\/v2\/pages\/2402\/revisions\/4378"}],"wp:attachment":[{"href":"https:\/\/www.muzejsarajeva.ba\/en\/wp-json\/wp\/v2\/media?parent=2402"}],"curies":[{"name":"wp","href":"https:\/\/api.w.org\/{rel}","templated":true}]}}