{"id":2435,"date":"2025-10-01T20:50:52","date_gmt":"2025-10-01T20:50:52","guid":{"rendered":"https:\/\/www.muzejsarajeva.ba\/?page_id=2435"},"modified":"2026-01-29T11:25:00","modified_gmt":"2026-01-29T11:25:00","slug":"interni-pravilnici-i-odluke","status":"publish","type":"page","link":"https:\/\/www.muzejsarajeva.ba\/en\/interni-pravilnici-i-odluke\/","title":{"rendered":"Internal Regulations and Decisions"},"content":{"rendered":"<div class=\"wpb-content-wrapper\"><div class=\"vc_row wpb_row vc_row-fluid bg-image-ps-inherit\"><div class=\"wpb_column vc_column_container vc_col-sm-12\"><div class=\"vc_column-inner\"><div class=\"wpb_wrapper\"><div class=\"vc_tta-container\" data-vc-action=\"collapse\"><div class=\"vc_general vc_tta vc_tta-accordion vc_tta-style-default vc_tta-o-shape-group\"><div class=\"vc_tta-panels-container\"><div class=\"vc_tta-panels\"><div class=\"vc_tta-panel vc_active\" id=\"1757441207245-9997da1c-c76b\" data-vc-content=\".vc_tta-panel-body\"><div class=\"vc_tta-panel-heading\"><h4 class=\"vc_tta-panel-title\"><a href=\"#1757441207245-9997da1c-c76b\" data-vc-accordion data-vc-container=\".vc_tta-container\"><span class=\"vc_tta-title-text\">Pravilnik o za\u0161titi od po\u017eara<\/span><\/a><\/h4><\/div><div class=\"vc_tta-panel-body\"><div class=\"ct-button-wrapper align-left align-left-md align-left-sm align-left-xs  wpb_animate_when_almost_visible wpb_fadeInUp fadeInUp\">\n\n    <a  href=\"https:\/\/www.muzejsarajeva.ba\/wp-content\/uploads\/2026\/01\/Pravilnik-o-zastiti-od-pozara.pdf\" target=\"_blank\" class=\"btn  btn-default size-default\">\n        <span>download<\/span>\n            <\/a>\n\n<\/div><\/div><\/div><div class=\"vc_tta-panel\" id=\"1769685843147-41e6a055-26d1\" data-vc-content=\".vc_tta-panel-body\"><div class=\"vc_tta-panel-heading\"><h4 class=\"vc_tta-panel-title\"><a href=\"#1769685843147-41e6a055-26d1\" data-vc-accordion data-vc-container=\".vc_tta-container\"><span class=\"vc_tta-title-text\">Eti\u010dki kodeks<\/span><\/a><\/h4><\/div><div class=\"vc_tta-panel-body\"><div class=\"ct-button-wrapper align-left align-left-md align-left-sm align-left-xs  wpb_animate_when_almost_visible wpb_fadeInUp fadeInUp\">\n\n    <a  href=\"\/wp-content\/uploads\/2025\/10\/Eticki-kodeks.pdf\" target=\"_blank\" class=\"btn  btn-default size-default\">\n        <span>download<\/span>\n            <\/a>\n\n<\/div><\/div><\/div><div class=\"vc_tta-panel\" id=\"1759351598960-1f5243b3-c75a\" data-vc-content=\".vc_tta-panel-body\"><div class=\"vc_tta-panel-heading\"><h4 class=\"vc_tta-panel-title\"><a href=\"#1759351598960-1f5243b3-c75a\" data-vc-accordion data-vc-container=\".vc_tta-container\"><span class=\"vc_tta-title-text\">Plan integriteta 2025<\/span><\/a><\/h4><\/div><div class=\"vc_tta-panel-body\"><div class=\"ct-button-wrapper align-left align-left-md align-left-sm align-left-xs  wpb_animate_when_almost_visible wpb_fadeInUp fadeInUp\">\n\n    <a  href=\"\/wp-content\/uploads\/2025\/10\/Plan-integriteta-2025.pdf\" target=\"_blank\" class=\"btn  btn-default size-default\">\n        <span>download<\/span>\n            <\/a>\n\n<\/div><\/div><\/div><div class=\"vc_tta-panel\" id=\"1759351880201-16186b71-057a\" data-vc-content=\".vc_tta-panel-body\"><div class=\"vc_tta-panel-heading\"><h4 class=\"vc_tta-panel-title\"><a href=\"#1759351880201-16186b71-057a\" data-vc-accordion data-vc-container=\".vc_tta-container\"><span class=\"vc_tta-title-text\">Lista kategorija registraturne gra\u0111e<\/span><\/a><\/h4><\/div><div class=\"vc_tta-panel-body\"><div class=\"ct-button-wrapper align-left align-left-md align-left-sm align-left-xs  wpb_animate_when_almost_visible wpb_fadeInUp fadeInUp\">\n\n    <a  href=\"\/wp-content\/uploads\/2025\/10\/Lista-kategorija-registraturne-gradje.pdf\" target=\"_blank\" class=\"btn  btn-default size-default\">\n        <span>download<\/span>\n            <\/a>\n\n<\/div><\/div><\/div><div class=\"vc_tta-panel\" id=\"1759351927265-db70c480-ceb2\" data-vc-content=\".vc_tta-panel-body\"><div class=\"vc_tta-panel-heading\"><h4 class=\"vc_tta-panel-title\"><a href=\"#1759351927265-db70c480-ceb2\" data-vc-accordion data-vc-container=\".vc_tta-container\"><span class=\"vc_tta-title-text\">Pravila JU Muzej Sarajeva<\/span><\/a><\/h4><\/div><div class=\"vc_tta-panel-body\"><div class=\"ct-button-wrapper align-left align-left-md align-left-sm align-left-xs  wpb_animate_when_almost_visible wpb_fadeInUp fadeInUp\">\n\n    <a  href=\"\/wp-content\/uploads\/2025\/10\/Pravila-JU-Muzej-Sarajeva-1.docx\" target=\"_blank\" class=\"btn  btn-default size-default\">\n        <span>download<\/span>\n            <\/a>\n\n<\/div><\/div><\/div><div class=\"vc_tta-panel\" id=\"1759351962163-be2d5119-f01c\" data-vc-content=\".vc_tta-panel-body\"><div class=\"vc_tta-panel-heading\"><h4 class=\"vc_tta-panel-title\"><a href=\"#1759351962163-be2d5119-f01c\" data-vc-accordion data-vc-container=\".vc_tta-container\"><span class=\"vc_tta-title-text\">Izmjene i dopune Pravilnika o radu<\/span><\/a><\/h4><\/div><div class=\"vc_tta-panel-body\"><div class=\"ct-button-wrapper align-left align-left-md align-left-sm align-left-xs  wpb_animate_when_almost_visible wpb_fadeInUp fadeInUp\">\n\n    <a  href=\"\/wp-content\/uploads\/2025\/10\/Izmjene-i-dopune-Pravilnika-o-radu.pdf\" target=\"_blank\" class=\"btn  btn-default size-default\">\n        <span>download<\/span>\n            <\/a>\n\n<\/div><\/div><\/div><div class=\"vc_tta-panel\" id=\"1759352058510-81253af3-5dd9\" data-vc-content=\".vc_tta-panel-body\"><div class=\"vc_tta-panel-heading\"><h4 class=\"vc_tta-panel-title\"><a href=\"#1759352058510-81253af3-5dd9\" data-vc-accordion data-vc-container=\".vc_tta-container\"><span class=\"vc_tta-title-text\">MUZEJ SARAJEVA Pravilnik o radu 04 2023.<\/span><\/a><\/h4><\/div><div class=\"vc_tta-panel-body\"><div class=\"ct-button-wrapper align-left align-left-md align-left-sm align-left-xs  wpb_animate_when_almost_visible wpb_fadeInUp fadeInUp\">\n\n    <a  href=\"\/wp-content\/uploads\/2025\/10\/MUZEJ-SARAJEVA-PRAVILNIK-O-RADU-04-2023.pdf\" target=\"_blank\" class=\"btn  btn-default size-default\">\n        <span>download<\/span>\n            <\/a>\n\n<\/div><\/div><\/div><div class=\"vc_tta-panel\" id=\"1759352107015-b7bae2b3-c8fe\" data-vc-content=\".vc_tta-panel-body\"><div class=\"vc_tta-panel-heading\"><h4 class=\"vc_tta-panel-title\"><a href=\"#1759352107015-b7bae2b3-c8fe\" data-vc-accordion data-vc-container=\".vc_tta-container\"><span class=\"vc_tta-title-text\">Pravilnik o izmjenama i dopunama pravilnika o sistematizaciji<\/span><\/a><\/h4><\/div><div class=\"vc_tta-panel-body\"><div class=\"ct-button-wrapper align-left align-left-md align-left-sm align-left-xs  wpb_animate_when_almost_visible wpb_fadeInUp fadeInUp\">\n\n    <a  href=\"\/wp-content\/uploads\/2025\/10\/Pravilnik-o-izmjenama-i-dopunama-pravilnika-o-sistematizaciji.pdf\" target=\"_blank\" class=\"btn  btn-default size-default\">\n        <span>download<\/span>\n            <\/a>\n\n<\/div><\/div><\/div><div class=\"vc_tta-panel\" id=\"1759352140817-e652273b-368e\" data-vc-content=\".vc_tta-panel-body\"><div class=\"vc_tta-panel-heading\"><h4 class=\"vc_tta-panel-title\"><a href=\"#1759352140817-e652273b-368e\" data-vc-accordion data-vc-container=\".vc_tta-container\"><span class=\"vc_tta-title-text\">USVOJENI PRAVILNIK O UNUTRA\u0160NJOJ ORGANIZACIJI I SISTEMATIZACIJI POSLOVA I RADNIH ZADATAKA U JAVNOJ USTANOVI MUZEJ SARAJEVA<\/span><\/a><\/h4><\/div><div class=\"vc_tta-panel-body\"><div class=\"ct-button-wrapper align-left align-left-md align-left-sm align-left-xs  wpb_animate_when_almost_visible wpb_fadeInUp fadeInUp\">\n\n    <a  href=\"\/wp-content\/uploads\/2025\/10\/USVOJENI-PRAVILNIK-O-UNUTRASNJOJ-ORGANIZACIJI-I-SISTEMATIZACIJI-POSLOVA-I-RADNIH-ZADATAKA-U-JAVNOJ-USTANOVI-MUZEJ-SARAJEVA.pdf\" target=\"_blank\" class=\"btn  btn-default size-default\">\n        <span>download<\/span>\n            <\/a>\n\n<\/div><\/div><\/div><div class=\"vc_tta-panel\" id=\"1759352587688-3445b6de-a995\" data-vc-content=\".vc_tta-panel-body\"><div class=\"vc_tta-panel-heading\"><h4 class=\"vc_tta-panel-title\"><a href=\"#1759352587688-3445b6de-a995\" data-vc-accordion data-vc-container=\".vc_tta-container\"><span class=\"vc_tta-title-text\">Pravilnik o postupku internog prijavljivanja korupcije i postupanju po prijavama u JU \u201cMUZEJ SARAJEVA\u201d SARAJEVO<\/span><\/a><\/h4><\/div><div class=\"vc_tta-panel-body\"><div class=\"ct-button-wrapper align-left align-left-md align-left-sm align-left-xs  wpb_animate_when_almost_visible wpb_fadeInUp fadeInUp\">\n\n    <a  href=\"\/wp-content\/uploads\/2025\/09\/Pravilnik-o-internom-prijavljivanju-korupcije-SKEN.pdf\" target=\"_blank\" class=\"btn  btn-default size-default\">\n        <span>download<\/span>\n            <\/a>\n\n<\/div><\/div><\/div><div class=\"vc_tta-panel\" id=\"1759352808874-71bf5684-030c\" data-vc-content=\".vc_tta-panel-body\"><div class=\"vc_tta-panel-heading\"><h4 class=\"vc_tta-panel-title\"><a href=\"#1759352808874-71bf5684-030c\" data-vc-accordion data-vc-container=\".vc_tta-container\"><span class=\"vc_tta-title-text\">Druge izmjene Pravilnika o radu<\/span><\/a><\/h4><\/div><div class=\"vc_tta-panel-body\"><div class=\"ct-button-wrapper align-left align-left-md align-left-sm align-left-xs  wpb_animate_when_almost_visible wpb_fadeInUp fadeInUp\">\n\n    <a  href=\"\/wp-content\/uploads\/2025\/10\/Druge-izmjene-Pravilnika-o-radu.pdf\" target=\"_blank\" class=\"btn  btn-default size-default\">\n        <span>download<\/span>\n            <\/a>\n\n<\/div><\/div><\/div><div class=\"vc_tta-panel\" id=\"1759352870206-c7ae5553-b706\" data-vc-content=\".vc_tta-panel-body\"><div class=\"vc_tta-panel-heading\"><h4 class=\"vc_tta-panel-title\"><a href=\"#1759352870206-c7ae5553-b706\" data-vc-accordion data-vc-container=\".vc_tta-container\"><span class=\"vc_tta-title-text\">Pravila o izmjeni pravila JU Muzej Sarajeva<\/span><\/a><\/h4><\/div><div class=\"vc_tta-panel-body\"><div class=\"ct-button-wrapper align-left align-left-md align-left-sm align-left-xs  wpb_animate_when_almost_visible wpb_fadeInUp fadeInUp\">\n\n    <a  href=\"\/wp-content\/uploads\/2025\/10\/Pravila-o-izmjeni-pravila-JU-Muzej-Sarajeva.pdf\" target=\"_blank\" class=\"btn  btn-default size-default\">\n        <span>download<\/span>\n            <\/a>\n\n<\/div><\/div><\/div><div class=\"vc_tta-panel\" id=\"1759352915904-b34ad3d0-795b\" data-vc-content=\".vc_tta-panel-body\"><div class=\"vc_tta-panel-heading\"><h4 class=\"vc_tta-panel-title\"><a href=\"#1759352915904-b34ad3d0-795b\" data-vc-accordion data-vc-container=\".vc_tta-container\"><span class=\"vc_tta-title-text\">Pravilnik o javnim nabavkama u JU Muzej Sarajeva<\/span><\/a><\/h4><\/div><div class=\"vc_tta-panel-body\"><div class=\"ct-button-wrapper align-left align-left-md align-left-sm align-left-xs  wpb_animate_when_almost_visible wpb_fadeInUp fadeInUp\">\n\n    <a  href=\"\/wp-content\/uploads\/2025\/10\/Pravilnik-o-javnim-nabavkama-u-JU-Muzej-Sarajeva.pdf\" target=\"_blank\" class=\"btn  btn-default size-default\">\n        <span>download<\/span>\n            <\/a>\n\n<\/div><\/div><\/div><div class=\"vc_tta-panel\" id=\"1759352960457-cae65f2c-c22e\" data-vc-content=\".vc_tta-panel-body\"><div class=\"vc_tta-panel-heading\"><h4 class=\"vc_tta-panel-title\"><a href=\"#1759352960457-cae65f2c-c22e\" data-vc-accordion data-vc-container=\".vc_tta-container\"><span class=\"vc_tta-title-text\">Pravilnik o na\u010dinu prodaje ulaznica, muzejskih publikacija i iznajmljivanju prostora i mobilijara<\/span><\/a><\/h4><\/div><div class=\"vc_tta-panel-body\"><div class=\"ct-button-wrapper align-left align-left-md align-left-sm align-left-xs  wpb_animate_when_almost_visible wpb_fadeInUp fadeInUp\">\n\n    <a  href=\"\/wp-content\/uploads\/2025\/10\/Pravilnik-o-nacinu-prodaje-ulaznica-muzejskih-publikacija-i-iznajmljivanju-prostora-i-mobilijara.pdf\" target=\"_blank\" class=\"btn  btn-default size-default\">\n        <span>download<\/span>\n            <\/a>\n\n<\/div><\/div><\/div><\/div><\/div><\/div><\/div><\/div><\/div><\/div><\/div>\n<\/div>","protected":false},"excerpt":{"rendered":"Pravilnik o za\u0161titi od po\u017eara download Eti\u010dki kodeks download Plan integriteta 2025 download Lista kategorija registraturne gra\u0111e download Pravila JU Muzej Sarajeva download Izmjene i dopune Pravilnika o radu download MUZEJ SARAJEVA Pravilnik o radu 04 2023. download Pravilnik o izmjenama i dopunama pravilnika o sistematizaciji download USVOJENI PRAVILNIK O UNUTRA\u0160NJOJ ORGANIZACIJI I SISTEMATIZACIJI POSLOVA [...]","protected":false},"author":3,"featured_media":0,"parent":0,"menu_order":0,"comment_status":"closed","ping_status":"closed","template":"","meta":{"footnotes":""},"class_list":["post-2435","page","type-page","status-publish","hentry"],"_links":{"self":[{"href":"https:\/\/www.muzejsarajeva.ba\/en\/wp-json\/wp\/v2\/pages\/2435","targetHints":{"allow":["GET"]}}],"collection":[{"href":"https:\/\/www.muzejsarajeva.ba\/en\/wp-json\/wp\/v2\/pages"}],"about":[{"href":"https:\/\/www.muzejsarajeva.ba\/en\/wp-json\/wp\/v2\/types\/page"}],"author":[{"embeddable":true,"href":"https:\/\/www.muzejsarajeva.ba\/en\/wp-json\/wp\/v2\/users\/3"}],"replies":[{"embeddable":true,"href":"https:\/\/www.muzejsarajeva.ba\/en\/wp-json\/wp\/v2\/comments?post=2435"}],"version-history":[{"count":12,"href":"https:\/\/www.muzejsarajeva.ba\/en\/wp-json\/wp\/v2\/pages\/2435\/revisions"}],"predecessor-version":[{"id":5196,"href":"https:\/\/www.muzejsarajeva.ba\/en\/wp-json\/wp\/v2\/pages\/2435\/revisions\/5196"}],"wp:attachment":[{"href":"https:\/\/www.muzejsarajeva.ba\/en\/wp-json\/wp\/v2\/media?parent=2435"}],"curies":[{"name":"wp","href":"https:\/\/api.w.org\/{rel}","templated":true}]}}