{"id":2550,"date":"2025-10-03T18:40:56","date_gmt":"2025-10-03T18:40:56","guid":{"rendered":"https:\/\/www.muzejsarajeva.ba\/?page_id=2550"},"modified":"2025-11-05T19:00:11","modified_gmt":"2025-11-05T19:00:11","slug":"historija-muzeja","status":"publish","type":"page","link":"https:\/\/www.muzejsarajeva.ba\/en\/historija-muzeja\/","title":{"rendered":"Museum history"},"content":{"rendered":"<div class=\"wpb-content-wrapper\"><div class=\"vc_row wpb_row vc_row-fluid bg-image-ps-inherit\"><div class=\"wpb_column vc_column_container vc_col-sm-12\"><div class=\"vc_column-inner\"><div class=\"wpb_wrapper\"><div class=\"vc_empty_space\"   style=\"height: 50px\"><span class=\"vc_empty_space_inner\"><\/span><\/div>\n\t<div class=\"wpb_text_column wpb_content_element vc_custom_1762369210372\" >\n\t\t<div class=\"wpb_wrapper\">\n\t\t\t<p>The establishment of the Sarajevo City Museum was formalized by the decision of the City People's Committee on February 19, 1949. Its mandate was to collect, organize, study, and use museological means to present the cultural, socio-political, and economic history of Sarajevo and its surrounding areas from ancient times to the present day. Initially housed in the Town Hall, the Museum's inventory consisted of only two desks, two chairs, and a bookcase. However, as the collection grew, the need for additional space became apparent. In September 1950, the Museum was allocated more space within the Town Hall, although this was a temporary solution, and there remained a need for permanent exhibition space. In 1952, the Museum, along with the City Archives, was granted use of the Judiciary and Sharia School building. The first employees included the manager Professor Vojislav Bogi\u010devi\u0107, and curator Ljubica Mladenovi\u0107.<\/p>\n<p>In 1951, Professor Ahmet Grebo was appointed director, a position he held for nearly two decades. The Museum's capacity expanded over time, leading to several significant developments. In 1950, an exhibition on kazaz crafts was opened in the shop of the \u0106ati\u0107 family on Kazazi Street in Ba\u0161\u010dar\u0161ija. In 1962\/63 Svrzo's house, one of the most beautiful old Bosnian houses, was restored and opened to visitors. That same year, the decoration of the Despi\u0107 family house began, and it was opened to the public the following year. On June 28, 1953, the \"Young Bosnia\" Museum dedicated to the Sarajevo assassination was inaugurated. The Jewish Museum officially opened in November 1966 during the 400th anniversary celebrations of the arrival of Jews in Bosnia and Herzegovina. During the 1992\u20121995 war, all of the Museum's archives and exhibits were safeguarded in the Museum of the Jews of BiH, which proved the synagogue to be a secure location for preserving the Museum's artefacts.<\/p>\n\n\t\t<\/div>\n\t<\/div>\n<\/div><\/div><\/div><\/div><div class=\"vc_row wpb_row vc_row-fluid bg-image-ps-inherit\"><div class=\"wpb_column vc_column_container vc_col-sm-12\"><div class=\"vc_column-inner\"><div class=\"wpb_wrapper\"><div class=\"vc_empty_space\"   style=\"height: 50px\"><span class=\"vc_empty_space_inner\"><\/span><\/div><div id=\"ct-heading\" class=\"ct-heading  style1 align-center align-center-md align-center-sm align-center-xs\">\n    \n            <h3 class=\"ct-heading-tag\" style=\"font-size:40px;line-height:50px; \">\n                                    <cite>Act of Establishment<\/cite> of Museum of Sarajevo                        <\/h3>\n            <div class=\"h-gap\">\n            <span>\n                <i ><\/i>\n                <i ><\/i>\n                <i ><\/i>\n                <i ><\/i>\n            <\/span>\n        <\/div>\n        <\/div>\n\t<div  class=\"wpb_single_image wpb_content_element vc_align_center wpb_content_element inherit inherit\">\n\t\t\n\t\t<figure class=\"wpb_wrapper vc_figure\">\n\t\t\t<a class=\"\" data-lightbox=\"lightbox[rel-2550-577799395]\" href=\"https:\/\/www.muzejsarajeva.ba\/wp-content\/uploads\/2025\/10\/akt-osnivanja-muzeja-scaled-1024x1024.jpg\" target=\"_self\"><img loading=\"lazy\" decoding=\"async\" width=\"1775\" height=\"2560\" src=\"https:\/\/www.muzejsarajeva.ba\/wp-content\/uploads\/2025\/10\/akt-osnivanja-muzeja-scaled.jpg\" class=\"vc_single_image-img attachment-full\" alt=\"\" title=\"akt osnivanja muzeja\" srcset=\"https:\/\/www.muzejsarajeva.ba\/wp-content\/uploads\/2025\/10\/akt-osnivanja-muzeja-scaled.jpg 1775w, https:\/\/www.muzejsarajeva.ba\/wp-content\/uploads\/2025\/10\/akt-osnivanja-muzeja-scaled-768x1108.jpg 768w, https:\/\/www.muzejsarajeva.ba\/wp-content\/uploads\/2025\/10\/akt-osnivanja-muzeja-scaled-1065x1536.jpg 1065w, https:\/\/www.muzejsarajeva.ba\/wp-content\/uploads\/2025\/10\/akt-osnivanja-muzeja-scaled-1420x2048.jpg 1420w, https:\/\/www.muzejsarajeva.ba\/wp-content\/uploads\/2025\/10\/akt-osnivanja-muzeja-scaled-8x12.jpg 8w\" sizes=\"auto, (max-width: 1775px) 100vw, 1775px\" \/><\/a>\n\t\t<\/figure>\n\t<\/div>\n<\/div><\/div><\/div><\/div><div class=\"vc_row wpb_row vc_row-fluid bg-image-ps-inherit\"><div class=\"wpb_column vc_column_container vc_col-sm-12\"><div class=\"vc_column-inner\"><div class=\"wpb_wrapper\">\n\t<div class=\"wpb_text_column wpb_content_element\" >\n\t\t<div class=\"wpb_wrapper\">\n\t\t\t<p>Administrative changes and the establishment of cantons brought the Museum under the jurisdiction of the Canton of Sarajevo. Consequently, by a decision of the Canton Government, its name was changed to the Public Institution Museum of Sarajevo. Today, the Museum comprises a main building with depots and administration located at Kosta Herman's Villa, and five museum buildings: Svrzo's house, Despi\u0107's house, The Jewish Museum of Bosnia and Herzegovina, the Sarajevo Museum 1878\u20121918, and Brusa Bezistan with permanent exhibition showcases Sarajevo's history from prehistory through the Austro-Hungarian period. Since 1963, the Museum has been publishing the journal \"Contributions to the Study of the History of Sarajevo,\" which is one of the oldest museological journals in the country.<\/p>\n\n\t\t<\/div>\n\t<\/div>\n<\/div><\/div><\/div><\/div><div class=\"vc_row wpb_row vc_row-fluid bg-image-ps-inherit\"><div class=\"wpb_column vc_column_container vc_col-sm-12\"><div class=\"vc_column-inner\"><div class=\"wpb_wrapper\">\n\t<div  class=\"wpb_single_image wpb_content_element vc_align_left wpb_content_element wpb_animate_when_almost_visible wpb_fadeInUp fadeInUp inherit inherit\">\n\t\t\n\t\t<figure class=\"wpb_wrapper vc_figure\">\n\t\t\t<a class=\"\" data-lightbox=\"lightbox[rel-2550-339174257]\" href=\"https:\/\/www.muzejsarajeva.ba\/wp-content\/uploads\/2025\/10\/sudacka-skola-muzej-je-bio-tsmjesten-u-sadasnjem-fakultetu-islamskih-nauka-1024x1024.jpg\" target=\"_self\"><img loading=\"lazy\" decoding=\"async\" width=\"1179\" height=\"1396\" src=\"https:\/\/www.muzejsarajeva.ba\/wp-content\/uploads\/2025\/10\/sudacka-skola-muzej-je-bio-tsmjesten-u-sadasnjem-fakultetu-islamskih-nauka.jpg\" class=\"vc_single_image-img attachment-full\" alt=\"\" title=\"Screenshot\" srcset=\"https:\/\/www.muzejsarajeva.ba\/wp-content\/uploads\/2025\/10\/sudacka-skola-muzej-je-bio-tsmjesten-u-sadasnjem-fakultetu-islamskih-nauka.jpg 1179w, https:\/\/www.muzejsarajeva.ba\/wp-content\/uploads\/2025\/10\/sudacka-skola-muzej-je-bio-tsmjesten-u-sadasnjem-fakultetu-islamskih-nauka-768x909.jpg 768w, https:\/\/www.muzejsarajeva.ba\/wp-content\/uploads\/2025\/10\/sudacka-skola-muzej-je-bio-tsmjesten-u-sadasnjem-fakultetu-islamskih-nauka-10x12.jpg 10w\" sizes=\"auto, (max-width: 1179px) 100vw, 1179px\" \/><\/a>\n\t\t<\/figure>\n\t<\/div>\n<\/div><\/div><\/div><\/div>\n<\/div>","protected":false},"excerpt":{"rendered":"Odlukom Gradskog narodnog odbora u Sarajevu od 19. februara 1949. godine osnovan je Muzej grada Sarajeva. Njegov zadatak bio je da prikuplja, sre\u0111uje, prou\u010dava i muzeolo\u0161kim sredstvima prikazuje kulturnu, dru\u0161tveno-politi\u010dku i ekonomsku historiju grada Sarajeva i njegove bli\u017ee okoline od najstarijih vremena do danas. Prvobitno sjedi\u0161te Muzeja bilo je u zgradi Vije\u0107nice, a jedini inventar [...]","protected":false},"author":3,"featured_media":0,"parent":0,"menu_order":0,"comment_status":"closed","ping_status":"closed","template":"","meta":{"footnotes":""},"class_list":["post-2550","page","type-page","status-publish","hentry"],"_links":{"self":[{"href":"https:\/\/www.muzejsarajeva.ba\/en\/wp-json\/wp\/v2\/pages\/2550","targetHints":{"allow":["GET"]}}],"collection":[{"href":"https:\/\/www.muzejsarajeva.ba\/en\/wp-json\/wp\/v2\/pages"}],"about":[{"href":"https:\/\/www.muzejsarajeva.ba\/en\/wp-json\/wp\/v2\/types\/page"}],"author":[{"embeddable":true,"href":"https:\/\/www.muzejsarajeva.ba\/en\/wp-json\/wp\/v2\/users\/3"}],"replies":[{"embeddable":true,"href":"https:\/\/www.muzejsarajeva.ba\/en\/wp-json\/wp\/v2\/comments?post=2550"}],"version-history":[{"count":9,"href":"https:\/\/www.muzejsarajeva.ba\/en\/wp-json\/wp\/v2\/pages\/2550\/revisions"}],"predecessor-version":[{"id":2620,"href":"https:\/\/www.muzejsarajeva.ba\/en\/wp-json\/wp\/v2\/pages\/2550\/revisions\/2620"}],"wp:attachment":[{"href":"https:\/\/www.muzejsarajeva.ba\/en\/wp-json\/wp\/v2\/media?parent=2550"}],"curies":[{"name":"wp","href":"https:\/\/api.w.org\/{rel}","templated":true}]}}