{"id":3037,"date":"2025-10-24T15:14:32","date_gmt":"2025-10-24T15:14:32","guid":{"rendered":"https:\/\/www.muzejsarajeva.ba\/?page_id=3037"},"modified":"2025-11-06T17:49:22","modified_gmt":"2025-11-06T17:49:22","slug":"arhiv-novosti","status":"publish","type":"page","link":"https:\/\/www.muzejsarajeva.ba\/en\/arhiv-novosti\/","title":{"rendered":"News Archive"},"content":{"rendered":"<div class=\"wpb-content-wrapper\"><div class=\"vc_row wpb_row vc_row-fluid bg-image-ps-inherit\"><div class=\"wpb_column vc_column_container vc_col-sm-12\"><div class=\"vc_column-inner\"><div class=\"wpb_wrapper\">\n\t<div class=\"wpb_text_column wpb_content_element\" >\n\t\t<div class=\"wpb_wrapper\">\n\t\t\t\t\t<div class=\"pld-minimal-list pld-design-1 pld-clearfix\">\r\n\t\t\t<ol class=\"pld-minimal-list-inr\">\r\n\t\t\t<li class=\"pld-list\">\r\n\t\r\n\t<div class=\"pld-list-title\">\r\n\t\t<a href=\"https:\/\/www.muzejsarajeva.ba\/en\/2025\/10\/24\/odrzano-sedmo-javno-predavanje-iz-ciklusa-nasa-bastina-muzeja-sarajeva\/\">Odr\u017eano sedmo javno predavanje iz ciklusa \u201eNa\u0161a ba\u0161tina\u201c Muzeja Sarajeva<\/a>\r\n\t<\/div>\r\n\r\n\t<\/li><li class=\"pld-list\">\r\n\t\r\n\t<div class=\"pld-list-title\">\r\n\t\t<a href=\"https:\/\/www.muzejsarajeva.ba\/en\/2025\/10\/24\/velicanstvenih-75\/\">Veli\u010danstvenih 75<\/a>\r\n\t<\/div>\r\n\r\n\t<\/li><li class=\"pld-list\">\r\n\t\r\n\t<div class=\"pld-list-title\">\r\n\t\t<a href=\"https:\/\/www.muzejsarajeva.ba\/en\/2025\/10\/24\/sesto-javno-predavnje-iz-ciklusa-nasa-bastina-epidemije-i-rat-bolest-i-lijecenje-bosanskohercegovackih-vojnika-u-prvom-svjetskom-ratu-1914-1918\/\">Fotografika vrata iz Svrzine ku\u0107e<\/a>\r\n\t<\/div>\r\n\r\n\t<\/li><li class=\"pld-list\">\r\n\t\r\n\t<div class=\"pld-list-title\">\r\n\t\t<a href=\"https:\/\/www.muzejsarajeva.ba\/en\/2025\/10\/24\/pozivamo-vas-na-sesto-predavanje-iz-ciklusa-nasa-bastina\/\">Pozivamo vas na \u0161esto predavanje iz ciklusa \u201cNa\u0161a ba\u0161tina\u201d!<\/a>\r\n\t<\/div>\r\n\r\n\t<\/li><li class=\"pld-list\">\r\n\t\r\n\t<div class=\"pld-list-title\">\r\n\t\t<a href=\"https:\/\/www.muzejsarajeva.ba\/en\/2025\/10\/24\/svecana-akademija-povodom-obiljezavanja-10-godina-od-osnivanja-udruzenja-za-proucavanje-i-promociju-ilirskog-naslijedja-i-drevnih-i-klasicnih-civilizacija-bathinvs\/\">Sve\u010dana akademija povodom obilje\u017eavanja 10 godina od osnivanja Udru\u017eenja za prou\u010davanje i promociju ilirskog naslije\u0111a i drevnih i klasi\u010dnih civilizacija Bathinvs<\/a>\r\n\t<\/div>\r\n\r\n\t<\/li><li class=\"pld-list\">\r\n\t\r\n\t<div class=\"pld-list-title\">\r\n\t\t<a href=\"https:\/\/www.muzejsarajeva.ba\/en\/2025\/10\/24\/otvorena-izlozba-pod-nazivom-sarajevo-kao-imaginacija\/\">Otvorena izlo\u017eba pod nazivom \u201eSarajevo kao imaginacija\u201c<\/a>\r\n\t<\/div>\r\n\r\n\t<\/li><li class=\"pld-list\">\r\n\t\r\n\t<div class=\"pld-list-title\">\r\n\t\t<a href=\"https:\/\/www.muzejsarajeva.ba\/en\/2025\/10\/24\/svrzina-kuca-ponovo-otvorila-svoja-vrata-svim-posjetiteljima\/\">Svrzina ku\u0107a ponovo otvorila svoja vrata svim posjetiteljima<\/a>\r\n\t<\/div>\r\n\r\n\t<\/li><li class=\"pld-list\">\r\n\t\r\n\t<div class=\"pld-list-title\">\r\n\t\t<a href=\"https:\/\/www.muzejsarajeva.ba\/en\/2025\/10\/24\/otkrivamo-umjetnost-kroz-sarajevo\/\">Otkrivamo umjetnost kroz Sarajevo!<\/a>\r\n\t<\/div>\r\n\r\n\t<\/li><li class=\"pld-list\">\r\n\t\r\n\t<div class=\"pld-list-title\">\r\n\t\t<a href=\"https:\/\/www.muzejsarajeva.ba\/en\/2025\/10\/24\/prof-dr-salmedin-mesihovic-i-direktorica-muzeja-sarajeva-indira-kucuk-sorguc-obisli-lokaciju-rimskog-grada-aquae\/\">Prof. dr. Salmedin Mesihovi\u0107 i direktorica Muzeja Sarajeva Indira Ku\u010duk-Sorgu\u010d obi\u0161li lokaciju rimskog grada Aqu(a)e<\/a>\r\n\t<\/div>\r\n\r\n\t<\/li><li class=\"pld-list\">\r\n\t\r\n\t<div class=\"pld-list-title\">\r\n\t\t<a href=\"https:\/\/www.muzejsarajeva.ba\/en\/2025\/10\/24\/komemoracija-mevlidi-serdarevic\/\">Komemoracija Mevlidi Serdarevi\u0107<\/a>\r\n\t<\/div>\r\n\r\n\t<\/li><li class=\"pld-list\">\r\n\t\r\n\t<div class=\"pld-list-title\">\r\n\t\t<a href=\"https:\/\/www.muzejsarajeva.ba\/en\/2025\/10\/24\/svecano-otvorena-multimedijalna-izlozba-pod-nebom-vedre-vjere-islam-i-evropa-u-iskustvu-bosne-u-francuskom-paviljonu-u-zagrebu\/\">Sve\u010dano otvorena multimedijalna izlo\u017eba \u201cPod nebom vedre vjere \u2013 Islam i Evropa u iskustvu Bosne\u201d u Francuskom paviljonu u Zagrebu<\/a>\r\n\t<\/div>\r\n\r\n\t<\/li><li class=\"pld-list\">\r\n\t\r\n\t<div class=\"pld-list-title\">\r\n\t\t<a href=\"https:\/\/www.muzejsarajeva.ba\/en\/2025\/10\/24\/nasa-bastina\/\">Na\u0161a ba\u0161tina<\/a>\r\n\t<\/div>\r\n\r\n\t<\/li><li class=\"pld-list\">\r\n\t\r\n\t<div class=\"pld-list-title\">\r\n\t\t<a href=\"https:\/\/www.muzejsarajeva.ba\/en\/2025\/10\/24\/predstavljeni-eksponati-muzeja-sarajeva-na-izlozbi-pod-nebom-vedre-vjere-islam-i-evropa-u-iskustvu-bosne\/\">Predstavljeni eksponati Muzeja Sarajeva na izlo\u017ebi \u201cPod nebom vedre vjere: Islam i Evropa u iskustvu Bosne.\u201d<\/a>\r\n\t<\/div>\r\n\r\n\t<\/li><li class=\"pld-list\">\r\n\t\r\n\t<div class=\"pld-list-title\">\r\n\t\t<a href=\"https:\/\/www.muzejsarajeva.ba\/en\/2025\/10\/24\/danas-su-muzej-sarajevo-1878-1918-posjetile-milena-milatovic-i-mirela-becirovic\/\">Danas su Muzej Sarajevo 1878\u20131918 posjetile Milena Milatovi\u0107 i Mirela Be\u0107irovi\u0107<\/a>\r\n\t<\/div>\r\n\r\n\t<\/li><li class=\"pld-list\">\r\n\t\r\n\t<div class=\"pld-list-title\">\r\n\t\t<a href=\"https:\/\/www.muzejsarajeva.ba\/en\/2025\/10\/24\/priroda-koju-volim-u-svrzinoj-kuci\/\">Priroda koju volim u Svrzinoj ku\u0107i<\/a>\r\n\t<\/div>\r\n\r\n\t<\/li><li class=\"pld-list\">\r\n\t\r\n\t<div class=\"pld-list-title\">\r\n\t\t<a href=\"https:\/\/www.muzejsarajeva.ba\/en\/2025\/10\/24\/studenti-filozofskog-fakulteta-posjetili-dvije-izlozbe-muzeja-sarajeva\/\">Studenti Filozofskog fakulteta posjetili  dvije izlo\u017ebe Muzeja Sarajeva<\/a>\r\n\t<\/div>\r\n\r\n\t<\/li><li class=\"pld-list\">\r\n\t\r\n\t<div class=\"pld-list-title\">\r\n\t\t<a href=\"https:\/\/www.muzejsarajeva.ba\/en\/2025\/10\/24\/muzejska-jubilarna-izlozba-nasa-bastina\/\">Muzejska jubilarna izlo\u017eba \u201cNa\u0161a ba\u0161tina\u201d<\/a>\r\n\t<\/div>\r\n\r\n\t<\/li><li class=\"pld-list\">\r\n\t\r\n\t<div class=\"pld-list-title\">\r\n\t\t<a href=\"https:\/\/www.muzejsarajeva.ba\/en\/2025\/10\/24\/sinoc-je-hayat-tv-u-gazi-husrev-begovom-hanikahu-snimao-film-povodom-75-godisnjice-muzeja-sarajeva\/\">Sino\u0107 je Hayat TV u Gazi Husrev-begovom hanikahu snimao film povodom 75. godi\u0161njice Muzeja Sarajeva<\/a>\r\n\t<\/div>\r\n\r\n\t<\/li><li class=\"pld-list\">\r\n\t\r\n\t<div class=\"pld-list-title\">\r\n\t\t<a href=\"https:\/\/www.muzejsarajeva.ba\/en\/2025\/10\/24\/in-memoriam-mevlida-serdarevic-1942-2024\/\">In Memoriam: Mevlida Serdarevi\u0107 (1942\u20132024)<\/a>\r\n\t<\/div>\r\n\r\n\t<\/li><li class=\"pld-list\">\r\n\t\r\n\t<div class=\"pld-list-title\">\r\n\t\t<a href=\"https:\/\/www.muzejsarajeva.ba\/en\/2025\/10\/24\/mirsad-avdic-muzejski-savjetnik-govorio-o-znacajnom-povijesnom-dogadjaju-berlinskom-kongresu-1878\/\">Mirsad Avdi\u0107, muzejski savjetnik, govorio o zna\u010dajnom povijesnom doga\u0111aju \u2013 Berlinskom kongresu 1878.<\/a>\r\n\t<\/div>\r\n\r\n\t<\/li><li class=\"pld-list\">\r\n\t\r\n\t<div class=\"pld-list-title\">\r\n\t\t<a href=\"https:\/\/www.muzejsarajeva.ba\/en\/2025\/10\/24\/odrzano-javno-predavanja-na-temu-pripreme-agresije-na-bih-i-sarajevo-1992-1995\/\">Odr\u017eano javno predavanja na temu &#8220;Pripreme agresije na BiH i Sarajevo 1992.-1995.&#8221;<\/a>\r\n\t<\/div>\r\n\r\n\t<\/li><li class=\"pld-list\">\r\n\t\r\n\t<div class=\"pld-list-title\">\r\n\t\t<a href=\"https:\/\/www.muzejsarajeva.ba\/en\/2025\/10\/24\/ekskluzivna-izlozba-nasa-bastina-plijeni-paznju-sarajlija\/\">Ekskluzivna izlo\u017eba \u201cNa\u0161a ba\u0161tina\u201d plijeni pa\u017enju Sarajlija<\/a>\r\n\t<\/div>\r\n\r\n\t<\/li><li class=\"pld-list\">\r\n\t\r\n\t<div class=\"pld-list-title\">\r\n\t\t<a href=\"https:\/\/www.muzejsarajeva.ba\/en\/2025\/10\/24\/muzejsku-retrospektivna-izlozba-nasa-bastina\/\">Muzejsku retrospektivna izlo\u017eba \u201cNa\u0161a ba\u0161tina\u201d<\/a>\r\n\t<\/div>\r\n\r\n\t<\/li><li class=\"pld-list\">\r\n\t\r\n\t<div class=\"pld-list-title\">\r\n\t\t<a href=\"https:\/\/www.muzejsarajeva.ba\/en\/2025\/10\/24\/izlozba-zapadno-od-istoka-i-istocno-od-zapada\/\">Izlo\u017eba \u201cZapadno od Istoka i isto\u010dno od Zapada\u201d<\/a>\r\n\t<\/div>\r\n\r\n\t<\/li><li class=\"pld-list\">\r\n\t\r\n\t<div class=\"pld-list-title\">\r\n\t\t<a href=\"https:\/\/www.muzejsarajeva.ba\/en\/2025\/10\/24\/odrzano-cetvrto-predavanje-iz-ciklusa-nasa-bastina-muzeja-sarajeva\/\">Odr\u017eano \u010detvrto predavanje iz ciklusa \u201eNa\u0161a ba\u0161tina\u201c Muzeja Sarajeva<\/a>\r\n\t<\/div>\r\n\r\n\t<\/li><li class=\"pld-list\">\r\n\t\r\n\t<div class=\"pld-list-title\">\r\n\t\t<a href=\"https:\/\/www.muzejsarajeva.ba\/en\/2025\/10\/24\/obogatili-smo-postavku-u-art-kuci-sevdaha-sa-predmetima-ibrahima-ibre-mangafica\/\">Obogatili smo postavku u Art Ku\u0107i Sevdaha, sa predmetima Ibrahima Ibre Mangafi\u0107a<\/a>\r\n\t<\/div>\r\n\r\n\t<\/li><li class=\"pld-list\">\r\n\t\r\n\t<div class=\"pld-list-title\">\r\n\t\t<a href=\"https:\/\/www.muzejsarajeva.ba\/en\/2025\/10\/24\/izlozba-svrzina-kuca-vedra-kuca-u-mirisu-ruza\/\">IZLO\u017dBA \u2018\u2018SVRZINA KU\u0106A: VEDRA KU\u0106A U MIRISU RU\u017dA\u2019\u2019<\/a>\r\n\t<\/div>\r\n\r\n\t<\/li><li class=\"pld-list\">\r\n\t\r\n\t<div class=\"pld-list-title\">\r\n\t\t<a href=\"https:\/\/www.muzejsarajeva.ba\/en\/2025\/10\/24\/predavanje-u-okviru-ciklusa-nasa-bastina\/\">Predavanje u okviru ciklusa \u201cNa\u0161a ba\u0161tina\u201d<\/a>\r\n\t<\/div>\r\n\r\n\t<\/li>\t\t\t<\/ol>\r\n\r\n\t\t\t\t<\/div>\r\n\t\n<p>&nbsp;<\/p>\n\n\t\t<\/div>\n\t<\/div>\n<\/div><\/div><\/div><\/div>\n<\/div>","protected":false},"excerpt":{"rendered":"Pozivamo vas na \u010detvrto predavanje u okviru ciklusa \u201cNa\u0161a ba\u0161tina\u201d, koje \u0107e se odr\u017eati 19.9.2024. u 20:00 sati u Brusa bezistanu. Predava\u010di su: prof. dr. Salmedin Mesihovi\u0107 (Filozofski fakultet Univerziteta u Sarajevu) dr. sc. Edin Veletovac (kustos Muzeja Sarajeva, voditelj Jevrejske zbirke) Urbanizacija na prostoru dana\u0161njeg Sarajeva zapo\u010dela je prije 2000 godina osnivanjem municipija Aquae [...]","protected":false},"author":3,"featured_media":0,"parent":0,"menu_order":0,"comment_status":"closed","ping_status":"closed","template":"","meta":{"footnotes":""},"class_list":["post-3037","page","type-page","status-publish","hentry"],"_links":{"self":[{"href":"https:\/\/www.muzejsarajeva.ba\/en\/wp-json\/wp\/v2\/pages\/3037","targetHints":{"allow":["GET"]}}],"collection":[{"href":"https:\/\/www.muzejsarajeva.ba\/en\/wp-json\/wp\/v2\/pages"}],"about":[{"href":"https:\/\/www.muzejsarajeva.ba\/en\/wp-json\/wp\/v2\/types\/page"}],"author":[{"embeddable":true,"href":"https:\/\/www.muzejsarajeva.ba\/en\/wp-json\/wp\/v2\/users\/3"}],"replies":[{"embeddable":true,"href":"https:\/\/www.muzejsarajeva.ba\/en\/wp-json\/wp\/v2\/comments?post=3037"}],"version-history":[{"count":9,"href":"https:\/\/www.muzejsarajeva.ba\/en\/wp-json\/wp\/v2\/pages\/3037\/revisions"}],"predecessor-version":[{"id":4300,"href":"https:\/\/www.muzejsarajeva.ba\/en\/wp-json\/wp\/v2\/pages\/3037\/revisions\/4300"}],"wp:attachment":[{"href":"https:\/\/www.muzejsarajeva.ba\/en\/wp-json\/wp\/v2\/media?parent=3037"}],"curies":[{"name":"wp","href":"https:\/\/api.w.org\/{rel}","templated":true}]}}