{"id":35,"date":"2019-03-13T02:07:44","date_gmt":"2019-03-13T02:07:44","guid":{"rendered":"https:\/\/demo.casethemes.net\/archio\/?page_id=35"},"modified":"2025-09-03T19:36:56","modified_gmt":"2025-09-03T19:36:56","slug":"depandansi","status":"publish","type":"page","link":"https:\/\/www.muzejsarajeva.ba\/en\/depandansi\/","title":{"rendered":"Annexes"},"content":{"rendered":"<div class=\"wpb-content-wrapper\"><div data-vc-full-width=\"true\" data-vc-full-width-init=\"false\" data-vc-stretch-content=\"true\" class=\"vc_row wpb_row vc_row-fluid vc_custom_1552728599490 vc_row-no-padding bg-image-ps-inherit\"><div class=\"wpb_column vc_column_container vc_col-sm-12\"><div class=\"vc_column-inner\"><div class=\"wpb_wrapper\">\n<div id=\"ct-portfolio-grid\" class=\"ct-grid ct-list-portfolio-layout1\">\n\n    \n    <div class=\"ct-grid-inner ct-grid-masonry row animation-time\" data-gutter=\"0\">\n                        <div class=\"grid-item col-12 item-odd\">\n                    <div class=\"grid-item-inner row wpb_animate_when_almost_visible wpb_fadeInUp fadeInUp\">\n                                                                                <div class=\"item-featured col-xl-6 col-lg-6 col-md-6 col-sm-12\">\n                                <a class=\"bg-image\" href=\"https:\/\/www.muzejsarajeva.ba\/en\/Depandansi\/brusa-bezistan\/\" style=\"background-image: url(https:\/\/www.muzejsarajeva.ba\/wp-content\/uploads\/2019\/03\/bb.jpg);\"><\/a>\n                            <\/div>\n                                                <div class=\"item-holder col-xl-6 col-lg-6 col-md-6 col-sm-12\">\n                            <div class=\"item-holder-inner\">\n                                <div class=\"item-address\">Abad\u017eiluk 10<\/div>    \n                                <div class=\"item-category\"><a href=\"https:\/\/www.muzejsarajeva.ba\/en\/portfolio-category\/depandans\/\" rel=\"tag\">Annex<\/a><\/div>\n                                <h3 class=\"item-title\">\n                                    <a href=\"https:\/\/www.muzejsarajeva.ba\/en\/Depandansi\/brusa-bezistan\/\">\n                                        Brusa<br \/>bezistan   \n                                    <\/a>\n                                <\/h3>\n                                <div class=\"item-more\">\n                                    <a class=\"btn-line\" href=\"https:\/\/www.muzejsarajeva.ba\/en\/Depandansi\/brusa-bezistan\/\">\n                                        <span>O depandansu<\/span>     \n                                        <i class=\"fa fa-long-arrow-right\"><\/i>   \n                                    <\/a>\n                                <\/div>\n                            <\/div>\n                        <\/div>\n                    <\/div>\n                <\/div>\n                            <div class=\"grid-item col-12 item-even\">\n                    <div class=\"grid-item-inner row wpb_animate_when_almost_visible wpb_fadeInUp fadeInUp\">\n                                                                                <div class=\"item-featured col-xl-6 col-lg-6 col-md-6 col-sm-12\">\n                                <a class=\"bg-image\" href=\"https:\/\/www.muzejsarajeva.ba\/en\/Depandansi\/despica-kuca\/\" style=\"background-image: url(https:\/\/www.muzejsarajeva.ba\/wp-content\/uploads\/2019\/03\/dk-2.jpg);\"><\/a>\n                            <\/div>\n                                                <div class=\"item-holder col-xl-6 col-lg-6 col-md-6 col-sm-12\">\n                            <div class=\"item-holder-inner\">\n                                <div class=\"item-address\">Despi\u0107eva 2<\/div>    \n                                <div class=\"item-category\"><a href=\"https:\/\/www.muzejsarajeva.ba\/en\/portfolio-category\/depandans\/\" rel=\"tag\">Annex<\/a><\/div>\n                                <h3 class=\"item-title\">\n                                    <a href=\"https:\/\/www.muzejsarajeva.ba\/en\/Depandansi\/despica-kuca\/\">\n                                        Despi\u0107's <br \/>house   \n                                    <\/a>\n                                <\/h3>\n                                <div class=\"item-more\">\n                                    <a class=\"btn-line\" href=\"https:\/\/www.muzejsarajeva.ba\/en\/Depandansi\/despica-kuca\/\">\n                                        <span>O depandansu<\/span>     \n                                        <i class=\"fa fa-long-arrow-right\"><\/i>   \n                                    <\/a>\n                                <\/div>\n                            <\/div>\n                        <\/div>\n                    <\/div>\n                <\/div>\n                            <div class=\"grid-item col-12 item-odd\">\n                    <div class=\"grid-item-inner row wpb_animate_when_almost_visible wpb_fadeInUp fadeInUp\">\n                                                                                <div class=\"item-featured col-xl-6 col-lg-6 col-md-6 col-sm-12\">\n                                <a class=\"bg-image\" href=\"https:\/\/www.muzejsarajeva.ba\/en\/Depandansi\/svrzina-kuca\/\" style=\"background-image: url(https:\/\/www.muzejsarajeva.ba\/wp-content\/uploads\/2018\/09\/sk.jpg);\"><\/a>\n                            <\/div>\n                                                <div class=\"item-holder col-xl-6 col-lg-6 col-md-6 col-sm-12\">\n                            <div class=\"item-holder-inner\">\n                                <div class=\"item-address\">Glo\u0111ina 8<\/div>    \n                                <div class=\"item-category\"><a href=\"https:\/\/www.muzejsarajeva.ba\/en\/portfolio-category\/depandans\/\" rel=\"tag\">Annex<\/a><\/div>\n                                <h3 class=\"item-title\">\n                                    <a href=\"https:\/\/www.muzejsarajeva.ba\/en\/Depandansi\/svrzina-kuca\/\">\n                                        Svrzo's<br \/> house   \n                                    <\/a>\n                                <\/h3>\n                                <div class=\"item-more\">\n                                    <a class=\"btn-line\" href=\"https:\/\/www.muzejsarajeva.ba\/en\/Depandansi\/svrzina-kuca\/\">\n                                        <span>O depandansu<\/span>     \n                                        <i class=\"fa fa-long-arrow-right\"><\/i>   \n                                    <\/a>\n                                <\/div>\n                            <\/div>\n                        <\/div>\n                    <\/div>\n                <\/div>\n                            <div class=\"grid-item col-12 item-even\">\n                    <div class=\"grid-item-inner row wpb_animate_when_almost_visible wpb_fadeInUp fadeInUp\">\n                                                                                <div class=\"item-featured col-xl-6 col-lg-6 col-md-6 col-sm-12\">\n                                <a class=\"bg-image\" href=\"https:\/\/www.muzejsarajeva.ba\/en\/Depandansi\/muzej-sarajevo\/\" style=\"background-image: url(https:\/\/www.muzejsarajeva.ba\/wp-content\/uploads\/2018\/08\/ms3.jpg);\"><\/a>\n                            <\/div>\n                                                <div class=\"item-holder col-xl-6 col-lg-6 col-md-6 col-sm-12\">\n                            <div class=\"item-holder-inner\">\n                                <div class=\"item-address\">Zelenih beretki 1<\/div>    \n                                <div class=\"item-category\"><a href=\"https:\/\/www.muzejsarajeva.ba\/en\/portfolio-category\/depandans\/\" rel=\"tag\">Annex<\/a><\/div>\n                                <h3 class=\"item-title\">\n                                    <a href=\"https:\/\/www.muzejsarajeva.ba\/en\/Depandansi\/muzej-sarajevo\/\">\n                                        Museum Of Sarajevo<br \/> 1878-1918   \n                                    <\/a>\n                                <\/h3>\n                                <div class=\"item-more\">\n                                    <a class=\"btn-line\" href=\"https:\/\/www.muzejsarajeva.ba\/en\/Depandansi\/muzej-sarajevo\/\">\n                                        <span>O depandansu<\/span>     \n                                        <i class=\"fa fa-long-arrow-right\"><\/i>   \n                                    <\/a>\n                                <\/div>\n                            <\/div>\n                        <\/div>\n                    <\/div>\n                <\/div>\n                            <div class=\"grid-item col-12 item-odd\">\n                    <div class=\"grid-item-inner row wpb_animate_when_almost_visible wpb_fadeInUp fadeInUp\">\n                                                                                <div class=\"item-featured col-xl-6 col-lg-6 col-md-6 col-sm-12\">\n                                <a class=\"bg-image\" href=\"https:\/\/www.muzejsarajeva.ba\/en\/Depandansi\/muzej-jevreja-bih\/\" style=\"background-image: url(https:\/\/www.muzejsarajeva.ba\/wp-content\/uploads\/2018\/08\/mj2-1.jpg);\"><\/a>\n                            <\/div>\n                                                <div class=\"item-holder col-xl-6 col-lg-6 col-md-6 col-sm-12\">\n                            <div class=\"item-holder-inner\">\n                                <div class=\"item-address\">Velika avlija bb<\/div>    \n                                <div class=\"item-category\"><a href=\"https:\/\/www.muzejsarajeva.ba\/en\/portfolio-category\/depandans\/\" rel=\"tag\">Annex<\/a><\/div>\n                                <h3 class=\"item-title\">\n                                    <a href=\"https:\/\/www.muzejsarajeva.ba\/en\/Depandansi\/muzej-jevreja-bih\/\">\n                                        The Jewish Museum   \n                                    <\/a>\n                                <\/h3>\n                                <div class=\"item-more\">\n                                    <a class=\"btn-line\" href=\"https:\/\/www.muzejsarajeva.ba\/en\/Depandansi\/muzej-jevreja-bih\/\">\n                                        <span>O depandansu<\/span>     \n                                        <i class=\"fa fa-long-arrow-right\"><\/i>   \n                                    <\/a>\n                                <\/div>\n                            <\/div>\n                        <\/div>\n                    <\/div>\n                <\/div>\n                    <div class=\"grid-sizer col-12\"><\/div>\n    <\/div>\n\n        \n<\/div><\/div><\/div><\/div><\/div><div class=\"vc_row-full-width vc_clearfix\"><\/div>\n<\/div>","protected":false},"excerpt":{"rendered":"Abad\u017eiluk 10 Depandans Brusabezistan Ovaj monumentalni objekat izgradio je 1551. Rustem-pa\u0161a Veliki vezir Sulejmana Veli\u010danstvenog. Objekat je slu\u017eio za prodaju svile koju je sam osniva\u010d proizvodio u Bursi. Brusa bezistan ima pravokutnu osnovu (29,5 x 20,5 m), gra\u0111en je od kamena i pokriven sa \u0161est kupola i dvije manje kupolice. Masivni stupovi unutar bezistana imaju [...]","protected":false},"author":3,"featured_media":0,"parent":0,"menu_order":0,"comment_status":"closed","ping_status":"closed","template":"","meta":{"footnotes":""},"class_list":["post-35","page","type-page","status-publish","hentry"],"_links":{"self":[{"href":"https:\/\/www.muzejsarajeva.ba\/en\/wp-json\/wp\/v2\/pages\/35","targetHints":{"allow":["GET"]}}],"collection":[{"href":"https:\/\/www.muzejsarajeva.ba\/en\/wp-json\/wp\/v2\/pages"}],"about":[{"href":"https:\/\/www.muzejsarajeva.ba\/en\/wp-json\/wp\/v2\/types\/page"}],"author":[{"embeddable":true,"href":"https:\/\/www.muzejsarajeva.ba\/en\/wp-json\/wp\/v2\/users\/3"}],"replies":[{"embeddable":true,"href":"https:\/\/www.muzejsarajeva.ba\/en\/wp-json\/wp\/v2\/comments?post=35"}],"version-history":[{"count":4,"href":"https:\/\/www.muzejsarajeva.ba\/en\/wp-json\/wp\/v2\/pages\/35\/revisions"}],"predecessor-version":[{"id":1857,"href":"https:\/\/www.muzejsarajeva.ba\/en\/wp-json\/wp\/v2\/pages\/35\/revisions\/1857"}],"wp:attachment":[{"href":"https:\/\/www.muzejsarajeva.ba\/en\/wp-json\/wp\/v2\/media?parent=35"}],"curies":[{"name":"wp","href":"https:\/\/api.w.org\/{rel}","templated":true}]}}