{"id":3941,"date":"2025-10-28T08:58:44","date_gmt":"2025-10-28T08:58:44","guid":{"rendered":"https:\/\/www.muzejsarajeva.ba\/?page_id=3941"},"modified":"2025-10-31T20:21:16","modified_gmt":"2025-10-31T20:21:16","slug":"konkursi-i-pozivi-2","status":"publish","type":"page","link":"https:\/\/www.muzejsarajeva.ba\/en\/konkursi-i-pozivi-2\/","title":{"rendered":"Calls and Announcements"},"content":{"rendered":"<div class=\"wpb-content-wrapper\"><div class=\"vc_row wpb_row vc_row-fluid bg-image-ps-inherit\"><div class=\"wpb_column vc_column_container vc_col-sm-12\"><div class=\"vc_column-inner\"><div class=\"wpb_wrapper\">\n\t<div class=\"wpb_text_column wpb_content_element\" >\n\t\t<div class=\"wpb_wrapper\">\n\t\t\t\t\r\n\t\t<div class=\"pld-post-list pld-design-1 pld-clearfix\">\r\n\t\t\t\r\n\t\t\t<div class=\"pld-post-list-inr\">\t\r\n\t<div class=\"pld-post-list-content pld-clearfix\">\r\n\t\t\t\t<div class=\"pld-left-columns pld-medium-6 pld-columns\">\r\n\t\t\t<div class=\"pld-post-image-bg\">\r\n\t\t\t\t<a href=\"https:\/\/www.muzejsarajeva.ba\/en\/2026\/05\/08\/poziv-za-dostavljanje-tekstova-za-casopis-prilozi-za-proucavanje-historije-sarajeva-br-11-call-for-submissions-for-to-the-journal-contribution-to-the-study-of-the-histor-2\/\">\r\n\t\t\t\t\t<img decoding=\"async\" src=\"https:\/\/www.muzejsarajeva.ba\/wp-content\/uploads\/2026\/05\/Screenshot-2026-05-08-092730.png\" alt=\"POZIV ZA DOSTAVLJANJE TEKSTOVA ZA \u010cASOPIS \u201ePRILOZI ZA PROU\u010cAVANJE HISTORIJE SARAJEVA\u201c BR. 12.\" \/>\r\n\t\t\t\t<\/a>\r\n\t\t\t<\/div>\r\n\t\t<\/div>\r\n\t\t\t\t<div class=\"pld-right-columns pld-medium-6 pld-columns\">\r\n\t\t\t\t\t\t\t<div class=\"pld-post-categories\">\r\n\t\t\t\t\t<a href=\"https:\/\/www.muzejsarajeva.ba\/en\/category\/pozivi\/\">Pozivi<\/a>\t\t\t\t<\/div>\r\n\t\t\t\t\t\t<h2 class=\"pld-post-title\">\t\t\r\n\t\t\t\t<a href=\"https:\/\/www.muzejsarajeva.ba\/en\/2026\/05\/08\/poziv-za-dostavljanje-tekstova-za-casopis-prilozi-za-proucavanje-historije-sarajeva-br-11-call-for-submissions-for-to-the-journal-contribution-to-the-study-of-the-histor-2\/\">CALL FOR PAPERS FOR THE JOURNAL \u201cCONTRIBUTIONS TO THE STUDY OF THE HISTORY OF SARAJEVO\u201d No. 12<\/a>\r\n\t\t\t<\/h2>\r\n\t\t\t\t\t\t\t<div class=\"pld-post-meta\">\r\n\t\t\t\t\t\t\t\t\t\t\t<span>\r\n\t\t\t\t\t\t\tBy editor\t\t\t\t\t\t<\/span>\r\n\t\t\t\t\t&nbsp;\/&nbsp;May 8, 2026\t\t\t\t<\/div>\r\n\t\t\t\t\t\r\n\t\t\t\t<div class=\"pld-post-content\">\t\t\t\t\r\n\t\t\t\t\t<div class=\"pld-post-content-inner\">\r\n\t\t\t\t\t\t\t\t\t\t\t<\/div>\r\n\t\t\t\t\t<a class=\"pld-readmorebtn\" href=\"https:\/\/www.muzejsarajeva.ba\/en\/2026\/05\/08\/poziv-za-dostavljanje-tekstova-za-casopis-prilozi-za-proucavanje-historije-sarajeva-br-11-call-for-submissions-for-to-the-journal-contribution-to-the-study-of-the-histor-2\/\">Read More<\/a>\t\t\t\t\t\r\n\t\t\t\t<\/div>\r\n\t\t\t\t\t<\/div>\r\n\t<\/div>\r\n<\/div><div class=\"pld-post-list-inr\">\t\r\n\t<div class=\"pld-post-list-content pld-clearfix\">\r\n\t\t\t\t<div class=\"pld-left-columns pld-medium-6 pld-columns\">\r\n\t\t\t<div class=\"pld-post-image-bg\">\r\n\t\t\t\t<a href=\"https:\/\/www.muzejsarajeva.ba\/en\/2025\/10\/28\/poziv-za-dostavljanje-tekstova-za-casopis-prilozi-za-proucavanje-historije-sarajeva-br-11-call-for-submissions-for-to-the-journal-contribution-to-the-study-of-the-histor\/\">\r\n\t\t\t\t\t<img decoding=\"async\" src=\"https:\/\/www.muzejsarajeva.ba\/wp-content\/uploads\/2025\/10\/Prilozi-slika-637x900-1.jpg\" alt=\"POZIV ZA DOSTAVLJANJE TEKSTOVA ZA \u010cASOPIS \u201ePRILOZI ZA PROU\u010cAVANJE HISTORIJE SARAJEVA\u201c BR. 11.\" \/>\r\n\t\t\t\t<\/a>\r\n\t\t\t<\/div>\r\n\t\t<\/div>\r\n\t\t\t\t<div class=\"pld-right-columns pld-medium-6 pld-columns\">\r\n\t\t\t\t\t\t\t<div class=\"pld-post-categories\">\r\n\t\t\t\t\t<a href=\"https:\/\/www.muzejsarajeva.ba\/en\/category\/pozivi\/\">Pozivi<\/a>\t\t\t\t<\/div>\r\n\t\t\t\t\t\t<h2 class=\"pld-post-title\">\t\t\r\n\t\t\t\t<a href=\"https:\/\/www.muzejsarajeva.ba\/en\/2025\/10\/28\/poziv-za-dostavljanje-tekstova-za-casopis-prilozi-za-proucavanje-historije-sarajeva-br-11-call-for-submissions-for-to-the-journal-contribution-to-the-study-of-the-histor\/\">CALL FOR SUBMISSIONS FOR TO THE JOURNAL \u201eCONTRIBUTION TO THE STUDY OF THE HISTORY OF SARAJEVO NO. 11\u201c<\/a>\r\n\t\t\t<\/h2>\r\n\t\t\t\t\t\t\t<div class=\"pld-post-meta\">\r\n\t\t\t\t\t\t\t\t\t\t\t<span>\r\n\t\t\t\t\t\t\tBy admin\t\t\t\t\t\t<\/span>\r\n\t\t\t\t\t&nbsp;\/&nbsp;October 28, 2025\t\t\t\t<\/div>\r\n\t\t\t\t\t\r\n\t\t\t\t<div class=\"pld-post-content\">\t\t\t\t\r\n\t\t\t\t\t<div class=\"pld-post-content-inner\">\r\n\t\t\t\t\t\t\t\t\t\t\t<\/div>\r\n\t\t\t\t\t<a class=\"pld-readmorebtn\" href=\"https:\/\/www.muzejsarajeva.ba\/en\/2025\/10\/28\/poziv-za-dostavljanje-tekstova-za-casopis-prilozi-za-proucavanje-historije-sarajeva-br-11-call-for-submissions-for-to-the-journal-contribution-to-the-study-of-the-histor\/\">Read More<\/a>\t\t\t\t\t\r\n\t\t\t\t<\/div>\r\n\t\t\t\t\t<\/div>\r\n\t<\/div>\r\n<\/div><div class=\"pld-post-list-inr\">\t\r\n\t<div class=\"pld-post-list-content pld-clearfix\">\r\n\t\t\t\t<div class=\"pld-left-columns pld-medium-6 pld-columns\">\r\n\t\t\t<div class=\"pld-post-image-bg\">\r\n\t\t\t\t<a href=\"https:\/\/www.muzejsarajeva.ba\/en\/2025\/10\/28\/javni-poziv-svim-gradjankama-i-gradjanima-sarajeva-jevrejskog-porijekla-ili-koji-imaju-porodicne-prijateljske-socijalne-i-druge-veze-s-jevrejskom-populacijom-na-podrucju-sarajeva\/\">\r\n\t\t\t\t\t<img decoding=\"async\" src=\"https:\/\/www.muzejsarajeva.ba\/wp-content\/uploads\/2025\/10\/03big-2.jpg\" alt=\"JAVNI POZIV svim gra\u0111ankama i gra\u0111anima Sarajeva jevrejskog porijekla\" \/>\r\n\t\t\t\t<\/a>\r\n\t\t\t<\/div>\r\n\t\t<\/div>\r\n\t\t\t\t<div class=\"pld-right-columns pld-medium-6 pld-columns\">\r\n\t\t\t\t\t\t\t<div class=\"pld-post-categories\">\r\n\t\t\t\t\t<a href=\"https:\/\/www.muzejsarajeva.ba\/en\/category\/pozivi\/\">Pozivi<\/a>\t\t\t\t<\/div>\r\n\t\t\t\t\t\t<h2 class=\"pld-post-title\">\t\t\r\n\t\t\t\t<a href=\"https:\/\/www.muzejsarajeva.ba\/en\/2025\/10\/28\/javni-poziv-svim-gradjankama-i-gradjanima-sarajeva-jevrejskog-porijekla-ili-koji-imaju-porodicne-prijateljske-socijalne-i-druge-veze-s-jevrejskom-populacijom-na-podrucju-sarajeva\/\">JAVNI POZIV svim gra\u0111ankama i gra\u0111anima Sarajeva jevrejskog porijekla<\/a>\r\n\t\t\t<\/h2>\r\n\t\t\t\t\t\t\t<div class=\"pld-post-meta\">\r\n\t\t\t\t\t\t\t\t\t\t\t<span>\r\n\t\t\t\t\t\t\tBy admin\t\t\t\t\t\t<\/span>\r\n\t\t\t\t\t&nbsp;\/&nbsp;October 28, 2025\t\t\t\t<\/div>\r\n\t\t\t\t\t\r\n\t\t\t\t<div class=\"pld-post-content\">\t\t\t\t\r\n\t\t\t\t\t<div class=\"pld-post-content-inner\">\r\n\t\t\t\t\t\t\t\t\t\t\t<\/div>\r\n\t\t\t\t\t<a class=\"pld-readmorebtn\" href=\"https:\/\/www.muzejsarajeva.ba\/en\/2025\/10\/28\/javni-poziv-svim-gradjankama-i-gradjanima-sarajeva-jevrejskog-porijekla-ili-koji-imaju-porodicne-prijateljske-socijalne-i-druge-veze-s-jevrejskom-populacijom-na-podrucju-sarajeva\/\">Read More<\/a>\t\t\t\t\t\r\n\t\t\t\t<\/div>\r\n\t\t\t\t\t<\/div>\r\n\t<\/div>\r\n<\/div><div class=\"pld-post-list-inr\">\t\r\n\t<div class=\"pld-post-list-content pld-clearfix\">\r\n\t\t\t\t<div class=\"pld-left-columns pld-medium-6 pld-columns\">\r\n\t\t\t<div class=\"pld-post-image-bg\">\r\n\t\t\t\t<a href=\"https:\/\/www.muzejsarajeva.ba\/en\/2025\/10\/28\/poziv-za-sve-mlade-koji-imaju-18-godina\/\">\r\n\t\t\t\t\t<img decoding=\"async\" src=\"https:\/\/www.muzejsarajeva.ba\/wp-content\/uploads\/2025\/10\/MNVOM-KS_Leaflet-sa-ulaznicama_Zadnja-i-prednja-strana_Final-900x642-1.jpg\" alt=\"Poziv za sve mlade koji imaju 18 godina!\" \/>\r\n\t\t\t\t<\/a>\r\n\t\t\t<\/div>\r\n\t\t<\/div>\r\n\t\t\t\t<div class=\"pld-right-columns pld-medium-6 pld-columns\">\r\n\t\t\t\t\t\t\t<div class=\"pld-post-categories\">\r\n\t\t\t\t\t<a href=\"https:\/\/www.muzejsarajeva.ba\/en\/category\/pozivi\/\">Pozivi<\/a>\t\t\t\t<\/div>\r\n\t\t\t\t\t\t<h2 class=\"pld-post-title\">\t\t\r\n\t\t\t\t<a href=\"https:\/\/www.muzejsarajeva.ba\/en\/2025\/10\/28\/poziv-za-sve-mlade-koji-imaju-18-godina\/\">Poziv za sve mlade koji imaju 18 godina!<\/a>\r\n\t\t\t<\/h2>\r\n\t\t\t\t\t\t\t<div class=\"pld-post-meta\">\r\n\t\t\t\t\t\t\t\t\t\t\t<span>\r\n\t\t\t\t\t\t\tBy admin\t\t\t\t\t\t<\/span>\r\n\t\t\t\t\t&nbsp;\/&nbsp;October 28, 2025\t\t\t\t<\/div>\r\n\t\t\t\t\t\r\n\t\t\t\t<div class=\"pld-post-content\">\t\t\t\t\r\n\t\t\t\t\t<div class=\"pld-post-content-inner\">\r\n\t\t\t\t\t\t\t\t\t\t\t<\/div>\r\n\t\t\t\t\t<a class=\"pld-readmorebtn\" href=\"https:\/\/www.muzejsarajeva.ba\/en\/2025\/10\/28\/poziv-za-sve-mlade-koji-imaju-18-godina\/\">Read More<\/a>\t\t\t\t\t\r\n\t\t\t\t<\/div>\r\n\t\t\t\t\t<\/div>\r\n\t<\/div>\r\n<\/div><div class=\"pld-post-list-inr\">\t\r\n\t<div class=\"pld-post-list-content pld-clearfix no-thumb-image\">\r\n\t\t\t\t<div class=\"pld-full-columns pld-medium-12 pld-columns\">\r\n\t\t\t\t\t\t\t<div class=\"pld-post-categories\">\r\n\t\t\t\t\t<a href=\"https:\/\/www.muzejsarajeva.ba\/en\/category\/pozivi\/\">Pozivi<\/a>\t\t\t\t<\/div>\r\n\t\t\t\t\t\t<h2 class=\"pld-post-title\">\t\t\r\n\t\t\t\t<a href=\"https:\/\/www.muzejsarajeva.ba\/en\/2025\/10\/28\/pozivamo-sarajke-i-sarajlije-da-nam-se-jave-i-podijele-price-predmete-portrete-fotografije-i-druge-artefakte-o-gradjanskoj-tradiciji-i-kulturi-svojih-porodica\/\">Pozivamo Sarajke i Sarajlije da nam se jave i podijele pri\u010de, predmete, portrete, fotografije i druge artefakte o gra\u0111anskoj tradiciji i kulturi svojih porodica.<\/a>\r\n\t\t\t<\/h2>\r\n\t\t\t\t\t\t\t<div class=\"pld-post-meta\">\r\n\t\t\t\t\t\t\t\t\t\t\t<span>\r\n\t\t\t\t\t\t\tBy admin\t\t\t\t\t\t<\/span>\r\n\t\t\t\t\t&nbsp;\/&nbsp;October 28, 2025\t\t\t\t<\/div>\r\n\t\t\t\t\t\r\n\t\t\t\t<div class=\"pld-post-content\">\t\t\t\t\r\n\t\t\t\t\t<div class=\"pld-post-content-inner\">\r\n\t\t\t\t\t\t\t\t\t\t\t<\/div>\r\n\t\t\t\t\t<a class=\"pld-readmorebtn\" href=\"https:\/\/www.muzejsarajeva.ba\/en\/2025\/10\/28\/pozivamo-sarajke-i-sarajlije-da-nam-se-jave-i-podijele-price-predmete-portrete-fotografije-i-druge-artefakte-o-gradjanskoj-tradiciji-i-kulturi-svojih-porodica\/\">Read More<\/a>\t\t\t\t\t\r\n\t\t\t\t<\/div>\r\n\t\t\t\t\t<\/div>\r\n\t<\/div>\r\n<\/div>\r\n\t\t\t<\/div>\r\n\t\n\n\t\t<\/div>\n\t<\/div>\n<\/div><\/div><\/div><\/div>\n<\/div>","protected":false},"excerpt":{"rendered":"Pozivamo Sarajke i Sarajlije da nam se jave i podijele pri\u010de, predmete, portrete, fotografije i druge artefakte o gra\u0111anskoj tradiciji i kulturi svojih porodica. JU MUZEJ SARAJEVA upu\u0107uje JAVNI POZIV svim gra\u0111anima Sarajeva koji raspola\u017eu umjetni\u010dkim portretima svojih predaka u porodi\u010dnom vlasni\u0161tvu, kao i druge vrijedne eksponate, koji svjedo\u010de njihovu kontinuiranu gra\u0111ansku tradiciju u proteklih [...]","protected":false},"author":3,"featured_media":0,"parent":0,"menu_order":0,"comment_status":"closed","ping_status":"closed","template":"","meta":{"footnotes":""},"class_list":["post-3941","page","type-page","status-publish","hentry"],"_links":{"self":[{"href":"https:\/\/www.muzejsarajeva.ba\/en\/wp-json\/wp\/v2\/pages\/3941","targetHints":{"allow":["GET"]}}],"collection":[{"href":"https:\/\/www.muzejsarajeva.ba\/en\/wp-json\/wp\/v2\/pages"}],"about":[{"href":"https:\/\/www.muzejsarajeva.ba\/en\/wp-json\/wp\/v2\/types\/page"}],"author":[{"embeddable":true,"href":"https:\/\/www.muzejsarajeva.ba\/en\/wp-json\/wp\/v2\/users\/3"}],"replies":[{"embeddable":true,"href":"https:\/\/www.muzejsarajeva.ba\/en\/wp-json\/wp\/v2\/comments?post=3941"}],"version-history":[{"count":3,"href":"https:\/\/www.muzejsarajeva.ba\/en\/wp-json\/wp\/v2\/pages\/3941\/revisions"}],"predecessor-version":[{"id":3971,"href":"https:\/\/www.muzejsarajeva.ba\/en\/wp-json\/wp\/v2\/pages\/3941\/revisions\/3971"}],"wp:attachment":[{"href":"https:\/\/www.muzejsarajeva.ba\/en\/wp-json\/wp\/v2\/media?parent=3941"}],"curies":[{"name":"wp","href":"https:\/\/api.w.org\/{rel}","templated":true}]}}