{"id":4109,"date":"2025-10-30T18:06:13","date_gmt":"2025-10-30T18:06:13","guid":{"rendered":"https:\/\/www.muzejsarajeva.ba\/?page_id=4109"},"modified":"2025-11-08T13:28:17","modified_gmt":"2025-11-08T13:28:17","slug":"katalog-izlozbi-2","status":"publish","type":"page","link":"https:\/\/www.muzejsarajeva.ba\/en\/katalog-izlozbi-2\/","title":{"rendered":"Monographs"},"content":{"rendered":"<div class=\"wpb-content-wrapper\"><div class=\"vc_row wpb_row vc_row-fluid bg-image-ps-inherit\"><div class=\"wpb_column vc_column_container vc_col-sm-12\"><div class=\"vc_column-inner\"><div class=\"wpb_wrapper\"><\/div><\/div><\/div><\/div><div class=\"vc_row wpb_row vc_row-fluid bg-image-ps-inherit\"><div class=\"wpb_column vc_column_container vc_col-sm-12\"><div class=\"vc_column-inner\"><div class=\"wpb_wrapper\"><div class=\"vc_tta-container\" data-vc-action=\"collapse\"><div class=\"vc_general vc_tta vc_tta-accordion vc_tta-style-default vc_tta-o-shape-group\"><div class=\"vc_tta-panels-container\"><div class=\"vc_tta-panels\"><div class=\"vc_tta-panel vc_active\" id=\"1761485962280-4ab8a3a5-b50b\" data-vc-content=\".vc_tta-panel-body\"><div class=\"vc_tta-panel-heading\"><h4 class=\"vc_tta-panel-title\"><a href=\"#1761485962280-4ab8a3a5-b50b\" data-vc-accordion data-vc-container=\".vc_tta-container\"><span class=\"vc_tta-title-text\">2024<\/span><\/a><\/h4><\/div><div class=\"vc_tta-panel-body\"><div class=\"vc_row wpb_row vc_inner vc_row-fluid\"><div class=\"wpb_column vc_column_container vc_col-sm-6\"><div class=\"vc_column-inner\"><div class=\"wpb_wrapper\">\n\t<div  class=\"wpb_single_image wpb_content_element vc_align_center wpb_content_element inherit inherit\">\n\t\t\n\t\t<figure class=\"wpb_wrapper vc_figure\">\n\t\t\t<div class=\"vc_single_image-wrapper default  vc_box_border_grey\"><img loading=\"lazy\" decoding=\"async\" width=\"800\" height=\"533\" src=\"https:\/\/www.muzejsarajeva.ba\/wp-content\/uploads\/2025\/10\/FOTKA-MONOGRAFIJE.jpg\" class=\"vc_single_image-img attachment-full\" alt=\"\" title=\"FOTKA MONOGRAFIJE\" srcset=\"https:\/\/www.muzejsarajeva.ba\/wp-content\/uploads\/2025\/10\/FOTKA-MONOGRAFIJE.jpg 800w, https:\/\/www.muzejsarajeva.ba\/wp-content\/uploads\/2025\/10\/FOTKA-MONOGRAFIJE-768x512.jpg 768w, https:\/\/www.muzejsarajeva.ba\/wp-content\/uploads\/2025\/10\/FOTKA-MONOGRAFIJE-18x12.jpg 18w\" sizes=\"auto, (max-width: 800px) 100vw, 800px\" \/><\/div>\n\t\t<\/figure>\n\t<\/div>\n<\/div><\/div><\/div><div class=\"wpb_column vc_column_container vc_col-sm-6\"><div class=\"vc_column-inner\"><div class=\"wpb_wrapper\"><div id=\"ct-heading\" class=\"ct-heading  style1 align-left align-left-md align-left-sm align-left-xs\">\n    \n            <div class=\"ct-heading-sub\" >\n            <span ><\/span>\n            2024        <\/div>\n            <h3 class=\"ct-heading-tag\" style=\"font-size:40px;line-height:50px; \">\n                                    \"75 godina u slu\u017ebi kulture\"\/\"75 years in service of culture\"                        <\/h3>\n            <div class=\"h-gap\">\n            <span>\n                <i ><\/i>\n                <i ><\/i>\n                <i ><\/i>\n                <i ><\/i>\n            <\/span>\n        <\/div>\n        <\/div><div id=\"ct-space-6a09acdf97818\" class=\"\">\n\t\t<div class=\"ct-space\"><\/div>\n<\/div>\n\t<div class=\"wpb_text_column wpb_content_element\" >\n\t\t<div class=\"wpb_wrapper\">\n\t\t\t<p>Autori\/Authors: Grupa autora\/Group of authors<br \/>\nUrednica\/Editor: Indira Ku\u010duk-Sorgu\u010d<\/p>\n\n\t\t<\/div>\n\t<\/div>\n\n\t<div class=\"wpb_text_column wpb_content_element\" >\n\t\t<div class=\"wpb_wrapper\">\n\t\t\t\n\t\t<\/div>\n\t<\/div>\n<\/div><\/div><\/div><\/div><\/div><\/div><div class=\"vc_tta-panel\" id=\"1761943054900-b78b420d-24fa\" data-vc-content=\".vc_tta-panel-body\"><div class=\"vc_tta-panel-heading\"><h4 class=\"vc_tta-panel-title\"><a href=\"#1761943054900-b78b420d-24fa\" data-vc-accordion data-vc-container=\".vc_tta-container\"><span class=\"vc_tta-title-text\">2009<\/span><\/a><\/h4><\/div><div class=\"vc_tta-panel-body\"><div class=\"vc_row wpb_row vc_inner vc_row-fluid\"><div class=\"wpb_column vc_column_container vc_col-sm-6\"><div class=\"vc_column-inner\"><div class=\"wpb_wrapper\">\n\t<div  class=\"wpb_single_image wpb_content_element vc_align_center wpb_content_element inherit inherit\">\n\t\t\n\t\t<figure class=\"wpb_wrapper vc_figure\">\n\t\t\t<div class=\"vc_single_image-wrapper default  vc_box_border_grey\"><img loading=\"lazy\" decoding=\"async\" width=\"635\" height=\"890\" src=\"https:\/\/www.muzejsarajeva.ba\/wp-content\/uploads\/2025\/10\/despicakuca.jpg\" class=\"vc_single_image-img attachment-full\" alt=\"\" title=\"despicakuca\" srcset=\"https:\/\/www.muzejsarajeva.ba\/wp-content\/uploads\/2025\/10\/despicakuca.jpg 635w, https:\/\/www.muzejsarajeva.ba\/wp-content\/uploads\/2025\/10\/despicakuca-9x12.jpg 9w\" sizes=\"auto, (max-width: 635px) 100vw, 635px\" \/><\/div>\n\t\t<\/figure>\n\t<\/div>\n<\/div><\/div><\/div><div class=\"wpb_column vc_column_container vc_col-sm-6\"><div class=\"vc_column-inner\"><div class=\"wpb_wrapper\"><div id=\"ct-space-6a09acdf9925d\" class=\"\">\n\t\t<div class=\"ct-space\"><\/div>\n<\/div><div id=\"ct-heading-2\" class=\"ct-heading  style1 align-left align-left-md align-left-sm align-left-xs\">\n    \n            <div class=\"ct-heading-sub\" >\n            <span ><\/span>\n            2009        <\/div>\n            <h3 class=\"ct-heading-tag\" style=\"font-size:40px;line-height:50px; \">\n                                    Despi\u0107a ku\u0107a\/Despi\u0107's house                        <\/h3>\n            <div class=\"h-gap\">\n            <span>\n                <i ><\/i>\n                <i ><\/i>\n                <i ><\/i>\n                <i ><\/i>\n            <\/span>\n        <\/div>\n        <\/div><div id=\"ct-space-6a09acdf9a469\" class=\"\">\n\t\t<div class=\"ct-space\"><\/div>\n<\/div>\n\t<div class=\"wpb_text_column wpb_content_element\" >\n\t\t<div class=\"wpb_wrapper\">\n\t\t\t<p>Grupa autora<br \/>\nMuzej Sarajeva, 2009.<\/p>\n\n\t\t<\/div>\n\t<\/div>\n<\/div><\/div><\/div><\/div><\/div><\/div><div class=\"vc_tta-panel\" id=\"1761847726912-d628d738-58cf\" data-vc-content=\".vc_tta-panel-body\"><div class=\"vc_tta-panel-heading\"><h4 class=\"vc_tta-panel-title\"><a href=\"#1761847726912-d628d738-58cf\" data-vc-accordion data-vc-container=\".vc_tta-container\"><span class=\"vc_tta-title-text\">2001<\/span><\/a><\/h4><\/div><div class=\"vc_tta-panel-body\"><div class=\"vc_row wpb_row vc_inner vc_row-fluid\"><div class=\"wpb_column vc_column_container vc_col-sm-6\"><div class=\"vc_column-inner\"><div class=\"wpb_wrapper\">\n\t<div  class=\"wpb_single_image wpb_content_element vc_align_center wpb_content_element inherit inherit\">\n\t\t\n\t\t<figure class=\"wpb_wrapper vc_figure\">\n\t\t\t<div class=\"vc_single_image-wrapper default  vc_box_border_grey\"><img loading=\"lazy\" decoding=\"async\" width=\"296\" height=\"466\" src=\"https:\/\/www.muzejsarajeva.ba\/wp-content\/uploads\/2025\/10\/SVRZINA-KUCA_001-352x510-1-1.jpg\" class=\"vc_single_image-img attachment-full\" alt=\"\" title=\"SVRZINA-KUCA_001-352x510-1\" srcset=\"https:\/\/www.muzejsarajeva.ba\/wp-content\/uploads\/2025\/10\/SVRZINA-KUCA_001-352x510-1-1.jpg 296w, https:\/\/www.muzejsarajeva.ba\/wp-content\/uploads\/2025\/10\/SVRZINA-KUCA_001-352x510-1-1-8x12.jpg 8w\" sizes=\"auto, (max-width: 296px) 100vw, 296px\" \/><\/div>\n\t\t<\/figure>\n\t<\/div>\n<\/div><\/div><\/div><div class=\"wpb_column vc_column_container vc_col-sm-6\"><div class=\"vc_column-inner\"><div class=\"wpb_wrapper\"><div id=\"ct-space-6a09acdf9bb9b\" class=\"\">\n\t\t<div class=\"ct-space\"><\/div>\n<\/div><div id=\"ct-heading-3\" class=\"ct-heading  style1 align-left align-left-md align-left-sm align-left-xs\">\n    \n            <div class=\"ct-heading-sub\" >\n            <span ><\/span>\n            2001        <\/div>\n            <h3 class=\"ct-heading-tag\" style=\"font-size:40px;line-height:50px; \">\n                                    SVRZINA KU\u0106A                        <\/h3>\n            <div class=\"h-gap\">\n            <span>\n                <i ><\/i>\n                <i ><\/i>\n                <i ><\/i>\n                <i ><\/i>\n            <\/span>\n        <\/div>\n        <\/div><div id=\"ct-space-6a09acdf9cc4e\" class=\"\">\n\t\t<div class=\"ct-space\"><\/div>\n<\/div>\n\t<div class=\"wpb_text_column wpb_content_element\" >\n\t\t<div class=\"wpb_wrapper\">\n\t\t\t<p>MONOGRAFIJA<br \/>\nAUTORI: GRUPA AUTORA<br \/>\nIzdanje: Muzej Sarajeva, 2001.<\/p>\n\n\t\t<\/div>\n\t<\/div>\n<\/div><\/div><\/div><\/div><\/div><\/div><\/div><\/div><\/div><\/div><\/div><\/div><\/div><\/div>\n<\/div>","protected":false},"excerpt":{"rendered":"2024 2024 \"75 godina u slu\u017ebi kulture\"\/\"75 years in service of culture\" Autori\/Authors: Grupa autora\/Group of authors Urednica\/Editor: Indira Ku\u010duk-Sorgu\u010d 2009 2009 Despi\u0107a ku\u0107a\/Despi\u0107's house Grupa autora Muzej Sarajeva, 2009. 2001 2001 SVRZINA KU\u0106A MONOGRAFIJA AUTORI: GRUPA AUTORA Izdanje: Muzej Sarajeva, 2001.","protected":false},"author":3,"featured_media":0,"parent":0,"menu_order":0,"comment_status":"closed","ping_status":"closed","template":"","meta":{"footnotes":""},"class_list":["post-4109","page","type-page","status-publish","hentry"],"_links":{"self":[{"href":"https:\/\/www.muzejsarajeva.ba\/en\/wp-json\/wp\/v2\/pages\/4109","targetHints":{"allow":["GET"]}}],"collection":[{"href":"https:\/\/www.muzejsarajeva.ba\/en\/wp-json\/wp\/v2\/pages"}],"about":[{"href":"https:\/\/www.muzejsarajeva.ba\/en\/wp-json\/wp\/v2\/types\/page"}],"author":[{"embeddable":true,"href":"https:\/\/www.muzejsarajeva.ba\/en\/wp-json\/wp\/v2\/users\/3"}],"replies":[{"embeddable":true,"href":"https:\/\/www.muzejsarajeva.ba\/en\/wp-json\/wp\/v2\/comments?post=4109"}],"version-history":[{"count":7,"href":"https:\/\/www.muzejsarajeva.ba\/en\/wp-json\/wp\/v2\/pages\/4109\/revisions"}],"predecessor-version":[{"id":4344,"href":"https:\/\/www.muzejsarajeva.ba\/en\/wp-json\/wp\/v2\/pages\/4109\/revisions\/4344"}],"wp:attachment":[{"href":"https:\/\/www.muzejsarajeva.ba\/en\/wp-json\/wp\/v2\/media?parent=4109"}],"curies":[{"name":"wp","href":"https:\/\/api.w.org\/{rel}","templated":true}]}}